{"id":2449,"date":"2024-03-25T16:43:30","date_gmt":"2024-03-25T15:43:30","guid":{"rendered":"https:\/\/www.masdechampel.geek-tonic.dev\/tourism-ardeche\/"},"modified":"2024-03-26T09:57:49","modified_gmt":"2024-03-26T08:57:49","slug":"tourism-ardeche","status":"publish","type":"page","link":"https:\/\/masdechampel.geek-tonic.dev\/en\/tourism-ardeche\/","title":{"rendered":"The region"},"content":{"rendered":"<section id=\"ls-section-block_e3fe9bcb50c3800824d561754321bc70\" class=\"ls-section  page-one has-background has-color-4-background-color has-m-t m-t-0 has-m-b m-b-0 has-p-t p-t-14 has-p-b p-b-14\" >\r\n        <div class=\"container container--wide\">\r\n        \n\n<div class=\"wp-block-columns are-vertically-aligned-center is-layout-flex wp-container-core-columns-is-layout-1 wp-block-columns-is-layout-flex\">\n<div class=\"wp-block-column is-vertically-aligned-center animated fadeInLeft delay-100ms slow is-layout-flow wp-block-column-is-layout-flow\" style=\"flex-basis:45%\">\n<figure class=\"wp-block-image size-full\"><a href=\"https:\/\/www.masdechampel.geek-tonic.dev\/wp-content\/uploads\/sites\/9\/sites\/9\/2023\/04\/tourisme-ollieres-sur-eyrieux.webp\"><img decoding=\"async\" width=\"920\" height=\"720\" src=\"https:\/\/www.masdechampel.geek-tonic.dev\/wp-content\/uploads\/sites\/9\/sites\/9\/2023\/04\/tourisme-ollieres-sur-eyrieux.webp\" alt=\"tourism ollieres sur eyrieux\" class=\"wp-image-1326\" srcset=\"https:\/\/masdechampel.geek-tonic.dev\/wp-content\/uploads\/sites\/9\/2023\/04\/tourisme-ollieres-sur-eyrieux.webp 920w, https:\/\/masdechampel.geek-tonic.dev\/wp-content\/uploads\/sites\/9\/2023\/04\/tourisme-ollieres-sur-eyrieux-300x235.webp 300w, https:\/\/masdechampel.geek-tonic.dev\/wp-content\/uploads\/sites\/9\/2023\/04\/tourisme-ollieres-sur-eyrieux-768x601.webp 768w\" sizes=\"(max-width: 920px) 100vw, 920px\" \/><\/a><\/figure>\n<\/div>\n\n\n\n<div class=\"wp-block-column is-vertically-aligned-center animated fadeInRight slow is-layout-flow wp-block-column-is-layout-flow\" style=\"flex-basis:55%\">\n<h1 class=\"ls__heading wp-block-heading has-text-align-left\">Your holiday in the Ard\u00e8che<\/h1>\n\n\n\n<p class=\"ls-paragraph\">The <a href=\"https:\/\/www.ardeche-guide.com\/\" target=\"_blank\" rel=\"noreferrer noopener\">Ard\u00e8che<\/a> region is a haven of peace, tranquillity, nature and living cultural heritage.<\/p>\n\n\n\n<p class=\"ls-paragraph\">Discover the Chauvet cave, the Ray Pic waterfall, the prehistoric caves of Soyons, Mont Gerbier de Jonc, the Dolce Via trail, the bike rail and the Valrhona chocolate factory. Dive into the heart of authenticity!<\/p>\n\n\n\n<h2 class=\"ls__heading wp-block-heading\" id=\"ollieres-sur-eyrieux\">Visit Les Olli\u00e8res-sur-Eyrieux<\/h2>\n\n\n\n<div class=\"ls-lire-plus\">\n    <input id=\"ls-lire-plus-block_1f5003eb0c66724f4ee818410940e4ae69d36e6082a25\" type=\"checkbox\" class=\"ls-lire-plus__toggle\"  \/>\n    <label for=\"ls-lire-plus-block_1f5003eb0c66724f4ee818410940e4ae69d36e6082a25\" class=\"ls-lire-plus__toggle-label\">\n        <span>Lire plus<\/span>\n        <span>Lire moins<\/span>\n    <\/label>\n    <div class=\"ls-lire-plus__content\">\n        \n\n<p class=\"ls-paragraph\">Your vacation in the Ard\u00e8che is the perfect opportunity to <a href=\"https:\/\/www.lesollieressureyrieux.fr\/office-de-tourisme\/\" target=\"_blank\" rel=\"noreferrer noopener\">discover Les Olli\u00e8res-sur-Eyrieux<\/a>: beach facilities and swimming in the river, canoeing on the Eyrieux, Rosalie on the Dolce Via (old railroad line), open-air market on Tuesday mornings, discovering the village and its hamlets with the whole family. Just a stone&#8217;s throw from the <a href=\"https:\/\/www.masdechampel.geek-tonic.dev\/en\/\">Ard\u00e8che campsite<\/a>!<\/p>\n\n\n\n<h2 class=\"ls__heading wp-block-heading\" id=\"chalencon\">Tourism in the medieval town of Chalen\u00e7on<\/h2>\n\n\n\n<p class=\"ls-paragraph\">There&#8217;s no shortage of ideas for sightseeing and tourism during your vacations in the Ard\u00e8che!<\/p>\n\n\n\n<p class=\"ls-paragraph\"><a href=\"https:\/\/www.ardeche-buissonniere.fr\/\" target=\"_blank\" rel=\"noreferrer noopener\">Discover the charming village of Chalen\u00e7on<\/a>, south of the Vernoux plateau. There are plenty of lovely walks and strolls through the narrow streets, amidst stone buildings with mullioned windows. Everyone can admire the <strong>exceptional 360\u00b0 panoramic views over the Eyrieux valley<\/strong>.<\/p>\n\n        <div class=\"ls-lire-plus__gradient\" style=\"background: linear-gradient(to bottom,rgba(255,235,204,0) 0%,rgba(255,235,204,1) 100%);\"><\/div>\n    <\/div>\n<\/div><\/div>\n<\/div>\n\n\r\n    <\/div>\r\n<\/section><section id=\"ls-section-block_e9a8a3eb06e2702b1c2058e60de6b2d7\" class=\"ls-section  home-gallery has-background has-color-4-background-color has-m-t m-t-0 has-p-t p-t-0\" >\r\n        <div class=\"container container--full\">\r\n        \n\n<figure class=\"wp-block-gallery has-nested-images columns-1 is-cropped galerie-slider-container wp-block-gallery-1 is-layout-flex wp-block-gallery-is-layout-flex\">\n<figure class=\"wp-block-image size-large\"><a href=\"https:\/\/www.masdechampel.geek-tonic.dev\/wp-content\/uploads\/sites\/9\/sites\/9\/2023\/04\/visiter-chalecon.webp\"><img decoding=\"async\" width=\"920\" height=\"720\" src=\"https:\/\/www.masdechampel.geek-tonic.dev\/wp-content\/uploads\/sites\/9\/sites\/9\/2023\/04\/visiter-chalecon.webp\" alt=\"visit chalecon\" class=\"wp-image-1337\" srcset=\"https:\/\/masdechampel.geek-tonic.dev\/wp-content\/uploads\/sites\/9\/2023\/04\/visiter-chalecon.webp 920w, https:\/\/masdechampel.geek-tonic.dev\/wp-content\/uploads\/sites\/9\/2023\/04\/visiter-chalecon-300x235.webp 300w, https:\/\/masdechampel.geek-tonic.dev\/wp-content\/uploads\/sites\/9\/2023\/04\/visiter-chalecon-768x601.webp 768w\" sizes=\"(max-width: 920px) 100vw, 920px\" \/><\/a><\/figure>\n\n\n\n<figure class=\"wp-block-image size-large\"><a href=\"https:\/\/www.masdechampel.geek-tonic.dev\/wp-content\/uploads\/sites\/9\/sites\/9\/2023\/04\/decouvrir-ardeche.webp\"><img decoding=\"async\" width=\"920\" height=\"720\" src=\"https:\/\/www.masdechampel.geek-tonic.dev\/wp-content\/uploads\/sites\/9\/sites\/9\/2023\/04\/decouvrir-ardeche.webp\" alt=\"discover ardeche\" class=\"wp-image-1334\" srcset=\"https:\/\/masdechampel.geek-tonic.dev\/wp-content\/uploads\/sites\/9\/2023\/04\/decouvrir-ardeche.webp 920w, https:\/\/masdechampel.geek-tonic.dev\/wp-content\/uploads\/sites\/9\/2023\/04\/decouvrir-ardeche-300x235.webp 300w, https:\/\/masdechampel.geek-tonic.dev\/wp-content\/uploads\/sites\/9\/2023\/04\/decouvrir-ardeche-768x601.webp 768w\" sizes=\"(max-width: 920px) 100vw, 920px\" \/><\/a><\/figure>\n\n\n\n<figure class=\"wp-block-image size-large\"><a href=\"https:\/\/www.masdechampel.geek-tonic.dev\/wp-content\/uploads\/sites\/9\/sites\/9\/2023\/04\/visiter-mont-jerbier-joncs.webp\"><img decoding=\"async\" width=\"920\" height=\"720\" src=\"https:\/\/www.masdechampel.geek-tonic.dev\/wp-content\/uploads\/sites\/9\/sites\/9\/2023\/04\/visiter-mont-jerbier-joncs.webp\" alt=\"visit mont jerbier joncs\" class=\"wp-image-1340\" srcset=\"https:\/\/masdechampel.geek-tonic.dev\/wp-content\/uploads\/sites\/9\/2023\/04\/visiter-mont-jerbier-joncs.webp 920w, https:\/\/masdechampel.geek-tonic.dev\/wp-content\/uploads\/sites\/9\/2023\/04\/visiter-mont-jerbier-joncs-300x235.webp 300w, https:\/\/masdechampel.geek-tonic.dev\/wp-content\/uploads\/sites\/9\/2023\/04\/visiter-mont-jerbier-joncs-768x601.webp 768w\" sizes=\"(max-width: 920px) 100vw, 920px\" \/><\/a><\/figure>\n<\/figure>\n\n\r\n    <\/div>\r\n<\/section><section id=\"beauchastel\" class=\"ls-section  page-one animated fadeInUp slow  has-m-t m-t-0 has-m-b m-b-0 has-p-t p-t-0 has-p-b p-b-0\" >\r\n        <div class=\"container container--wide\">\r\n        \n\n<h2 class=\"ls__heading wp-block-heading has-text-align-center\">Visit the picturesque village of Beauchastel<\/h2>\n\n\n\n<p class=\"ls-paragraph has-text-align-center\">An idea for a family outing: a <a href=\"https:\/\/www.ardeche-guide.com\/decouvrir\/top-10-des-experiences-incontournables\/villages-caractere\/beauchastel\/\" target=\"_blank\" rel=\"noreferrer noopener\">visit to the village of Beauchastel<\/a>, perched between the Rh\u00f4ne and Eyrieux rivers.<\/p>\n\n\n\n<p class=\"ls-paragraph has-text-align-center\">In summer, enjoy the <strong>many shows and concerts<\/strong> held in the <strong>village theater<\/strong>. You&#8217;ll also enjoy strolling through the maze of alleyways!<\/p>\n\n\r\n    <\/div>\r\n<\/section><section id=\"ls-section-block_18196b79fec8c6b1c25b24b033ccc543\" class=\"ls-section  page-one aventure\" >\r\n        <div class=\"container container--wide\">\r\n        \n\n<div class=\"wp-block-columns is-layout-flex wp-container-core-columns-is-layout-2 wp-block-columns-is-layout-flex\">\n<div class=\"wp-block-column first animated fadeInLeft delay-100ms slow is-layout-flow wp-block-column-is-layout-flow\" style=\"flex-basis:45%\">\n<figure class=\"wp-block-image size-full\"><a href=\"https:\/\/www.masdechampel.geek-tonic.dev\/wp-content\/uploads\/sites\/9\/sites\/9\/2023\/04\/decouvrir-cascade-ray-pic.webp\"><img decoding=\"async\" width=\"920\" height=\"720\" src=\"https:\/\/www.masdechampel.geek-tonic.dev\/wp-content\/uploads\/sites\/9\/sites\/9\/2023\/04\/decouvrir-cascade-ray-pic.webp\" alt=\"discover cascade ray pic\" class=\"wp-image-1320\" srcset=\"https:\/\/masdechampel.geek-tonic.dev\/wp-content\/uploads\/sites\/9\/2023\/04\/decouvrir-cascade-ray-pic.webp 920w, https:\/\/masdechampel.geek-tonic.dev\/wp-content\/uploads\/sites\/9\/2023\/04\/decouvrir-cascade-ray-pic-300x235.webp 300w, https:\/\/masdechampel.geek-tonic.dev\/wp-content\/uploads\/sites\/9\/2023\/04\/decouvrir-cascade-ray-pic-768x601.webp 768w\" sizes=\"(max-width: 920px) 100vw, 920px\" \/><\/a><\/figure>\n<\/div>\n\n\n\n<div class=\"wp-block-column is-vertically-aligned-center second animated fadeInRight slow is-layout-flow wp-block-column-is-layout-flow\" style=\"flex-basis:55%\">\n<h2 class=\"ls__heading wp-block-heading has-text-align-left\" id=\"soyons\">Discover the heritage of the prehistoric caves of Soyons<\/h2>\n\n\n\n<p class=\"ls-paragraph\">On the list of things to do in the Ard\u00e8che region: the two <a href=\"https:\/\/www.grottes-musee-soyons.fr\/\" target=\"_blank\" rel=\"noreferrer noopener\">fairytale caves in Soyons<\/a>!<\/p>\n\n\n\n<p class=\"ls-paragraph\">A <strong>first prehistoric cave<\/strong> frequented by Neanderthal man and a second with <strong>limestone concretions<\/strong> (stalactites, stalagmites, etc.). At the end of the tour, you&#8217;ll discover the archaeological museum. A site for the whole family to discover during your stay in the Ard\u00e8che!<\/p>\n\n\n\n<h2 class=\"ls__heading wp-block-heading has-text-align-left\" id=\"ray-pic\">Cascade du Ray Pic, a natural volcanic site<\/h2>\n\n\n\n<p class=\"ls-paragraph\">A site to visit in the heart of the Monts d&#8217;Ard\u00e8che Nature Park, a haven of coolness to discover with the kids: <strong>the Cascade du Ray Pic<\/strong>. Put on the right shoes and spend 15 minutes descending the multitude of stairs.<\/p>\n\n\n\n<p class=\"ls-paragraph\">The last lookout offers a <strong>breathtakingly beautiful<\/strong> <strong>view of<\/strong> pure waterfalls tumbling down volcanic organs!<\/p>\n<\/div>\n<\/div>\n\n\r\n    <\/div>\r\n<\/section><section id=\"mont-gerbier-de-jonc\" class=\"ls-section  page-one animated fadeInUp slow  has-m-t m-t-0 has-m-b m-b-0 has-p-t p-t-0 has-p-b p-b-6\" >\r\n        <div class=\"container container--wide\">\r\n        \n\n<h2 class=\"ls__heading wp-block-heading has-text-align-center\">A nature walk on Mont Gerbier de Jonc<\/h2>\n\n\n\n<p class=\"ls-paragraph has-text-align-center\">A family vacation in the Ard\u00e8che buissonni\u00e8re!<\/p>\n\n\n\n<p class=\"ls-paragraph has-text-align-center\"><a href=\"https:\/\/www.gerbier-de-jonc.fr\/FR\/home.html\" target=\"_blank\" rel=\"noreferrer noopener\">Mont Gerbier de Jonc<\/a>, an ancient <strong>Ard\u00e8che volcano<\/strong> with a peak of 1,551 m, is where the Loire River rises. From the <strong>volcano&#8217;s summit<\/strong>, you can enjoy a breathtaking <strong>360\u00b0 view<\/strong>! Spotlight on Mont Ventoux, the Alps and the Haute-Loire mountains.<\/p>\n\n\r\n    <\/div>\r\n<\/section><section id=\"ls-section-block_d21dbdae0acc66410502322fef761006\" class=\"ls-section  page-one has-background has-color-4-background-color has-m-b m-b-0 has-p-t p-t-14\" >\r\n        <div class=\"container container--wide\">\r\n        \n\n<div class=\"wp-block-columns are-vertically-aligned-center is-layout-flex wp-container-core-columns-is-layout-3 wp-block-columns-is-layout-flex\">\n<div class=\"wp-block-column is-vertically-aligned-center first animated fadeInLeft slow is-layout-flow wp-block-column-is-layout-flow\" style=\"flex-basis:55%\">\n<h2 class=\"ls__heading wp-block-heading\" id=\"valrhona\">A gourmet moment at the Valrhona Chocolate City<\/h2>\n\n\n\n<p class=\"ls-paragraph\">Do you love chocolate? Then don&#8217;t miss a <a href=\"https:\/\/www.citeduchocolat.com\/\" target=\"_blank\" rel=\"noreferrer noopener\">visit to the Mus\u00e9e du Chocolat, the Cit\u00e9 du Chocolat Valrhona in Ard\u00e8che<\/a>!<\/p>\n\n\n\n<p class=\"ls-paragraph\">Take the whole family behind the scenes at Le Grand Chocolat and take part in interactive, gourmet tours and chocolate-related activities for all. Manufacturing secrets, know-how and, of course, a tasting session to round off the visit!<\/p>\n\n\n\n<h2 class=\"ls__heading wp-block-heading\" id=\"grotte-chauvet\">The not-to-be-missed Chauvet cave site<\/h2>\n\n\n\n<p class=\"ls-paragraph\">Vallon-Pont-d&#8217;Arc is the perfect setting for a timeless nature tour!<br\/><a href=\"https:\/\/www.grottechauvet2ardeche.com\/\" target=\"_blank\" rel=\"noreferrer noopener\">The Grotte Chauvet<\/a>, or rather an astonishing and fascinating <strong>replica <\/strong>of <strong>wall paintings over 36,000 years old<\/strong>, is an ornate cave from the Paleolithic period. Visit the <strong>Aurignacian gallery<\/strong>, a <strong>playful space<\/strong> with activities for all!<\/p>\n<\/div>\n\n\n\n<div class=\"wp-block-column is-vertically-aligned-center second animated fadeInRight delay-100ms slow is-layout-flow wp-block-column-is-layout-flow\" style=\"flex-basis:45%\">\n<figure class=\"wp-block-image size-full\"><a href=\"https:\/\/www.masdechampel.geek-tonic.dev\/wp-content\/uploads\/sites\/9\/sites\/9\/2023\/04\/camping-laverie-les-ollieres-sur-eyrieux.webp\"><img decoding=\"async\" width=\"920\" height=\"720\" src=\"https:\/\/www.masdechampel.geek-tonic.dev\/wp-content\/uploads\/sites\/9\/sites\/9\/2023\/04\/camping-laverie-les-ollieres-sur-eyrieux.webp\" alt=\"camping laverie les ollieres sur eyrieux\" class=\"wp-image-1124\" srcset=\"https:\/\/masdechampel.geek-tonic.dev\/wp-content\/uploads\/sites\/9\/2023\/04\/camping-laverie-les-ollieres-sur-eyrieux.webp 920w, https:\/\/masdechampel.geek-tonic.dev\/wp-content\/uploads\/sites\/9\/2023\/04\/camping-laverie-les-ollieres-sur-eyrieux-300x235.webp 300w, https:\/\/masdechampel.geek-tonic.dev\/wp-content\/uploads\/sites\/9\/2023\/04\/camping-laverie-les-ollieres-sur-eyrieux-768x601.webp 768w\" sizes=\"(max-width: 920px) 100vw, 920px\" \/><\/a><\/figure>\n<\/div>\n<\/div>\n\n\r\n    <\/div>\r\n<\/section><section id=\"ls-section-block_96d2aaf1c5a410cdb3d4c9d5a5254bb0\" class=\"ls-section  page-maillage experience\" >\r\n        <div class=\"container container--wide\">\r\n        \n\n<div id=\"ls-heading ls-titre-div-block_aa838f8fd572a352caea9858be0b967b\" class=\"ls-titre-div aligncenter h2-like\" >\n    Discover our accommodations and the riverside<\/div>\n\n\n<div id=\"ls-maillage-block_49ea37d6b00515d3bec08b26b078ea53\" class=\"ls-maillage cta-style-normal\" data-rows=\"3\">\n    <div class=\"wp-block-columns\"><div class=\"wp-block-column\"><div id=\"destinations\" class=\"ls-cta\">\n\n<a href=\"https:\/\/masdechampel.geek-tonic.dev\/en\/rental-mobil-home-les-ollieres-sur-eyrieux\/\" target=\"\" rel=\"noopener\" class=\"ls-cta__link\">\n\n\t<div class=\"ls-cta__image\"><img decoding=\"async\" src=\"https:\/\/masdechampel.geek-tonic.dev\/wp-content\/uploads\/sites\/9\/2023\/04\/location-insolite-les-ollieres-sur-eyrieux.webp\" alt=\"unusual rental les ollieres sur eyrieux\"><\/div>\n\t<div class=\"ls-cta__title\">\n\t\tMobile homes\t<\/div>\n\n\t\t\n<\/a><\/div><\/div><div class=\"wp-block-column\"><div id=\"destinations\" class=\"ls-cta\">\n\n<a href=\"https:\/\/masdechampel.geek-tonic.dev\/en\/rent-pitch-les-ollieres-sur-eyrieux\/\" target=\"\" rel=\"noopener\" class=\"ls-cta__link\">\n\n\t<div class=\"ls-cta__image\"><img decoding=\"async\" src=\"https:\/\/masdechampel.geek-tonic.dev\/wp-content\/uploads\/sites\/9\/2023\/04\/location-emplacement-les-ollieres-sur-eyrieux.webp\" alt=\"pitch rental les ollieres sur eyrieux\"><\/div>\n\t<div class=\"ls-cta__title\">\n\t\tPitches\t<\/div>\n\n\t\t\n<\/a><\/div><\/div><div class=\"wp-block-column\"><div id=\"destinations\" class=\"ls-cta\">\n\n<a href=\"https:\/\/masdechampel.geek-tonic.dev\/en\/campsite-riverside-les-ollieres-sur-eyrieux\/\" target=\"\" rel=\"noopener\" class=\"ls-cta__link\">\n\n\t<div class=\"ls-cta__image\"><img decoding=\"async\" src=\"https:\/\/masdechampel.geek-tonic.dev\/wp-content\/uploads\/sites\/9\/2023\/04\/locatif-bord-riviere-ardeche.webp\" alt=\"rental bord riviere ardeche\"><\/div>\n\t<div class=\"ls-cta__title\">\n\t\tRiverside\t<\/div>\n\n\t\t\n<\/a><\/div><\/div><\/div><\/div>\n\r\n    <\/div>\r\n<\/section>","protected":false},"excerpt":{"rendered":"","protected":false},"author":1,"featured_media":1303,"parent":0,"menu_order":0,"comment_status":"closed","ping_status":"closed","template":"","meta":{"_acf_changed":false,"footnotes":""},"sujet":[],"class_list":["post-2449","page","type-page","status-publish","has-post-thumbnail","hentry"],"acf":[],"yoast_head":"<!-- This site is optimized with the Yoast SEO plugin v23.9 - https:\/\/yoast.com\/wordpress\/plugins\/seo\/ -->\n<title>Tourism in Ardeche | Visits and activities to do in Ardeche<\/title>\n<meta name=\"robots\" content=\"noindex, follow, max-snippet:-1, max-image-preview:large, max-video-preview:-1\" \/>\n<meta property=\"og:locale\" content=\"en_US\" \/>\n<meta property=\"og:type\" content=\"article\" \/>\n<meta property=\"og:title\" content=\"Tourism in Ardeche | Visits and activities to do in Ardeche\" \/>\n<meta property=\"og:url\" content=\"https:\/\/masdechampel.geek-tonic.dev\/en\/tourism-ardeche\/\" \/>\n<meta property=\"og:site_name\" content=\"Le Mas de Champel\" \/>\n<meta property=\"article:modified_time\" content=\"2024-03-26T08:57:49+00:00\" \/>\n<meta property=\"og:image\" content=\"https:\/\/masdechampel.geek-tonic.dev\/wp-content\/uploads\/sites\/9\/2023\/04\/tourisme-ardeche.webp\" \/>\n\t<meta property=\"og:image:width\" content=\"1903\" \/>\n\t<meta property=\"og:image:height\" content=\"550\" \/>\n\t<meta property=\"og:image:type\" content=\"image\/webp\" \/>\n<meta name=\"twitter:card\" content=\"summary_large_image\" \/>\n<meta name=\"twitter:label1\" content=\"Est. reading time\" \/>\n\t<meta name=\"twitter:data1\" content=\"3 minutes\" \/>\n<script type=\"application\/ld+json\" class=\"yoast-schema-graph\">{\"@context\":\"https:\/\/schema.org\",\"@graph\":[{\"@type\":\"WebPage\",\"@id\":\"https:\/\/masdechampel.geek-tonic.dev\/en\/tourism-ardeche\/\",\"url\":\"https:\/\/masdechampel.geek-tonic.dev\/en\/tourism-ardeche\/\",\"name\":\"Tourism in Ardeche | Visits and activities to do in Ardeche\",\"isPartOf\":{\"@id\":\"https:\/\/masdechampel.geek-tonic.dev\/en\/#website\"},\"primaryImageOfPage\":{\"@id\":\"https:\/\/masdechampel.geek-tonic.dev\/en\/tourism-ardeche\/#primaryimage\"},\"image\":{\"@id\":\"https:\/\/masdechampel.geek-tonic.dev\/en\/tourism-ardeche\/#primaryimage\"},\"thumbnailUrl\":\"https:\/\/masdechampel.geek-tonic.dev\/wp-content\/uploads\/sites\/9\/2023\/04\/tourisme-ardeche.webp\",\"datePublished\":\"2024-03-25T15:43:30+00:00\",\"dateModified\":\"2024-03-26T08:57:49+00:00\",\"breadcrumb\":{\"@id\":\"https:\/\/masdechampel.geek-tonic.dev\/en\/tourism-ardeche\/#breadcrumb\"},\"inLanguage\":\"en-US\",\"potentialAction\":[{\"@type\":\"ReadAction\",\"target\":[\"https:\/\/masdechampel.geek-tonic.dev\/en\/tourism-ardeche\/\"]}]},{\"@type\":\"ImageObject\",\"inLanguage\":\"en-US\",\"@id\":\"https:\/\/masdechampel.geek-tonic.dev\/en\/tourism-ardeche\/#primaryimage\",\"url\":\"https:\/\/masdechampel.geek-tonic.dev\/wp-content\/uploads\/sites\/9\/2023\/04\/tourisme-ardeche.webp\",\"contentUrl\":\"https:\/\/masdechampel.geek-tonic.dev\/wp-content\/uploads\/sites\/9\/2023\/04\/tourisme-ardeche.webp\",\"width\":1903,\"height\":550,\"caption\":\"ardeche tourism\"},{\"@type\":\"BreadcrumbList\",\"@id\":\"https:\/\/masdechampel.geek-tonic.dev\/en\/tourism-ardeche\/#breadcrumb\",\"itemListElement\":[{\"@type\":\"ListItem\",\"position\":1,\"name\":\"Camping Ard\u00e8che\",\"item\":\"https:\/\/masdechampel.geek-tonic.dev\/en\/\"},{\"@type\":\"ListItem\",\"position\":2,\"name\":\"Discover the Ard\u00e8che\"}]},{\"@type\":\"WebSite\",\"@id\":\"https:\/\/masdechampel.geek-tonic.dev\/en\/#website\",\"url\":\"https:\/\/masdechampel.geek-tonic.dev\/en\/\",\"name\":\"Le Mas de Champel\",\"description\":\"\",\"publisher\":{\"@id\":\"https:\/\/masdechampel.geek-tonic.dev\/en\/#organization\"},\"potentialAction\":[{\"@type\":\"SearchAction\",\"target\":{\"@type\":\"EntryPoint\",\"urlTemplate\":\"https:\/\/masdechampel.geek-tonic.dev\/en\/?s={search_term_string}\"},\"query-input\":{\"@type\":\"PropertyValueSpecification\",\"valueRequired\":true,\"valueName\":\"search_term_string\"}}],\"inLanguage\":\"en-US\"},{\"@type\":\"Organization\",\"@id\":\"https:\/\/masdechampel.geek-tonic.dev\/en\/#organization\",\"name\":\"Le Mas de Champel\",\"url\":\"https:\/\/masdechampel.geek-tonic.dev\/en\/\",\"logo\":{\"@type\":\"ImageObject\",\"inLanguage\":\"en-US\",\"@id\":\"https:\/\/masdechampel.geek-tonic.dev\/en\/#\/schema\/logo\/image\/\",\"url\":\"https:\/\/masdechampel.geek-tonic.dev\/wp-content\/uploads\/sites\/9\/2023\/03\/cropped-logo-Flower-camping-Le-Mas-de-Champel.png\",\"contentUrl\":\"https:\/\/masdechampel.geek-tonic.dev\/wp-content\/uploads\/sites\/9\/2023\/03\/cropped-logo-Flower-camping-Le-Mas-de-Champel.png\",\"width\":500,\"height\":660,\"caption\":\"Le Mas de Champel\"},\"image\":{\"@id\":\"https:\/\/masdechampel.geek-tonic.dev\/en\/#\/schema\/logo\/image\/\"}}]}<\/script>\n<!-- \/ Yoast SEO plugin. -->","yoast_head_json":{"title":"Tourism in Ardeche | Visits and activities to do in Ardeche","robots":{"index":"noindex","follow":"follow","max-snippet":"max-snippet:-1","max-image-preview":"max-image-preview:large","max-video-preview":"max-video-preview:-1"},"og_locale":"en_US","og_type":"article","og_title":"Tourism in Ardeche | Visits and activities to do in Ardeche","og_url":"https:\/\/masdechampel.geek-tonic.dev\/en\/tourism-ardeche\/","og_site_name":"Le Mas de Champel","article_modified_time":"2024-03-26T08:57:49+00:00","og_image":[{"width":1903,"height":550,"url":"https:\/\/masdechampel.geek-tonic.dev\/wp-content\/uploads\/sites\/9\/2023\/04\/tourisme-ardeche.webp","type":"image\/webp"}],"twitter_card":"summary_large_image","twitter_misc":{"Est. reading time":"3 minutes"},"schema":{"@context":"https:\/\/schema.org","@graph":[{"@type":"WebPage","@id":"https:\/\/masdechampel.geek-tonic.dev\/en\/tourism-ardeche\/","url":"https:\/\/masdechampel.geek-tonic.dev\/en\/tourism-ardeche\/","name":"Tourism in Ardeche | Visits and activities to do in Ardeche","isPartOf":{"@id":"https:\/\/masdechampel.geek-tonic.dev\/en\/#website"},"primaryImageOfPage":{"@id":"https:\/\/masdechampel.geek-tonic.dev\/en\/tourism-ardeche\/#primaryimage"},"image":{"@id":"https:\/\/masdechampel.geek-tonic.dev\/en\/tourism-ardeche\/#primaryimage"},"thumbnailUrl":"https:\/\/masdechampel.geek-tonic.dev\/wp-content\/uploads\/sites\/9\/2023\/04\/tourisme-ardeche.webp","datePublished":"2024-03-25T15:43:30+00:00","dateModified":"2024-03-26T08:57:49+00:00","breadcrumb":{"@id":"https:\/\/masdechampel.geek-tonic.dev\/en\/tourism-ardeche\/#breadcrumb"},"inLanguage":"en-US","potentialAction":[{"@type":"ReadAction","target":["https:\/\/masdechampel.geek-tonic.dev\/en\/tourism-ardeche\/"]}]},{"@type":"ImageObject","inLanguage":"en-US","@id":"https:\/\/masdechampel.geek-tonic.dev\/en\/tourism-ardeche\/#primaryimage","url":"https:\/\/masdechampel.geek-tonic.dev\/wp-content\/uploads\/sites\/9\/2023\/04\/tourisme-ardeche.webp","contentUrl":"https:\/\/masdechampel.geek-tonic.dev\/wp-content\/uploads\/sites\/9\/2023\/04\/tourisme-ardeche.webp","width":1903,"height":550,"caption":"ardeche tourism"},{"@type":"BreadcrumbList","@id":"https:\/\/masdechampel.geek-tonic.dev\/en\/tourism-ardeche\/#breadcrumb","itemListElement":[{"@type":"ListItem","position":1,"name":"Camping Ard\u00e8che","item":"https:\/\/masdechampel.geek-tonic.dev\/en\/"},{"@type":"ListItem","position":2,"name":"Discover the Ard\u00e8che"}]},{"@type":"WebSite","@id":"https:\/\/masdechampel.geek-tonic.dev\/en\/#website","url":"https:\/\/masdechampel.geek-tonic.dev\/en\/","name":"Le Mas de Champel","description":"","publisher":{"@id":"https:\/\/masdechampel.geek-tonic.dev\/en\/#organization"},"potentialAction":[{"@type":"SearchAction","target":{"@type":"EntryPoint","urlTemplate":"https:\/\/masdechampel.geek-tonic.dev\/en\/?s={search_term_string}"},"query-input":{"@type":"PropertyValueSpecification","valueRequired":true,"valueName":"search_term_string"}}],"inLanguage":"en-US"},{"@type":"Organization","@id":"https:\/\/masdechampel.geek-tonic.dev\/en\/#organization","name":"Le Mas de Champel","url":"https:\/\/masdechampel.geek-tonic.dev\/en\/","logo":{"@type":"ImageObject","inLanguage":"en-US","@id":"https:\/\/masdechampel.geek-tonic.dev\/en\/#\/schema\/logo\/image\/","url":"https:\/\/masdechampel.geek-tonic.dev\/wp-content\/uploads\/sites\/9\/2023\/03\/cropped-logo-Flower-camping-Le-Mas-de-Champel.png","contentUrl":"https:\/\/masdechampel.geek-tonic.dev\/wp-content\/uploads\/sites\/9\/2023\/03\/cropped-logo-Flower-camping-Le-Mas-de-Champel.png","width":500,"height":660,"caption":"Le Mas de Champel"},"image":{"@id":"https:\/\/masdechampel.geek-tonic.dev\/en\/#\/schema\/logo\/image\/"}}]}},"_links":{"self":[{"href":"https:\/\/masdechampel.geek-tonic.dev\/en\/wp-json\/wp\/v2\/pages\/2449","targetHints":{"allow":["GET"]}}],"collection":[{"href":"https:\/\/masdechampel.geek-tonic.dev\/en\/wp-json\/wp\/v2\/pages"}],"about":[{"href":"https:\/\/masdechampel.geek-tonic.dev\/en\/wp-json\/wp\/v2\/types\/page"}],"author":[{"embeddable":true,"href":"https:\/\/masdechampel.geek-tonic.dev\/en\/wp-json\/wp\/v2\/users\/1"}],"replies":[{"embeddable":true,"href":"https:\/\/masdechampel.geek-tonic.dev\/en\/wp-json\/wp\/v2\/comments?post=2449"}],"version-history":[{"count":2,"href":"https:\/\/masdechampel.geek-tonic.dev\/en\/wp-json\/wp\/v2\/pages\/2449\/revisions"}],"predecessor-version":[{"id":2721,"href":"https:\/\/masdechampel.geek-tonic.dev\/en\/wp-json\/wp\/v2\/pages\/2449\/revisions\/2721"}],"wp:featuredmedia":[{"embeddable":true,"href":"https:\/\/masdechampel.geek-tonic.dev\/en\/wp-json\/wp\/v2\/media\/1303"}],"wp:attachment":[{"href":"https:\/\/masdechampel.geek-tonic.dev\/en\/wp-json\/wp\/v2\/media?parent=2449"}],"wp:term":[{"taxonomy":"sujet","embeddable":true,"href":"https:\/\/masdechampel.geek-tonic.dev\/en\/wp-json\/wp\/v2\/sujet?post=2449"}],"curies":[{"name":"wp","href":"https:\/\/api.w.org\/{rel}","templated":true}]}}