{"id":2619,"date":"2024-03-26T09:34:41","date_gmt":"2024-03-26T08:34:41","guid":{"rendered":"https:\/\/www.masdechampel.geek-tonic.dev\/campingplatz-gruppe-les-ollieres-sur-eyrieux\/"},"modified":"2024-03-26T09:34:42","modified_gmt":"2024-03-26T08:34:42","slug":"campingplatz-gruppe-les-ollieres-sur-eyrieux","status":"publish","type":"page","link":"https:\/\/masdechampel.geek-tonic.dev\/de\/campingplatz-gruppe-les-ollieres-sur-eyrieux\/","title":{"rendered":"Gruppen"},"content":{"rendered":"<section id=\"ls-section-block_375868bc3adf29b0c3ca152a8105bf84\" class=\"ls-section  page-one has-background has-color-4-background-color has-m-t m-t-0 has-m-b m-b-0 has-p-t p-t-14 has-p-b p-b-14\" >\r\n        <div class=\"container container--wide\">\r\n        \n\n<div class=\"wp-block-columns are-vertically-aligned-center is-layout-flex wp-container-core-columns-is-layout-1 wp-block-columns-is-layout-flex\">\n<div class=\"wp-block-column is-vertically-aligned-center animated fadeInLeft delay-100ms slow is-layout-flow wp-block-column-is-layout-flow\" style=\"flex-basis:45%\">\n<figure class=\"wp-block-image size-full\"><a href=\"https:\/\/www.masdechampel.geek-tonic.dev\/wp-content\/uploads\/sites\/9\/sites\/9\/2023\/04\/mobil-home-groupe-les-ollieres-sur-eyrieux.webp\"><img decoding=\"async\" width=\"920\" height=\"720\" src=\"https:\/\/www.masdechampel.geek-tonic.dev\/wp-content\/uploads\/sites\/9\/sites\/9\/2023\/04\/mobil-home-groupe-les-ollieres-sur-eyrieux.webp\" alt=\"mobil home groupe les ollieres sur eyrieux\" class=\"wp-image-1222\" srcset=\"https:\/\/masdechampel.geek-tonic.dev\/wp-content\/uploads\/sites\/9\/2023\/04\/mobil-home-groupe-les-ollieres-sur-eyrieux.webp 920w, https:\/\/masdechampel.geek-tonic.dev\/wp-content\/uploads\/sites\/9\/2023\/04\/mobil-home-groupe-les-ollieres-sur-eyrieux-300x235.webp 300w, https:\/\/masdechampel.geek-tonic.dev\/wp-content\/uploads\/sites\/9\/2023\/04\/mobil-home-groupe-les-ollieres-sur-eyrieux-768x601.webp 768w\" sizes=\"(max-width: 920px) 100vw, 920px\" \/><\/a><\/figure>\n<\/div>\n\n\n\n<div class=\"wp-block-column is-vertically-aligned-center animated fadeInRight slow is-layout-flow wp-block-column-is-layout-flow\" style=\"flex-basis:55%\">\n<h1 class=\"ls__heading wp-block-heading has-text-align-left\">Gruppencamping in Les Olli\u00e8res-sur-Eyrieux<\/h1>\n\n\n\n<h2 class=\"ls__heading wp-block-heading\">Unsere Gruppenpakete<\/h2>\n\n\n\n<p class=\"ls-paragraph\">M\u00f6chten Sie die <strong>Sch\u00e4tze der Ard\u00e8che<\/strong> im Rahmen einer Gruppenreise entdecken?<\/p>\n\n\n\n<p class=\"ls-paragraph\">Ihr Gruppencampingplatz Mas de Champel ist der ideale Ort f\u00fcr Besichtigungen. Wenn Sie und Ihre Freunde die gleiche Leidenschaft f\u00fcr die Natur und den Sport teilen, bietet das Camping f\u00fcr Veranstaltungen in der Ard\u00e8che Ihrer <strong>Gruppe einen herzlichen Empfang<\/strong>. Geburtstagsfeiern, Firmenseminare, Sporturlaube f\u00fcr Gruppen. Auf dem <a href=\"https:\/\/www.masdechampel.geek-tonic.dev\/de\/\">Campingplatz Les Olli\u00e8res-sur-Eyrieux<\/a> ist Platz f\u00fcr alle und <strong>bis zu 500 Personen<\/strong>!  <\/p>\n\n\n\n<p class=\"ls-paragraph\">Gen\u00fcgend Platz zum Parken, Versammeln, Feiern, usw. Sie werden alle verf\u00fcgbaren Einrichtungen und Dienstleistungen sowie eine funktionelle und sehr komfortable Unterkunft genie\u00dfen. Auf Anfrage werden <strong>auch Mahlzeiten f\u00fcr Gruppen angeboten<\/strong>. Le Mas de Champel bietet eine Reihe von <strong>Pauschalangeboten<\/strong>, die Ihren Bed\u00fcrfnissen entsprechen. M\u00f6chten Sie unsere Preise erfahren? Fragen Sie uns direkt nach einem Angebot.<\/p>\n<\/div>\n<\/div>\n\n\r\n    <\/div>\r\n<\/section><section id=\"ls-section-block_85bc3f531c2062ee1e6ba41baf531dc5\" class=\"ls-section  home-gallery has-background has-color-4-background-color has-m-t m-t-0 has-p-t p-t-0\" >\r\n        <div class=\"container container--full\">\r\n        \n\n<figure class=\"wp-block-gallery has-nested-images columns-1 is-cropped galerie-slider-container wp-block-gallery-1 is-layout-flex wp-block-gallery-is-layout-flex\">\n<figure class=\"wp-block-image size-full\"><a href=\"https:\/\/www.masdechampel.geek-tonic.dev\/wp-content\/uploads\/sites\/9\/sites\/9\/2024\/03\/camping-groupe-ardeche-piscine.webp\"><img decoding=\"async\" width=\"920\" height=\"720\" src=\"https:\/\/www.masdechampel.geek-tonic.dev\/wp-content\/uploads\/sites\/9\/sites\/9\/2024\/03\/camping-groupe-ardeche-piscine.webp\" alt=\"camping groupe ardeche piscine\" class=\"wp-image-2356\" srcset=\"https:\/\/masdechampel.geek-tonic.dev\/wp-content\/uploads\/sites\/9\/2024\/03\/camping-groupe-ardeche-piscine.webp 920w, https:\/\/masdechampel.geek-tonic.dev\/wp-content\/uploads\/sites\/9\/2024\/03\/camping-groupe-ardeche-piscine-300x235.webp 300w, https:\/\/masdechampel.geek-tonic.dev\/wp-content\/uploads\/sites\/9\/2024\/03\/camping-groupe-ardeche-piscine-768x601.webp 768w\" sizes=\"(max-width: 920px) 100vw, 920px\" \/><\/a><\/figure>\n\n\n\n<figure class=\"wp-block-image size-large\"><a href=\"https:\/\/www.masdechampel.geek-tonic.dev\/wp-content\/uploads\/sites\/9\/sites\/9\/2023\/04\/restaurant-groupe-les-ollieres-sur-eyrieux.webp\"><img decoding=\"async\" width=\"920\" height=\"720\" src=\"https:\/\/www.masdechampel.geek-tonic.dev\/wp-content\/uploads\/sites\/9\/sites\/9\/2023\/04\/restaurant-groupe-les-ollieres-sur-eyrieux.webp\" alt=\"restaurant groupe les ollieres sur eyrieux\" class=\"wp-image-1225\" srcset=\"https:\/\/masdechampel.geek-tonic.dev\/wp-content\/uploads\/sites\/9\/2023\/04\/restaurant-groupe-les-ollieres-sur-eyrieux.webp 920w, https:\/\/masdechampel.geek-tonic.dev\/wp-content\/uploads\/sites\/9\/2023\/04\/restaurant-groupe-les-ollieres-sur-eyrieux-300x235.webp 300w, https:\/\/masdechampel.geek-tonic.dev\/wp-content\/uploads\/sites\/9\/2023\/04\/restaurant-groupe-les-ollieres-sur-eyrieux-768x601.webp 768w\" sizes=\"(max-width: 920px) 100vw, 920px\" \/><\/a><\/figure>\n\n\n\n<figure class=\"wp-block-image size-large\"><a href=\"https:\/\/www.masdechampel.geek-tonic.dev\/wp-content\/uploads\/sites\/9\/sites\/9\/2023\/04\/mobil-home-groupe-ardeche.webp\"><img decoding=\"async\" width=\"920\" height=\"720\" src=\"https:\/\/www.masdechampel.geek-tonic.dev\/wp-content\/uploads\/sites\/9\/sites\/9\/2023\/04\/mobil-home-groupe-ardeche.webp\" alt=\"mobil home groupe ardeche\" class=\"wp-image-1219\" srcset=\"https:\/\/masdechampel.geek-tonic.dev\/wp-content\/uploads\/sites\/9\/2023\/04\/mobil-home-groupe-ardeche.webp 920w, https:\/\/masdechampel.geek-tonic.dev\/wp-content\/uploads\/sites\/9\/2023\/04\/mobil-home-groupe-ardeche-300x235.webp 300w, https:\/\/masdechampel.geek-tonic.dev\/wp-content\/uploads\/sites\/9\/2023\/04\/mobil-home-groupe-ardeche-768x601.webp 768w\" sizes=\"(max-width: 920px) 100vw, 920px\" \/><\/a><\/figure>\n<\/figure>\n\n\r\n    <\/div>\r\n<\/section><section id=\"ls-section-block_3f17d286eba77c7d0b3534abb3548fc0\" class=\"ls-section  page-one aventure\" >\r\n        <div class=\"container container--wide\">\r\n        \n\n<div class=\"wp-block-columns is-layout-flex wp-container-core-columns-is-layout-2 wp-block-columns-is-layout-flex\">\n<div class=\"wp-block-column first animated fadeInLeft delay-100ms slow is-layout-flow wp-block-column-is-layout-flow\" style=\"flex-basis:45%\">\n<figure class=\"wp-block-image size-full\"><a href=\"https:\/\/www.masdechampel.geek-tonic.dev\/wp-content\/uploads\/sites\/9\/sites\/9\/2023\/04\/camping-accueil-groupe-les-ollieres-sur-eyrieux.webp\"><img decoding=\"async\" width=\"920\" height=\"720\" src=\"https:\/\/www.masdechampel.geek-tonic.dev\/wp-content\/uploads\/sites\/9\/sites\/9\/2023\/04\/camping-accueil-groupe-les-ollieres-sur-eyrieux.webp\" alt=\"camping accueil groupe les ollieres sur eyrieux\" class=\"wp-image-1228\" srcset=\"https:\/\/masdechampel.geek-tonic.dev\/wp-content\/uploads\/sites\/9\/2023\/04\/camping-accueil-groupe-les-ollieres-sur-eyrieux.webp 920w, https:\/\/masdechampel.geek-tonic.dev\/wp-content\/uploads\/sites\/9\/2023\/04\/camping-accueil-groupe-les-ollieres-sur-eyrieux-300x235.webp 300w, https:\/\/masdechampel.geek-tonic.dev\/wp-content\/uploads\/sites\/9\/2023\/04\/camping-accueil-groupe-les-ollieres-sur-eyrieux-768x601.webp 768w\" sizes=\"(max-width: 920px) 100vw, 920px\" \/><\/a><\/figure>\n<\/div>\n\n\n\n<div class=\"wp-block-column is-vertically-aligned-center second animated fadeInRight slow is-layout-flow wp-block-column-is-layout-flow\" style=\"flex-basis:55%\">\n<h2 class=\"ls__heading wp-block-heading has-text-align-left\">Profitieren Sie von unseren CSE-Formeln<\/h2>\n\n\n\n<p class=\"ls-paragraph\">Im Herzen der Landschaft der Ard\u00e8che bietet der Gruppencampingplatz Mas de Champel <strong>CSE-Pakete<\/strong> an.<\/p>\n\n\n\n<p class=\"ls-paragraph\">M\u00f6chten Sie <strong>Ihren Beg\u00fcnstigten und Mitarbeitern Vorzugspreise<\/strong> anbieten?<\/p>\n\n\n\n<p class=\"ls-paragraph\">Der 4-Sterne-Campingplatz Les Olli\u00e8res-sur-Eyrieux in der Ard\u00e8che bietet Ihnen einen unvergesslichen Urlaub in einem privilegierten Rahmen, der sich auf Werte wie Authentizit\u00e4t, Natur, Geselligkeit und Weite st\u00fctzt, und setzt alles daran, Ihnen einen au\u00dfergew\u00f6hnlichen Gruppenurlaub zu erm\u00f6glichen.<\/p>\n\n\n\n<p class=\"ls-paragraph\">Mit den <strong>CSE-Formeln<\/strong> k\u00f6nnen Sie Ihren Gruppenurlaub ganz nach Ihren Bed\u00fcrfnissen gestalten, ohne jegliche Einschr\u00e4nkungen! Der Campingplatz steht zu Ihrer Verf\u00fcgung, um Ihnen einen <strong>Vorschlag<\/strong> zu machen, <strong>der Ihren Bed\u00fcrfnissen entspricht<\/strong>.<\/p>\n<\/div>\n<\/div>\n\n\r\n    <\/div>\r\n<\/section><section id=\"ls-section-block_16c13c04b2d0b62db4116310fea51c71\" class=\"ls-section  page-maillage experience\" >\r\n        <div class=\"container container--wide\">\r\n        \n\n<div id=\"ls-heading ls-titre-div-block_1cecf3469165492b55e9ec8632a2a3b2\" class=\"ls-titre-div aligncenter h2-like\" >\n    Entdecken Sie unser Restaurant, Aktivit\u00e4ten und Unterk\u00fcnfte<\/div>\n\n\n<div id=\"ls-maillage-block_42d0c3d10e070a14a95cdf23054fb3e7\" class=\"ls-maillage cta-style-normal\" data-rows=\"3\">\n    <div class=\"wp-block-columns\"><div class=\"wp-block-column\"><div id=\"destinations\" class=\"ls-cta\">\n\n<a href=\"https:\/\/masdechampel.geek-tonic.dev\/de\/wiederherstellung-les-ollieres-sur-eyrieux\/\" target=\"\" rel=\"noopener\" class=\"ls-cta__link\">\n\n\t<div class=\"ls-cta__image\"><img decoding=\"async\" src=\"https:\/\/masdechampel.geek-tonic.dev\/wp-content\/uploads\/sites\/9\/2023\/04\/snack-bar-ardeche.webp\" alt=\"Imbissstube Ardeche\"><\/div>\n\t<div class=\"ls-cta__title\">\n\t\tRestaurant\t<\/div>\n\n\t\t\n<\/a><\/div><\/div><div class=\"wp-block-column\"><div id=\"destinations\" class=\"ls-cta\">\n\n<a href=\"https:\/\/masdechampel.geek-tonic.dev\/de\/miet-mobil-home-les-ollieres-sur-eyrieux\/\" target=\"\" rel=\"noopener\" class=\"ls-cta__link\">\n\n\t<div class=\"ls-cta__image\"><img decoding=\"async\" src=\"https:\/\/masdechampel.geek-tonic.dev\/wp-content\/uploads\/sites\/9\/2023\/04\/location-insolite-les-ollieres-sur-eyrieux.webp\" alt=\"ungew\u00f6hnliche Vermietung les ollieres sur eyrieux\"><\/div>\n\t<div class=\"ls-cta__title\">\n\t\tMobilheime\t<\/div>\n\n\t\t\n<\/a><\/div><\/div><div class=\"wp-block-column\"><div id=\"destinations\" class=\"ls-cta\">\n\n<a href=\"https:\/\/masdechampel.geek-tonic.dev\/de\/campingplatz-animationen-les-ollieres-sur-eyrieux\/\" target=\"\" rel=\"noopener\" class=\"ls-cta__link\">\n\n\t<div class=\"ls-cta__image\"><img decoding=\"async\" src=\"https:\/\/masdechampel.geek-tonic.dev\/wp-content\/uploads\/sites\/9\/2023\/04\/camping-ping-pong-ardeche.webp\" alt=\"camping ping pong ardeche\"><\/div>\n\t<div class=\"ls-cta__title\">\n\t\tFreizeit\t<\/div>\n\n\t\t\n<\/a><\/div><\/div><\/div><\/div>\n\r\n    <\/div>\r\n<\/section>","protected":false},"excerpt":{"rendered":"","protected":false},"author":1,"featured_media":2621,"parent":0,"menu_order":0,"comment_status":"closed","ping_status":"closed","template":"","meta":{"_acf_changed":false,"footnotes":""},"sujet":[],"class_list":["post-2619","page","type-page","status-publish","has-post-thumbnail","hentry"],"acf":[],"yoast_head":"<!-- This site is optimized with the Yoast SEO plugin v23.9 - https:\/\/yoast.com\/wordpress\/plugins\/seo\/ -->\n<title>Gruppencamping in Les Olli\u00e8res | Gruppenvermietung in Ard\u00e8che<\/title>\n<meta name=\"robots\" content=\"noindex, follow, max-snippet:-1, max-image-preview:large, max-video-preview:-1\" \/>\n<meta property=\"og:locale\" content=\"de_DE\" \/>\n<meta property=\"og:type\" content=\"article\" \/>\n<meta property=\"og:title\" content=\"Gruppencamping in Les Olli\u00e8res | Gruppenvermietung in Ard\u00e8che\" \/>\n<meta property=\"og:url\" content=\"https:\/\/masdechampel.geek-tonic.dev\/de\/campingplatz-gruppe-les-ollieres-sur-eyrieux\/\" \/>\n<meta property=\"og:site_name\" content=\"Le Mas de Champel\" \/>\n<meta property=\"article:modified_time\" content=\"2024-03-26T08:34:42+00:00\" \/>\n<meta property=\"og:image\" content=\"https:\/\/masdechampel.geek-tonic.dev\/wp-content\/uploads\/sites\/9\/2023\/04\/camping-groupe-les-ollieres-sur-eyrieux.webp\" \/>\n\t<meta property=\"og:image:width\" content=\"1903\" \/>\n\t<meta property=\"og:image:height\" content=\"550\" \/>\n\t<meta property=\"og:image:type\" content=\"image\/webp\" \/>\n<meta name=\"twitter:card\" content=\"summary_large_image\" \/>\n<meta name=\"twitter:label1\" content=\"Gesch\u00e4tzte Lesezeit\" \/>\n\t<meta name=\"twitter:data1\" content=\"1\u00a0Minute\" \/>\n<script type=\"application\/ld+json\" class=\"yoast-schema-graph\">{\"@context\":\"https:\/\/schema.org\",\"@graph\":[{\"@type\":\"WebPage\",\"@id\":\"https:\/\/masdechampel.geek-tonic.dev\/de\/campingplatz-gruppe-les-ollieres-sur-eyrieux\/\",\"url\":\"https:\/\/masdechampel.geek-tonic.dev\/de\/campingplatz-gruppe-les-ollieres-sur-eyrieux\/\",\"name\":\"Gruppencamping in Les Olli\u00e8res | Gruppenvermietung in Ard\u00e8che\",\"isPartOf\":{\"@id\":\"https:\/\/masdechampel.geek-tonic.dev\/de\/#website\"},\"primaryImageOfPage\":{\"@id\":\"https:\/\/masdechampel.geek-tonic.dev\/de\/campingplatz-gruppe-les-ollieres-sur-eyrieux\/#primaryimage\"},\"image\":{\"@id\":\"https:\/\/masdechampel.geek-tonic.dev\/de\/campingplatz-gruppe-les-ollieres-sur-eyrieux\/#primaryimage\"},\"thumbnailUrl\":\"https:\/\/masdechampel.geek-tonic.dev\/wp-content\/uploads\/sites\/9\/2023\/04\/camping-groupe-les-ollieres-sur-eyrieux.webp\",\"datePublished\":\"2024-03-26T08:34:41+00:00\",\"dateModified\":\"2024-03-26T08:34:42+00:00\",\"breadcrumb\":{\"@id\":\"https:\/\/masdechampel.geek-tonic.dev\/de\/campingplatz-gruppe-les-ollieres-sur-eyrieux\/#breadcrumb\"},\"inLanguage\":\"de\",\"potentialAction\":[{\"@type\":\"ReadAction\",\"target\":[\"https:\/\/masdechampel.geek-tonic.dev\/de\/campingplatz-gruppe-les-ollieres-sur-eyrieux\/\"]}]},{\"@type\":\"ImageObject\",\"inLanguage\":\"de\",\"@id\":\"https:\/\/masdechampel.geek-tonic.dev\/de\/campingplatz-gruppe-les-ollieres-sur-eyrieux\/#primaryimage\",\"url\":\"https:\/\/masdechampel.geek-tonic.dev\/wp-content\/uploads\/sites\/9\/2023\/04\/camping-groupe-les-ollieres-sur-eyrieux.webp\",\"contentUrl\":\"https:\/\/masdechampel.geek-tonic.dev\/wp-content\/uploads\/sites\/9\/2023\/04\/camping-groupe-les-ollieres-sur-eyrieux.webp\",\"width\":1903,\"height\":550,\"caption\":\"camping groupe les ollieres sur eyrieux\"},{\"@type\":\"BreadcrumbList\",\"@id\":\"https:\/\/masdechampel.geek-tonic.dev\/de\/campingplatz-gruppe-les-ollieres-sur-eyrieux\/#breadcrumb\",\"itemListElement\":[{\"@type\":\"ListItem\",\"position\":1,\"name\":\"Camping Ard\u00e8che\",\"item\":\"https:\/\/masdechampel.geek-tonic.dev\/de\/\"},{\"@type\":\"ListItem\",\"position\":2,\"name\":\"Gruppencamping in der Ard\u00e8che in Les Olli\u00e8res-sur-Eyrieux\"}]},{\"@type\":\"WebSite\",\"@id\":\"https:\/\/masdechampel.geek-tonic.dev\/de\/#website\",\"url\":\"https:\/\/masdechampel.geek-tonic.dev\/de\/\",\"name\":\"Le Mas de Champel\",\"description\":\"\",\"publisher\":{\"@id\":\"https:\/\/masdechampel.geek-tonic.dev\/de\/#organization\"},\"potentialAction\":[{\"@type\":\"SearchAction\",\"target\":{\"@type\":\"EntryPoint\",\"urlTemplate\":\"https:\/\/masdechampel.geek-tonic.dev\/de\/?s={search_term_string}\"},\"query-input\":{\"@type\":\"PropertyValueSpecification\",\"valueRequired\":true,\"valueName\":\"search_term_string\"}}],\"inLanguage\":\"de\"},{\"@type\":\"Organization\",\"@id\":\"https:\/\/masdechampel.geek-tonic.dev\/de\/#organization\",\"name\":\"Le Mas de Champel\",\"url\":\"https:\/\/masdechampel.geek-tonic.dev\/de\/\",\"logo\":{\"@type\":\"ImageObject\",\"inLanguage\":\"de\",\"@id\":\"https:\/\/masdechampel.geek-tonic.dev\/de\/#\/schema\/logo\/image\/\",\"url\":\"https:\/\/masdechampel.geek-tonic.dev\/wp-content\/uploads\/sites\/9\/2023\/03\/cropped-logo-Flower-camping-Le-Mas-de-Champel.png\",\"contentUrl\":\"https:\/\/masdechampel.geek-tonic.dev\/wp-content\/uploads\/sites\/9\/2023\/03\/cropped-logo-Flower-camping-Le-Mas-de-Champel.png\",\"width\":500,\"height\":660,\"caption\":\"Le Mas de Champel\"},\"image\":{\"@id\":\"https:\/\/masdechampel.geek-tonic.dev\/de\/#\/schema\/logo\/image\/\"}}]}<\/script>\n<!-- \/ Yoast SEO plugin. -->","yoast_head_json":{"title":"Gruppencamping in Les Olli\u00e8res | Gruppenvermietung in Ard\u00e8che","robots":{"index":"noindex","follow":"follow","max-snippet":"max-snippet:-1","max-image-preview":"max-image-preview:large","max-video-preview":"max-video-preview:-1"},"og_locale":"de_DE","og_type":"article","og_title":"Gruppencamping in Les Olli\u00e8res | Gruppenvermietung in Ard\u00e8che","og_url":"https:\/\/masdechampel.geek-tonic.dev\/de\/campingplatz-gruppe-les-ollieres-sur-eyrieux\/","og_site_name":"Le Mas de Champel","article_modified_time":"2024-03-26T08:34:42+00:00","og_image":[{"width":1903,"height":550,"url":"https:\/\/masdechampel.geek-tonic.dev\/wp-content\/uploads\/sites\/9\/2023\/04\/camping-groupe-les-ollieres-sur-eyrieux.webp","type":"image\/webp"}],"twitter_card":"summary_large_image","twitter_misc":{"Gesch\u00e4tzte Lesezeit":"1\u00a0Minute"},"schema":{"@context":"https:\/\/schema.org","@graph":[{"@type":"WebPage","@id":"https:\/\/masdechampel.geek-tonic.dev\/de\/campingplatz-gruppe-les-ollieres-sur-eyrieux\/","url":"https:\/\/masdechampel.geek-tonic.dev\/de\/campingplatz-gruppe-les-ollieres-sur-eyrieux\/","name":"Gruppencamping in Les Olli\u00e8res | Gruppenvermietung in Ard\u00e8che","isPartOf":{"@id":"https:\/\/masdechampel.geek-tonic.dev\/de\/#website"},"primaryImageOfPage":{"@id":"https:\/\/masdechampel.geek-tonic.dev\/de\/campingplatz-gruppe-les-ollieres-sur-eyrieux\/#primaryimage"},"image":{"@id":"https:\/\/masdechampel.geek-tonic.dev\/de\/campingplatz-gruppe-les-ollieres-sur-eyrieux\/#primaryimage"},"thumbnailUrl":"https:\/\/masdechampel.geek-tonic.dev\/wp-content\/uploads\/sites\/9\/2023\/04\/camping-groupe-les-ollieres-sur-eyrieux.webp","datePublished":"2024-03-26T08:34:41+00:00","dateModified":"2024-03-26T08:34:42+00:00","breadcrumb":{"@id":"https:\/\/masdechampel.geek-tonic.dev\/de\/campingplatz-gruppe-les-ollieres-sur-eyrieux\/#breadcrumb"},"inLanguage":"de","potentialAction":[{"@type":"ReadAction","target":["https:\/\/masdechampel.geek-tonic.dev\/de\/campingplatz-gruppe-les-ollieres-sur-eyrieux\/"]}]},{"@type":"ImageObject","inLanguage":"de","@id":"https:\/\/masdechampel.geek-tonic.dev\/de\/campingplatz-gruppe-les-ollieres-sur-eyrieux\/#primaryimage","url":"https:\/\/masdechampel.geek-tonic.dev\/wp-content\/uploads\/sites\/9\/2023\/04\/camping-groupe-les-ollieres-sur-eyrieux.webp","contentUrl":"https:\/\/masdechampel.geek-tonic.dev\/wp-content\/uploads\/sites\/9\/2023\/04\/camping-groupe-les-ollieres-sur-eyrieux.webp","width":1903,"height":550,"caption":"camping groupe les ollieres sur eyrieux"},{"@type":"BreadcrumbList","@id":"https:\/\/masdechampel.geek-tonic.dev\/de\/campingplatz-gruppe-les-ollieres-sur-eyrieux\/#breadcrumb","itemListElement":[{"@type":"ListItem","position":1,"name":"Camping Ard\u00e8che","item":"https:\/\/masdechampel.geek-tonic.dev\/de\/"},{"@type":"ListItem","position":2,"name":"Gruppencamping in der Ard\u00e8che in Les Olli\u00e8res-sur-Eyrieux"}]},{"@type":"WebSite","@id":"https:\/\/masdechampel.geek-tonic.dev\/de\/#website","url":"https:\/\/masdechampel.geek-tonic.dev\/de\/","name":"Le Mas de Champel","description":"","publisher":{"@id":"https:\/\/masdechampel.geek-tonic.dev\/de\/#organization"},"potentialAction":[{"@type":"SearchAction","target":{"@type":"EntryPoint","urlTemplate":"https:\/\/masdechampel.geek-tonic.dev\/de\/?s={search_term_string}"},"query-input":{"@type":"PropertyValueSpecification","valueRequired":true,"valueName":"search_term_string"}}],"inLanguage":"de"},{"@type":"Organization","@id":"https:\/\/masdechampel.geek-tonic.dev\/de\/#organization","name":"Le Mas de Champel","url":"https:\/\/masdechampel.geek-tonic.dev\/de\/","logo":{"@type":"ImageObject","inLanguage":"de","@id":"https:\/\/masdechampel.geek-tonic.dev\/de\/#\/schema\/logo\/image\/","url":"https:\/\/masdechampel.geek-tonic.dev\/wp-content\/uploads\/sites\/9\/2023\/03\/cropped-logo-Flower-camping-Le-Mas-de-Champel.png","contentUrl":"https:\/\/masdechampel.geek-tonic.dev\/wp-content\/uploads\/sites\/9\/2023\/03\/cropped-logo-Flower-camping-Le-Mas-de-Champel.png","width":500,"height":660,"caption":"Le Mas de Champel"},"image":{"@id":"https:\/\/masdechampel.geek-tonic.dev\/de\/#\/schema\/logo\/image\/"}}]}},"_links":{"self":[{"href":"https:\/\/masdechampel.geek-tonic.dev\/de\/wp-json\/wp\/v2\/pages\/2619","targetHints":{"allow":["GET"]}}],"collection":[{"href":"https:\/\/masdechampel.geek-tonic.dev\/de\/wp-json\/wp\/v2\/pages"}],"about":[{"href":"https:\/\/masdechampel.geek-tonic.dev\/de\/wp-json\/wp\/v2\/types\/page"}],"author":[{"embeddable":true,"href":"https:\/\/masdechampel.geek-tonic.dev\/de\/wp-json\/wp\/v2\/users\/1"}],"replies":[{"embeddable":true,"href":"https:\/\/masdechampel.geek-tonic.dev\/de\/wp-json\/wp\/v2\/comments?post=2619"}],"version-history":[{"count":1,"href":"https:\/\/masdechampel.geek-tonic.dev\/de\/wp-json\/wp\/v2\/pages\/2619\/revisions"}],"predecessor-version":[{"id":2628,"href":"https:\/\/masdechampel.geek-tonic.dev\/de\/wp-json\/wp\/v2\/pages\/2619\/revisions\/2628"}],"wp:featuredmedia":[{"embeddable":true,"href":"https:\/\/masdechampel.geek-tonic.dev\/de\/wp-json\/wp\/v2\/media\/2621"}],"wp:attachment":[{"href":"https:\/\/masdechampel.geek-tonic.dev\/de\/wp-json\/wp\/v2\/media?parent=2619"}],"wp:term":[{"taxonomy":"sujet","embeddable":true,"href":"https:\/\/masdechampel.geek-tonic.dev\/de\/wp-json\/wp\/v2\/sujet?post=2619"}],"curies":[{"name":"wp","href":"https:\/\/api.w.org\/{rel}","templated":true}]}}