{"id":2609,"date":"2024-03-26T09:34:17","date_gmt":"2024-03-26T08:34:17","guid":{"rendered":"https:\/\/www.masdechampel.geek-tonic.dev\/campingplatz-flower-les-ollieres-sur-eyrieux\/"},"modified":"2024-03-26T09:34:18","modified_gmt":"2024-03-26T08:34:18","slug":"campingplatz-flower-les-ollieres-sur-eyrieux","status":"publish","type":"page","link":"https:\/\/masdechampel.geek-tonic.dev\/de\/campingplatz-flower-les-ollieres-sur-eyrieux\/","title":{"rendered":"Unser Engagement"},"content":{"rendered":"<section id=\"ls-section-block_634d0f1a1c04bcaaedf653dc572c6083\" class=\"ls-section  page-one has-background has-color-4-background-color has-m-t m-t-0 has-m-b m-b-0 has-p-t p-t-14 has-p-b p-b-14\" >\r\n        <div class=\"container container--wide\">\r\n        \n\n<div class=\"wp-block-columns are-vertically-aligned-center is-layout-flex wp-container-core-columns-is-layout-1 wp-block-columns-is-layout-flex\">\n<div class=\"wp-block-column is-vertically-aligned-center animated fadeInLeft delay-100ms slow is-layout-flow wp-block-column-is-layout-flow\" style=\"flex-basis:45%\">\n<figure class=\"wp-block-image size-full\"><a href=\"https:\/\/www.masdechampel.geek-tonic.dev\/wp-content\/uploads\/sites\/9\/sites\/9\/2023\/04\/tourisme-ecoresponsable-ardeche.webp\"><img decoding=\"async\" width=\"920\" height=\"720\" src=\"https:\/\/www.masdechampel.geek-tonic.dev\/wp-content\/uploads\/sites\/9\/sites\/9\/2023\/04\/tourisme-ecoresponsable-ardeche.webp\" alt=\"umweltvertr&#xE4;glicher tourismus ardeche\" class=\"wp-image-1198\" srcset=\"https:\/\/masdechampel.geek-tonic.dev\/wp-content\/uploads\/sites\/9\/2023\/04\/tourisme-ecoresponsable-ardeche.webp 920w, https:\/\/masdechampel.geek-tonic.dev\/wp-content\/uploads\/sites\/9\/2023\/04\/tourisme-ecoresponsable-ardeche-300x235.webp 300w, https:\/\/masdechampel.geek-tonic.dev\/wp-content\/uploads\/sites\/9\/2023\/04\/tourisme-ecoresponsable-ardeche-768x601.webp 768w\" sizes=\"(max-width: 920px) 100vw, 920px\" \/><\/a><\/figure>\n<\/div>\n\n\n\n<div class=\"wp-block-column is-vertically-aligned-center animated fadeInRight slow is-layout-flow wp-block-column-is-layout-flow\" style=\"flex-basis:55%\">\n<h1 class=\"ls__heading wp-block-heading has-text-align-left\">\u00d6kologisches Camping in der Ard\u00e8che<\/h1>\n\n\n\n<h2 class=\"ls__heading wp-block-heading\">Blumen Campings<\/h2>\n\n\n\n<p class=\"ls-paragraph\">Auf dem <a href=\"https:\/\/www.masdechampel.geek-tonic.dev\/de\/\">Flower Camping Mas de Champel<\/a>, wie auch bei <strong>Flower Campings<\/strong>, setzen wir uns f\u00fcr einen Urlaub mit menschlichem Antlitz ein, der das Gegenteil von gro\u00dfen Outdoor-Resorts ist. Die Urlauber sind bekannt und anerkannt und genie\u00dfen eine warme, freundliche und famili\u00e4re Atmosph\u00e4re.<\/p>\n\n\n\n<p class=\"ls-paragraph\">Die Unterhaltung ist pr\u00e4sent, aber nicht \u00fcberm\u00e4chtig, mit einem besonderen Fokus auf Kinder unter 12 Jahren durch ein spezielles Programm: <strong>Club Mister Flower<\/strong>, der im Sommer jeden Morgen von Montag bis Freitag stattfindet. Die <strong>beiden<\/strong> <strong>Maskottchen<\/strong> des Flower Campings, <strong>Dino und Mister<\/strong> Flower, sind w\u00e4hrend des Sommers mit von der Partie, um eine Show zu bieten.<\/p>\n\n\n\n<p class=\"ls-paragraph\">Die <strong>Werte von Flower Campings<\/strong> &#8211; Frankreichs f\u00fchrender Kette unabh\u00e4ngiger Franchise-Campingpl\u00e4tze &#8211; sind die Quintessenz unserer Vision vom Camping. Um unseren Kunden den bestm\u00f6glichen Aufenthalt zu bieten, war es f\u00fcr uns selbstverst\u00e4ndlich, Mitglied bei Flower Camping zu werden.<\/p>\n<\/div>\n<\/div>\n\n\r\n    <\/div>\r\n<\/section><section id=\"ls-section-block_ace51419299e9aa5fc182689ff7cc034\" class=\"ls-section  home-gallery has-background has-color-4-background-color has-m-t m-t-0 has-p-t p-t-0\" >\r\n        <div class=\"container container--full\">\r\n        \n\n<figure class=\"wp-block-gallery has-nested-images columns-1 is-cropped galerie-slider-container wp-block-gallery-1 is-layout-flex wp-block-gallery-is-layout-flex\">\n<figure class=\"wp-block-image size-large\"><a href=\"https:\/\/www.masdechampel.geek-tonic.dev\/wp-content\/uploads\/sites\/9\/sites\/9\/2023\/04\/camping-ecologique-ardeche.webp\"><img decoding=\"async\" width=\"920\" height=\"720\" src=\"https:\/\/www.masdechampel.geek-tonic.dev\/wp-content\/uploads\/sites\/9\/sites\/9\/2023\/04\/camping-ecologique-ardeche.webp\" alt=\"camping ecologique ardeche\" class=\"wp-image-1169\" srcset=\"https:\/\/masdechampel.geek-tonic.dev\/wp-content\/uploads\/sites\/9\/2023\/04\/camping-ecologique-ardeche.webp 920w, https:\/\/masdechampel.geek-tonic.dev\/wp-content\/uploads\/sites\/9\/2023\/04\/camping-ecologique-ardeche-300x235.webp 300w, https:\/\/masdechampel.geek-tonic.dev\/wp-content\/uploads\/sites\/9\/2023\/04\/camping-ecologique-ardeche-768x601.webp 768w\" sizes=\"(max-width: 920px) 100vw, 920px\" \/><\/a><\/figure>\n\n\n\n<figure class=\"wp-block-image size-large\"><a href=\"https:\/\/www.masdechampel.geek-tonic.dev\/wp-content\/uploads\/sites\/9\/sites\/9\/2023\/04\/camping-flower-ardeche-1.webp\"><img decoding=\"async\" width=\"920\" height=\"720\" src=\"https:\/\/www.masdechampel.geek-tonic.dev\/wp-content\/uploads\/sites\/9\/sites\/9\/2023\/04\/camping-flower-ardeche-1.webp\" alt=\"camping blume ardeche 1\" class=\"wp-image-1175\" srcset=\"https:\/\/masdechampel.geek-tonic.dev\/wp-content\/uploads\/sites\/9\/2023\/04\/camping-flower-ardeche-1.webp 920w, https:\/\/masdechampel.geek-tonic.dev\/wp-content\/uploads\/sites\/9\/2023\/04\/camping-flower-ardeche-1-300x235.webp 300w, https:\/\/masdechampel.geek-tonic.dev\/wp-content\/uploads\/sites\/9\/2023\/04\/camping-flower-ardeche-1-768x601.webp 768w\" sizes=\"(max-width: 920px) 100vw, 920px\" \/><\/a><\/figure>\n\n\n\n<figure class=\"wp-block-image size-large\"><a href=\"https:\/\/www.masdechampel.geek-tonic.dev\/wp-content\/uploads\/sites\/9\/sites\/9\/2023\/04\/tourisme-ecoresponsable-les-ollieres-sur-eyrieux.webp\"><img decoding=\"async\" width=\"920\" height=\"720\" src=\"https:\/\/www.masdechampel.geek-tonic.dev\/wp-content\/uploads\/sites\/9\/sites\/9\/2023\/04\/tourisme-ecoresponsable-les-ollieres-sur-eyrieux.webp\" alt=\"Umweltvertr&#xE4;glicher Tourismus les ollieres sur eyrieux\" class=\"wp-image-1202\" srcset=\"https:\/\/masdechampel.geek-tonic.dev\/wp-content\/uploads\/sites\/9\/2023\/04\/tourisme-ecoresponsable-les-ollieres-sur-eyrieux.webp 920w, https:\/\/masdechampel.geek-tonic.dev\/wp-content\/uploads\/sites\/9\/2023\/04\/tourisme-ecoresponsable-les-ollieres-sur-eyrieux-300x235.webp 300w, https:\/\/masdechampel.geek-tonic.dev\/wp-content\/uploads\/sites\/9\/2023\/04\/tourisme-ecoresponsable-les-ollieres-sur-eyrieux-768x601.webp 768w\" sizes=\"(max-width: 920px) 100vw, 920px\" \/><\/a><\/figure>\n<\/figure>\n\n\r\n    <\/div>\r\n<\/section><section id=\"ls-section-block_0944c678d41de192c4f45ae0d5708f42\" class=\"ls-section  page-one aventure\" >\r\n        <div class=\"container container--wide\">\r\n        \n\n<div class=\"wp-block-columns is-layout-flex wp-container-core-columns-is-layout-2 wp-block-columns-is-layout-flex\">\n<div class=\"wp-block-column first animated fadeInLeft delay-100ms slow is-layout-flow wp-block-column-is-layout-flow\" style=\"flex-basis:45%\">\n<figure class=\"wp-block-image size-full\"><a href=\"https:\/\/www.masdechampel.geek-tonic.dev\/wp-content\/uploads\/sites\/9\/sites\/9\/2023\/04\/camping-flower-les-ollieres-sur-eyrieux-1.webp\"><img decoding=\"async\" width=\"920\" height=\"720\" src=\"https:\/\/www.masdechampel.geek-tonic.dev\/wp-content\/uploads\/sites\/9\/sites\/9\/2023\/04\/camping-flower-les-ollieres-sur-eyrieux-1.webp\" alt=\"camping blume les ollieres sur eyrieux 1\" class=\"wp-image-1178\" srcset=\"https:\/\/masdechampel.geek-tonic.dev\/wp-content\/uploads\/sites\/9\/2023\/04\/camping-flower-les-ollieres-sur-eyrieux-1.webp 920w, https:\/\/masdechampel.geek-tonic.dev\/wp-content\/uploads\/sites\/9\/2023\/04\/camping-flower-les-ollieres-sur-eyrieux-1-300x235.webp 300w, https:\/\/masdechampel.geek-tonic.dev\/wp-content\/uploads\/sites\/9\/2023\/04\/camping-flower-les-ollieres-sur-eyrieux-1-768x601.webp 768w\" sizes=\"(max-width: 920px) 100vw, 920px\" \/><\/a><\/figure>\n<\/div>\n\n\n\n<div class=\"wp-block-column is-vertically-aligned-center second animated fadeInRight slow is-layout-flow wp-block-column-is-layout-flow\" style=\"flex-basis:55%\">\n<p class=\"ls-paragraph\">Mitglied bei Flower Campings zu sein bedeutet, Botschafter der Kette zu sein und unseren Urlaubern die <strong>h\u00f6chsten Standards<\/strong> zu garantieren, indem wir <strong>die eigenen Standards von Flower Campings<\/strong> anwenden, d.h. :<\/p>\n\n\n\n<ul class=\"ls-list wp-block-list\">\n<li>Sie bieten einen <strong>herzlichen<\/strong>, aufmerksamen und pers\u00f6nlichen <strong>Empfang<\/strong> und geben Empfehlungen und Ratschl\u00e4ge \u00fcber die Region, ihr Erbe und Terroir sowie genaue Informationen \u00fcber den Campingplatz.<\/li>\n\n\n\n<li>Pflegen Sie eine <strong>freundliche Atmosph\u00e4re<\/strong> und <strong>menschliche Kundenbeziehungen<\/strong>.<\/li>\n\n\n\n<li>Sicherstellen, dass die <strong> Ruhe<\/strong> der Urlauber respektiert wird, mit<strong> angemessener Unterhaltung<\/strong>.<\/li>\n\n\n\n<li>Der nat\u00fcrlichen Umwelt des Campingplatzes und der Region wird gro\u00dfe Bedeutung beigemessen, und es werden <strong>Ma\u00dfnahmen zur F\u00f6rderung der biologischen Vielfalt und der \u00d6kologie<\/strong> durchgef\u00fchrt.<\/li>\n\n\n\n<li>Sicherstellung, dass das gesamte Personal des Campingplatzes stets <strong>ein offenes Ohr f\u00fcr die Bed\u00fcrfnisse<\/strong> der Urlauber hat und ein hohes <strong>Serviceniveau<\/strong> bietet.<\/li>\n\n\n\n<li>Unseren Urlaubern das <strong>Treueprogramm My Flower<\/strong> anbieten, um sie f\u00fcr ihre Treue zur Flower-Kette und ihren Campingpl\u00e4tzen zu belohnen.<\/li>\n\n\n\n<li>Anwendung der <strong>Hygienema\u00dfnahmen der<\/strong> von Flower Campings ausgearbeiteten <strong>Flower Safe + Charta<\/strong>.<\/li>\n<\/ul>\n\n\n\n<p class=\"ls-paragraph\">Wir besuchen die Flower-Campingpl\u00e4tze nun schon seit einigen Jahren und sind immer wieder begeistert. Das Team ist sehr kundenorientiert und engagiert sich stark.<\/p>\n<\/div>\n<\/div>\n\n\r\n    <\/div>\r\n<\/section><section id=\"ls-section-block_a71714b0e6854b1a56cd90ee4bf9a252\" class=\"ls-section  page-one has-background has-color-4-background-color has-m-b m-b-0 has-p-t p-t-14\" >\r\n        <div class=\"container container--wide\">\r\n        \n\n<div class=\"wp-block-columns are-vertically-aligned-center is-layout-flex wp-container-core-columns-is-layout-3 wp-block-columns-is-layout-flex\">\n<div class=\"wp-block-column is-vertically-aligned-center first animated fadeInLeft slow is-layout-flow wp-block-column-is-layout-flow\" style=\"flex-basis:55%\">\n<h2 class=\"ls__heading wp-block-heading\">\u00d6kologisch engagierter Campingplatz<\/h2>\n\n\n\n<p class=\"ls-paragraph\">Auf dem Flower Camping Mas de Champel <strong>f\u00f6rdern wir die Artenvielfalt<\/strong>, indem wir Nistk\u00e4sten und Futterstellen f\u00fcr V\u00f6gel, ein Insektenhotel und einen Bienenstock f\u00fcr Solit\u00e4rbienen anbringen.<\/p>\n\n\n\n<p class=\"ls-paragraph\"><strong>\u00d6kologie<\/strong> und <strong>nachhaltige Entwicklung<\/strong> sind auch f\u00fcr uns <strong>wichtige Verpflichtungen<\/strong>, die wir durch eine Reihe von Vorrichtungen umsetzen: Solarlampen, LED-Gl\u00fchbirnen, Pr\u00e4senzmelder in Sanit\u00e4ranlagen, batteriebetriebene Werkzeuge, wassersparende Mousseur-H\u00e4hne, Toiletten mit doppelter Sp\u00fclung in den Unterk\u00fcnften, Tropfbew\u00e4sserung. Auf dem Campingplatz gibt es auch eine <strong>Recyclingstelle<\/strong>.<\/p>\n\n\n\n<p class=\"ls-paragraph\">An der Rezeption werden <strong>biologische<\/strong> und <strong>regionale<\/strong> Produkte angeboten. Wir bevorzugen den Druck in schwarz-wei\u00df und auf Vorlage. <strong>Touristische Informationen<\/strong> stehen zur Einsichtnahme zur Verf\u00fcgung. Die Willkommensbrosch\u00fcre finden Sie auf unserer <a href=\"https:\/\/www.flowercampings.com\/page\/application-mobile\" target=\"_blank\" rel=\"noreferrer noopener\">Flower-Camping-Anwendung<\/a>.<\/p>\n<\/div>\n\n\n\n<div class=\"wp-block-column is-vertically-aligned-center second animated fadeInRight delay-100ms slow is-layout-flow wp-block-column-is-layout-flow\" style=\"flex-basis:45%\">\n<figure class=\"wp-block-image size-full\"><a href=\"https:\/\/www.masdechampel.geek-tonic.dev\/wp-content\/uploads\/sites\/9\/sites\/9\/2023\/04\/camping-laverie-les-ollieres-sur-eyrieux.webp\"><img decoding=\"async\" width=\"920\" height=\"720\" src=\"https:\/\/www.masdechampel.geek-tonic.dev\/wp-content\/uploads\/sites\/9\/sites\/9\/2023\/04\/camping-laverie-les-ollieres-sur-eyrieux.webp\" alt=\"camping laverie les ollieres sur eyrieux\" class=\"wp-image-1124\" srcset=\"https:\/\/masdechampel.geek-tonic.dev\/wp-content\/uploads\/sites\/9\/2023\/04\/camping-laverie-les-ollieres-sur-eyrieux.webp 920w, https:\/\/masdechampel.geek-tonic.dev\/wp-content\/uploads\/sites\/9\/2023\/04\/camping-laverie-les-ollieres-sur-eyrieux-300x235.webp 300w, https:\/\/masdechampel.geek-tonic.dev\/wp-content\/uploads\/sites\/9\/2023\/04\/camping-laverie-les-ollieres-sur-eyrieux-768x601.webp 768w\" sizes=\"(max-width: 920px) 100vw, 920px\" \/><\/a><\/figure>\n<\/div>\n<\/div>\n\n\r\n    <\/div>\r\n<\/section><section id=\"ls-section-block_33561ab797f757f34ee2556476a3fbf4\" class=\"ls-section  page-maillage experience\" >\r\n        <div class=\"container container--wide\">\r\n        \n\n<div id=\"ls-heading ls-titre-div-block_72cd52a6646c6163e4e73d22b8880d3d\" class=\"ls-titre-div aligncenter h2-like\" >\n    Entdecken Sie unser Restaurant, unsere Freizeitaktivit\u00e4ten und unsere Gruppeneinrichtungen<\/div>\n\n\n<div id=\"ls-maillage-block_bd068611145910c34d0379092b6c0671\" class=\"ls-maillage cta-style-normal\" data-rows=\"3\">\n    <div class=\"wp-block-columns\"><div class=\"wp-block-column\"><div id=\"destinations\" class=\"ls-cta\">\n\n<a href=\"https:\/\/masdechampel.geek-tonic.dev\/de\/wiederherstellung-les-ollieres-sur-eyrieux\/\" target=\"\" rel=\"noopener\" class=\"ls-cta__link\">\n\n\t<div class=\"ls-cta__image\"><img decoding=\"async\" src=\"https:\/\/masdechampel.geek-tonic.dev\/wp-content\/uploads\/sites\/9\/2023\/04\/snack-bar-ardeche.webp\" alt=\"Imbissstube Ardeche\"><\/div>\n\t<div class=\"ls-cta__title\">\n\t\tRestaurant\t<\/div>\n\n\t\t\n<\/a><\/div><\/div><div class=\"wp-block-column\"><div id=\"destinations\" class=\"ls-cta\">\n\n<a href=\"https:\/\/masdechampel.geek-tonic.dev\/de\/campingplatz-animationen-les-ollieres-sur-eyrieux\/\" target=\"\" rel=\"noopener\" class=\"ls-cta__link\">\n\n\t<div class=\"ls-cta__image\"><img decoding=\"async\" src=\"https:\/\/masdechampel.geek-tonic.dev\/wp-content\/uploads\/sites\/9\/2023\/04\/camping-ping-pong-ardeche.webp\" alt=\"camping ping pong ardeche\"><\/div>\n\t<div class=\"ls-cta__title\">\n\t\tFreizeit\t<\/div>\n\n\t\t\n<\/a><\/div><\/div><div class=\"wp-block-column\"><div id=\"destinations\" class=\"ls-cta\">\n\n<a href=\"https:\/\/masdechampel.geek-tonic.dev\/de\/campingplatz-gruppe-les-ollieres-sur-eyrieux\/\" target=\"\" rel=\"noopener\" class=\"ls-cta__link\">\n\n\t<div class=\"ls-cta__image\"><img decoding=\"async\" src=\"https:\/\/masdechampel.geek-tonic.dev\/wp-content\/uploads\/sites\/9\/2023\/04\/sejour-groupe-ardeche.webp\" alt=\"Ardeche-Gruppenaufenthalt\"><\/div>\n\t<div class=\"ls-cta__title\">\n\t\tGruppe\t<\/div>\n\n\t\t\n<\/a><\/div><\/div><\/div><\/div>\n\r\n    <\/div>\r\n<\/section>","protected":false},"excerpt":{"rendered":"","protected":false},"author":1,"featured_media":2614,"parent":0,"menu_order":0,"comment_status":"closed","ping_status":"closed","template":"","meta":{"_acf_changed":false,"footnotes":""},"sujet":[],"class_list":["post-2609","page","type-page","status-publish","has-post-thumbnail","hentry"],"acf":[],"yoast_head":"<!-- This site is optimized with the Yoast SEO plugin v23.9 - https:\/\/yoast.com\/wordpress\/plugins\/seo\/ -->\n<title>Camping Blume in Les Olli\u00e8res | \u00d6kologisches Camping in der Ard\u00e8che<\/title>\n<meta name=\"robots\" content=\"noindex, follow, max-snippet:-1, max-image-preview:large, max-video-preview:-1\" \/>\n<meta property=\"og:locale\" content=\"de_DE\" \/>\n<meta property=\"og:type\" content=\"article\" \/>\n<meta property=\"og:title\" content=\"Camping Blume in Les Olli\u00e8res | \u00d6kologisches Camping in der Ard\u00e8che\" \/>\n<meta property=\"og:url\" content=\"https:\/\/masdechampel.geek-tonic.dev\/de\/campingplatz-flower-les-ollieres-sur-eyrieux\/\" \/>\n<meta property=\"og:site_name\" content=\"Le Mas de Champel\" \/>\n<meta property=\"article:modified_time\" content=\"2024-03-26T08:34:18+00:00\" \/>\n<meta property=\"og:image\" content=\"https:\/\/masdechampel.geek-tonic.dev\/wp-content\/uploads\/sites\/9\/2023\/04\/camping-ecoresponsable-les-ollieres-sur-eyrieux.webp\" \/>\n\t<meta property=\"og:image:width\" content=\"1903\" \/>\n\t<meta property=\"og:image:height\" content=\"550\" \/>\n\t<meta property=\"og:image:type\" content=\"image\/webp\" \/>\n<meta name=\"twitter:card\" content=\"summary_large_image\" \/>\n<meta name=\"twitter:label1\" content=\"Gesch\u00e4tzte Lesezeit\" \/>\n\t<meta name=\"twitter:data1\" content=\"2\u00a0Minuten\" \/>\n<script type=\"application\/ld+json\" class=\"yoast-schema-graph\">{\"@context\":\"https:\/\/schema.org\",\"@graph\":[{\"@type\":\"WebPage\",\"@id\":\"https:\/\/masdechampel.geek-tonic.dev\/de\/campingplatz-flower-les-ollieres-sur-eyrieux\/\",\"url\":\"https:\/\/masdechampel.geek-tonic.dev\/de\/campingplatz-flower-les-ollieres-sur-eyrieux\/\",\"name\":\"Camping Blume in Les Olli\u00e8res | \u00d6kologisches Camping in der Ard\u00e8che\",\"isPartOf\":{\"@id\":\"https:\/\/masdechampel.geek-tonic.dev\/de\/#website\"},\"primaryImageOfPage\":{\"@id\":\"https:\/\/masdechampel.geek-tonic.dev\/de\/campingplatz-flower-les-ollieres-sur-eyrieux\/#primaryimage\"},\"image\":{\"@id\":\"https:\/\/masdechampel.geek-tonic.dev\/de\/campingplatz-flower-les-ollieres-sur-eyrieux\/#primaryimage\"},\"thumbnailUrl\":\"https:\/\/masdechampel.geek-tonic.dev\/wp-content\/uploads\/sites\/9\/2023\/04\/camping-ecoresponsable-les-ollieres-sur-eyrieux.webp\",\"datePublished\":\"2024-03-26T08:34:17+00:00\",\"dateModified\":\"2024-03-26T08:34:18+00:00\",\"breadcrumb\":{\"@id\":\"https:\/\/masdechampel.geek-tonic.dev\/de\/campingplatz-flower-les-ollieres-sur-eyrieux\/#breadcrumb\"},\"inLanguage\":\"de\",\"potentialAction\":[{\"@type\":\"ReadAction\",\"target\":[\"https:\/\/masdechampel.geek-tonic.dev\/de\/campingplatz-flower-les-ollieres-sur-eyrieux\/\"]}]},{\"@type\":\"ImageObject\",\"inLanguage\":\"de\",\"@id\":\"https:\/\/masdechampel.geek-tonic.dev\/de\/campingplatz-flower-les-ollieres-sur-eyrieux\/#primaryimage\",\"url\":\"https:\/\/masdechampel.geek-tonic.dev\/wp-content\/uploads\/sites\/9\/2023\/04\/camping-ecoresponsable-les-ollieres-sur-eyrieux.webp\",\"contentUrl\":\"https:\/\/masdechampel.geek-tonic.dev\/wp-content\/uploads\/sites\/9\/2023\/04\/camping-ecoresponsable-les-ollieres-sur-eyrieux.webp\",\"width\":1903,\"height\":550,\"caption\":\"camping ecoresponsable les ollieres sur eyrieux\"},{\"@type\":\"BreadcrumbList\",\"@id\":\"https:\/\/masdechampel.geek-tonic.dev\/de\/campingplatz-flower-les-ollieres-sur-eyrieux\/#breadcrumb\",\"itemListElement\":[{\"@type\":\"ListItem\",\"position\":1,\"name\":\"Camping Ard\u00e8che\",\"item\":\"https:\/\/masdechampel.geek-tonic.dev\/de\/\"},{\"@type\":\"ListItem\",\"position\":2,\"name\":\"Camping Blume in Les Olli\u00e8res-sur-Eyrieux\"}]},{\"@type\":\"WebSite\",\"@id\":\"https:\/\/masdechampel.geek-tonic.dev\/de\/#website\",\"url\":\"https:\/\/masdechampel.geek-tonic.dev\/de\/\",\"name\":\"Le Mas de Champel\",\"description\":\"\",\"publisher\":{\"@id\":\"https:\/\/masdechampel.geek-tonic.dev\/de\/#organization\"},\"potentialAction\":[{\"@type\":\"SearchAction\",\"target\":{\"@type\":\"EntryPoint\",\"urlTemplate\":\"https:\/\/masdechampel.geek-tonic.dev\/de\/?s={search_term_string}\"},\"query-input\":{\"@type\":\"PropertyValueSpecification\",\"valueRequired\":true,\"valueName\":\"search_term_string\"}}],\"inLanguage\":\"de\"},{\"@type\":\"Organization\",\"@id\":\"https:\/\/masdechampel.geek-tonic.dev\/de\/#organization\",\"name\":\"Le Mas de Champel\",\"url\":\"https:\/\/masdechampel.geek-tonic.dev\/de\/\",\"logo\":{\"@type\":\"ImageObject\",\"inLanguage\":\"de\",\"@id\":\"https:\/\/masdechampel.geek-tonic.dev\/de\/#\/schema\/logo\/image\/\",\"url\":\"https:\/\/masdechampel.geek-tonic.dev\/wp-content\/uploads\/sites\/9\/2023\/03\/cropped-logo-Flower-camping-Le-Mas-de-Champel.png\",\"contentUrl\":\"https:\/\/masdechampel.geek-tonic.dev\/wp-content\/uploads\/sites\/9\/2023\/03\/cropped-logo-Flower-camping-Le-Mas-de-Champel.png\",\"width\":500,\"height\":660,\"caption\":\"Le Mas de Champel\"},\"image\":{\"@id\":\"https:\/\/masdechampel.geek-tonic.dev\/de\/#\/schema\/logo\/image\/\"}}]}<\/script>\n<!-- \/ Yoast SEO plugin. -->","yoast_head_json":{"title":"Camping Blume in Les Olli\u00e8res | \u00d6kologisches Camping in der Ard\u00e8che","robots":{"index":"noindex","follow":"follow","max-snippet":"max-snippet:-1","max-image-preview":"max-image-preview:large","max-video-preview":"max-video-preview:-1"},"og_locale":"de_DE","og_type":"article","og_title":"Camping Blume in Les Olli\u00e8res | \u00d6kologisches Camping in der Ard\u00e8che","og_url":"https:\/\/masdechampel.geek-tonic.dev\/de\/campingplatz-flower-les-ollieres-sur-eyrieux\/","og_site_name":"Le Mas de Champel","article_modified_time":"2024-03-26T08:34:18+00:00","og_image":[{"width":1903,"height":550,"url":"https:\/\/masdechampel.geek-tonic.dev\/wp-content\/uploads\/sites\/9\/2023\/04\/camping-ecoresponsable-les-ollieres-sur-eyrieux.webp","type":"image\/webp"}],"twitter_card":"summary_large_image","twitter_misc":{"Gesch\u00e4tzte Lesezeit":"2\u00a0Minuten"},"schema":{"@context":"https:\/\/schema.org","@graph":[{"@type":"WebPage","@id":"https:\/\/masdechampel.geek-tonic.dev\/de\/campingplatz-flower-les-ollieres-sur-eyrieux\/","url":"https:\/\/masdechampel.geek-tonic.dev\/de\/campingplatz-flower-les-ollieres-sur-eyrieux\/","name":"Camping Blume in Les Olli\u00e8res | \u00d6kologisches Camping in der Ard\u00e8che","isPartOf":{"@id":"https:\/\/masdechampel.geek-tonic.dev\/de\/#website"},"primaryImageOfPage":{"@id":"https:\/\/masdechampel.geek-tonic.dev\/de\/campingplatz-flower-les-ollieres-sur-eyrieux\/#primaryimage"},"image":{"@id":"https:\/\/masdechampel.geek-tonic.dev\/de\/campingplatz-flower-les-ollieres-sur-eyrieux\/#primaryimage"},"thumbnailUrl":"https:\/\/masdechampel.geek-tonic.dev\/wp-content\/uploads\/sites\/9\/2023\/04\/camping-ecoresponsable-les-ollieres-sur-eyrieux.webp","datePublished":"2024-03-26T08:34:17+00:00","dateModified":"2024-03-26T08:34:18+00:00","breadcrumb":{"@id":"https:\/\/masdechampel.geek-tonic.dev\/de\/campingplatz-flower-les-ollieres-sur-eyrieux\/#breadcrumb"},"inLanguage":"de","potentialAction":[{"@type":"ReadAction","target":["https:\/\/masdechampel.geek-tonic.dev\/de\/campingplatz-flower-les-ollieres-sur-eyrieux\/"]}]},{"@type":"ImageObject","inLanguage":"de","@id":"https:\/\/masdechampel.geek-tonic.dev\/de\/campingplatz-flower-les-ollieres-sur-eyrieux\/#primaryimage","url":"https:\/\/masdechampel.geek-tonic.dev\/wp-content\/uploads\/sites\/9\/2023\/04\/camping-ecoresponsable-les-ollieres-sur-eyrieux.webp","contentUrl":"https:\/\/masdechampel.geek-tonic.dev\/wp-content\/uploads\/sites\/9\/2023\/04\/camping-ecoresponsable-les-ollieres-sur-eyrieux.webp","width":1903,"height":550,"caption":"camping ecoresponsable les ollieres sur eyrieux"},{"@type":"BreadcrumbList","@id":"https:\/\/masdechampel.geek-tonic.dev\/de\/campingplatz-flower-les-ollieres-sur-eyrieux\/#breadcrumb","itemListElement":[{"@type":"ListItem","position":1,"name":"Camping Ard\u00e8che","item":"https:\/\/masdechampel.geek-tonic.dev\/de\/"},{"@type":"ListItem","position":2,"name":"Camping Blume in Les Olli\u00e8res-sur-Eyrieux"}]},{"@type":"WebSite","@id":"https:\/\/masdechampel.geek-tonic.dev\/de\/#website","url":"https:\/\/masdechampel.geek-tonic.dev\/de\/","name":"Le Mas de Champel","description":"","publisher":{"@id":"https:\/\/masdechampel.geek-tonic.dev\/de\/#organization"},"potentialAction":[{"@type":"SearchAction","target":{"@type":"EntryPoint","urlTemplate":"https:\/\/masdechampel.geek-tonic.dev\/de\/?s={search_term_string}"},"query-input":{"@type":"PropertyValueSpecification","valueRequired":true,"valueName":"search_term_string"}}],"inLanguage":"de"},{"@type":"Organization","@id":"https:\/\/masdechampel.geek-tonic.dev\/de\/#organization","name":"Le Mas de Champel","url":"https:\/\/masdechampel.geek-tonic.dev\/de\/","logo":{"@type":"ImageObject","inLanguage":"de","@id":"https:\/\/masdechampel.geek-tonic.dev\/de\/#\/schema\/logo\/image\/","url":"https:\/\/masdechampel.geek-tonic.dev\/wp-content\/uploads\/sites\/9\/2023\/03\/cropped-logo-Flower-camping-Le-Mas-de-Champel.png","contentUrl":"https:\/\/masdechampel.geek-tonic.dev\/wp-content\/uploads\/sites\/9\/2023\/03\/cropped-logo-Flower-camping-Le-Mas-de-Champel.png","width":500,"height":660,"caption":"Le Mas de Champel"},"image":{"@id":"https:\/\/masdechampel.geek-tonic.dev\/de\/#\/schema\/logo\/image\/"}}]}},"_links":{"self":[{"href":"https:\/\/masdechampel.geek-tonic.dev\/de\/wp-json\/wp\/v2\/pages\/2609","targetHints":{"allow":["GET"]}}],"collection":[{"href":"https:\/\/masdechampel.geek-tonic.dev\/de\/wp-json\/wp\/v2\/pages"}],"about":[{"href":"https:\/\/masdechampel.geek-tonic.dev\/de\/wp-json\/wp\/v2\/types\/page"}],"author":[{"embeddable":true,"href":"https:\/\/masdechampel.geek-tonic.dev\/de\/wp-json\/wp\/v2\/users\/1"}],"replies":[{"embeddable":true,"href":"https:\/\/masdechampel.geek-tonic.dev\/de\/wp-json\/wp\/v2\/comments?post=2609"}],"version-history":[{"count":1,"href":"https:\/\/masdechampel.geek-tonic.dev\/de\/wp-json\/wp\/v2\/pages\/2609\/revisions"}],"predecessor-version":[{"id":2618,"href":"https:\/\/masdechampel.geek-tonic.dev\/de\/wp-json\/wp\/v2\/pages\/2609\/revisions\/2618"}],"wp:featuredmedia":[{"embeddable":true,"href":"https:\/\/masdechampel.geek-tonic.dev\/de\/wp-json\/wp\/v2\/media\/2614"}],"wp:attachment":[{"href":"https:\/\/masdechampel.geek-tonic.dev\/de\/wp-json\/wp\/v2\/media?parent=2609"}],"wp:term":[{"taxonomy":"sujet","embeddable":true,"href":"https:\/\/masdechampel.geek-tonic.dev\/de\/wp-json\/wp\/v2\/sujet?post=2609"}],"curies":[{"name":"wp","href":"https:\/\/api.w.org\/{rel}","templated":true}]}}