{"id":2600,"date":"2024-03-26T09:33:43","date_gmt":"2024-03-26T08:33:43","guid":{"rendered":"https:\/\/www.masdechampel.geek-tonic.dev\/campingplatz-animationen-les-ollieres-sur-eyrieux\/"},"modified":"2024-03-26T09:33:44","modified_gmt":"2024-03-26T08:33:44","slug":"campingplatz-animationen-les-ollieres-sur-eyrieux","status":"publish","type":"page","link":"https:\/\/masdechampel.geek-tonic.dev\/de\/campingplatz-animationen-les-ollieres-sur-eyrieux\/","title":{"rendered":"Unser Freizeitangebot"},"content":{"rendered":"<section id=\"ls-section-block_ede08245207a810c1489e4415d25f681\" class=\"ls-section  page-one has-background has-color-4-background-color has-m-t m-t-0 has-m-b m-b-0 has-p-t p-t-14 has-p-b p-b-14\" >\r\n        <div class=\"container container--wide\">\r\n        \n\n<div class=\"wp-block-columns are-vertically-aligned-center is-layout-flex wp-container-core-columns-is-layout-1 wp-block-columns-is-layout-flex\">\n<div class=\"wp-block-column is-vertically-aligned-center animated fadeInLeft delay-100ms slow is-layout-flow wp-block-column-is-layout-flow\" style=\"flex-basis:45%\">\n<figure class=\"wp-block-image size-full\"><a href=\"https:\/\/www.masdechampel.geek-tonic.dev\/wp-content\/uploads\/sites\/9\/sites\/9\/2023\/04\/camping-club-enfants-les-ollieres-sur-eyrieux.webp\"><img decoding=\"async\" width=\"920\" height=\"720\" src=\"https:\/\/www.masdechampel.geek-tonic.dev\/wp-content\/uploads\/sites\/9\/sites\/9\/2023\/04\/camping-club-enfants-les-ollieres-sur-eyrieux.webp\" alt=\"camping club enfants les ollieres sur eyrieux\" class=\"wp-image-1067\" srcset=\"https:\/\/masdechampel.geek-tonic.dev\/wp-content\/uploads\/sites\/9\/2023\/04\/camping-club-enfants-les-ollieres-sur-eyrieux.webp 920w, https:\/\/masdechampel.geek-tonic.dev\/wp-content\/uploads\/sites\/9\/2023\/04\/camping-club-enfants-les-ollieres-sur-eyrieux-300x235.webp 300w, https:\/\/masdechampel.geek-tonic.dev\/wp-content\/uploads\/sites\/9\/2023\/04\/camping-club-enfants-les-ollieres-sur-eyrieux-768x601.webp 768w\" sizes=\"(max-width: 920px) 100vw, 920px\" \/><\/a><\/figure>\n<\/div>\n\n\n\n<div class=\"wp-block-column is-vertically-aligned-center animated fadeInRight slow is-layout-flow wp-block-column-is-layout-flow\" style=\"flex-basis:55%\">\n<h1 class=\"ls__heading wp-block-heading has-text-align-left\">Camping mit Unterhaltung in Les Olli\u00e8res-sur-Eyrieux<\/h1>\n\n\n\n<h2 class=\"ls__heading wp-block-heading\">Kinderclub auf dem Campingplatz in der Ard\u00e8che<\/h2>\n\n\n\n<p class=\"ls-paragraph\">Auch Ihre Kinder werden ihren <a href=\"https:\/\/www.masdechampel.geek-tonic.dev\/de\/\">Campingurlaub<\/a> <a href=\"https:\/\/www.masdechampel.geek-tonic.dev\/de\/\">in Les Olli\u00e8res-sur-Eyrieux<\/a> in vollen Z\u00fcgen genie\u00dfen k\u00f6nnen!<\/p>\n\n\n\n<p class=\"ls-paragraph\">Der <strong>Kinderclub<\/strong> (Mister Flower Club f\u00fcr Kinder von 6 bis 12 Jahren) ist kostenlos, anmeldepflichtig und nur im Sommer von Montag bis Freitag vormittags von 10 bis 12 Uhr ge\u00f6ffnet. Es wird ein <strong>breites Spektrum an Aktivit\u00e4ten<\/strong> angeboten, darunter kreative Workshops, die Vorbereitung von Shows und Gruppenspiele.<\/p>\n\n\n\n<p class=\"ls-paragraph\">W\u00e4hrend Ihre Kleinen sich unter den wachsamen Augen unserer Animateure vergn\u00fcgen, g\u00f6nnen Sie sich eine wohlverdiente Wellness-Behandlung!<\/p>\n<\/div>\n<\/div>\n\n\r\n    <\/div>\r\n<\/section><section id=\"ls-section-block_610d28511f0f2cd11759da794a091d68\" class=\"ls-section  home-gallery has-background has-color-4-background-color has-m-t m-t-0 has-p-t p-t-0\" >\r\n        <div class=\"container container--full\">\r\n        \n\n<figure class=\"wp-block-gallery has-nested-images columns-1 is-cropped galerie-slider-container wp-block-gallery-1 is-layout-flex wp-block-gallery-is-layout-flex\">\n<figure class=\"wp-block-image size-large\"><a href=\"https:\/\/www.masdechampel.geek-tonic.dev\/wp-content\/uploads\/sites\/9\/sites\/9\/2023\/04\/camping-activites-familliales-les-ollieres-sur-eyrieux.webp\"><img decoding=\"async\" width=\"920\" height=\"720\" src=\"https:\/\/www.masdechampel.geek-tonic.dev\/wp-content\/uploads\/sites\/9\/sites\/9\/2023\/04\/camping-activites-familliales-les-ollieres-sur-eyrieux.webp\" alt=\"camping activites familliales les ollieres sur eyrieux\" class=\"wp-image-1061\" srcset=\"https:\/\/masdechampel.geek-tonic.dev\/wp-content\/uploads\/sites\/9\/2023\/04\/camping-activites-familliales-les-ollieres-sur-eyrieux.webp 920w, https:\/\/masdechampel.geek-tonic.dev\/wp-content\/uploads\/sites\/9\/2023\/04\/camping-activites-familliales-les-ollieres-sur-eyrieux-300x235.webp 300w, https:\/\/masdechampel.geek-tonic.dev\/wp-content\/uploads\/sites\/9\/2023\/04\/camping-activites-familliales-les-ollieres-sur-eyrieux-768x601.webp 768w\" sizes=\"(max-width: 920px) 100vw, 920px\" \/><\/a><\/figure>\n\n\n\n<figure class=\"wp-block-image size-large\"><a href=\"https:\/\/www.masdechampel.geek-tonic.dev\/wp-content\/uploads\/sites\/9\/sites\/9\/2023\/04\/camping-aire-jeux-les-ollieres-sur-eyrieux-1.webp\"><img decoding=\"async\" width=\"920\" height=\"720\" src=\"https:\/\/www.masdechampel.geek-tonic.dev\/wp-content\/uploads\/sites\/9\/sites\/9\/2023\/04\/camping-aire-jeux-les-ollieres-sur-eyrieux-1.webp\" alt=\"camping aire jeux les ollieres sur eyrieux 1\" class=\"wp-image-1064\" srcset=\"https:\/\/masdechampel.geek-tonic.dev\/wp-content\/uploads\/sites\/9\/2023\/04\/camping-aire-jeux-les-ollieres-sur-eyrieux-1.webp 920w, https:\/\/masdechampel.geek-tonic.dev\/wp-content\/uploads\/sites\/9\/2023\/04\/camping-aire-jeux-les-ollieres-sur-eyrieux-1-300x235.webp 300w, https:\/\/masdechampel.geek-tonic.dev\/wp-content\/uploads\/sites\/9\/2023\/04\/camping-aire-jeux-les-ollieres-sur-eyrieux-1-768x601.webp 768w\" sizes=\"(max-width: 920px) 100vw, 920px\" \/><\/a><\/figure>\n\n\n\n<figure class=\"wp-block-image size-large\"><a href=\"https:\/\/www.masdechampel.geek-tonic.dev\/wp-content\/uploads\/sites\/9\/sites\/9\/2023\/04\/camping-activites-enfants-les-ollieres-sur-eyrieux.webp\"><img decoding=\"async\" width=\"920\" height=\"720\" src=\"https:\/\/www.masdechampel.geek-tonic.dev\/wp-content\/uploads\/sites\/9\/sites\/9\/2023\/04\/camping-activites-enfants-les-ollieres-sur-eyrieux.webp\" alt=\"campingaktivit&#xE4;ten f&#xFC;r kinder les ollieres sur eyrieux\" class=\"wp-image-1058\" srcset=\"https:\/\/masdechampel.geek-tonic.dev\/wp-content\/uploads\/sites\/9\/2023\/04\/camping-activites-enfants-les-ollieres-sur-eyrieux.webp 920w, https:\/\/masdechampel.geek-tonic.dev\/wp-content\/uploads\/sites\/9\/2023\/04\/camping-activites-enfants-les-ollieres-sur-eyrieux-300x235.webp 300w, https:\/\/masdechampel.geek-tonic.dev\/wp-content\/uploads\/sites\/9\/2023\/04\/camping-activites-enfants-les-ollieres-sur-eyrieux-768x601.webp 768w\" sizes=\"(max-width: 920px) 100vw, 920px\" \/><\/a><\/figure>\n<\/figure>\n\n\r\n    <\/div>\r\n<\/section><section id=\"ls-section-block_8684ea546b33fd4516ed2308cf1525ad\" class=\"ls-section  page-one animated fadeInUp slow  has-m-t m-t-0 has-m-b m-b-0 has-p-t p-t-0 has-p-b p-b-0\" >\r\n        <div class=\"container container--wide\">\r\n        \n\n<h2 class=\"ls__heading wp-block-heading has-text-align-center\">Nehmen Sie an der Abendunterhaltung auf dem Campingplatz teil<\/h2>\n\n\n\n<p class=\"ls-paragraph has-text-align-center\">Camping-Urlaube reimen sich mit <strong>Unterhaltung und festlichen Abenden<\/strong>! Lernen Sie neue Leute kennen und am\u00fcsieren Sie sich bei den <strong>Festen, die<\/strong> der Campingplatz Mas de Champel in der Ard\u00e8che von Montag bis Freitag <strong>organisiert<\/strong>. Lotto, Kinderfest, Tanz, Karaoke, Konzerte: in der Sommerhitze der Ard\u00e8che ist die Stimmung am besten!<\/p>\n\n\n\n<p class=\"ls-paragraph has-text-align-center\">Lassen Sie sich f\u00fcr einen Abend auf dem Campingplatz von Olli\u00e8res-sur-Eyrieux zu einer kleinen Verr\u00fccktheit verleiten. Sie wollen bereits dort sein? Wir wissen, was Sie meinen!<\/p>\n\n\r\n    <\/div>\r\n<\/section><section id=\"ls-section-block_6bb57edcc62eef6bdef82b67d20bfb22\" class=\"ls-section  page-one aventure\" >\r\n        <div class=\"container container--wide\">\r\n        \n\n<div class=\"wp-block-columns is-layout-flex wp-container-core-columns-is-layout-2 wp-block-columns-is-layout-flex\">\n<div class=\"wp-block-column first animated fadeInLeft delay-100ms slow is-layout-flow wp-block-column-is-layout-flow\" style=\"flex-basis:45%\">\n<figure class=\"wp-block-image size-full\"><a href=\"https:\/\/www.masdechampel.geek-tonic.dev\/wp-content\/uploads\/sites\/9\/sites\/9\/2023\/04\/camping-beach-volley-les-ollieres-sur-eyrieux.webp\"><img decoding=\"async\" width=\"920\" height=\"720\" src=\"https:\/\/www.masdechampel.geek-tonic.dev\/wp-content\/uploads\/sites\/9\/sites\/9\/2023\/04\/camping-beach-volley-les-ollieres-sur-eyrieux.webp\" alt=\"camping strand volley les ollieres sur eyrieux\" class=\"wp-image-1072\" srcset=\"https:\/\/masdechampel.geek-tonic.dev\/wp-content\/uploads\/sites\/9\/2023\/04\/camping-beach-volley-les-ollieres-sur-eyrieux.webp 920w, https:\/\/masdechampel.geek-tonic.dev\/wp-content\/uploads\/sites\/9\/2023\/04\/camping-beach-volley-les-ollieres-sur-eyrieux-300x235.webp 300w, https:\/\/masdechampel.geek-tonic.dev\/wp-content\/uploads\/sites\/9\/2023\/04\/camping-beach-volley-les-ollieres-sur-eyrieux-768x601.webp 768w\" sizes=\"(max-width: 920px) 100vw, 920px\" \/><\/a><\/figure>\n<\/div>\n\n\n\n<div class=\"wp-block-column is-vertically-aligned-center second animated fadeInRight slow is-layout-flow wp-block-column-is-layout-flow\" style=\"flex-basis:55%\">\n<h2 class=\"ls__heading wp-block-heading has-text-align-left\">Campingplatz mit Sportanlagen<\/h2>\n\n\n\n<p class=\"ls-paragraph\">Ob Sie sich nun sportlich bet\u00e4tigen, sich verw\u00f6hnen lassen oder mit Ihren <strong>Kindern<\/strong> einen <strong>sportlichen Moment<\/strong> erleben m\u00f6chten, unsere zahlreichen <strong>Sportanlagen<\/strong> erwarten Sie: Kinderspielplatz, Trampolin, Bouleplatz, Tischtennis, Beachvolleyball.<\/p>\n\n\n\n<p class=\"ls-paragraph\">Bringen Sie Ihre Schl\u00e4ger, B\u00e4lle oder Petanque-Kugeln mit (der Campingplatz verleiht keine Sportger\u00e4te) und machen Sie sich bereit zum Spielen!<\/p>\n\n\n\n<p class=\"ls-paragraph\">Wenn Sie dem Alltag entfliehen m\u00f6chten, k\u00f6nnen Sie die <strong>zahlreichen Aktivit\u00e4ten in der N\u00e4he des Campingplatzes<\/strong> nutzen, darunter Wassersport auf dem Fluss, Wandern und Kajakfahren.<\/p>\n<\/div>\n<\/div>\n\n\r\n    <\/div>\r\n<\/section><section id=\"ls-section-block_d2b86def59aa4638d7e32d629fd70ac6\" class=\"ls-section  page-maillage experience\" >\r\n        <div class=\"container container--wide\">\r\n        \n\n<div id=\"ls-heading ls-titre-div-block_e2884e450f0cf66d4a35ce4cb21d7605\" class=\"ls-titre-div aligncenter h2-like\" >\n    Entdecken Sie unser Schwimmbad, unser Restaurant und das Flussufer<\/div>\n\n\n<div id=\"ls-maillage-block_ea21eafb26ee6deb2e5c11aaff3a6e8a\" class=\"ls-maillage cta-style-normal\" data-rows=\"3\">\n    <div class=\"wp-block-columns\"><div class=\"wp-block-column\"><div id=\"destinations\" class=\"ls-cta\">\n\n<a href=\"https:\/\/masdechampel.geek-tonic.dev\/de\/campingplatz-pool-les-ollieres-sur-eyrieux\/\" target=\"\" rel=\"noopener\" class=\"ls-cta__link\">\n\n\t<div class=\"ls-cta__image\"><img decoding=\"async\" src=\"https:\/\/masdechampel.geek-tonic.dev\/wp-content\/uploads\/sites\/9\/2023\/04\/camping-piscine-pataugeoire-ollieres-sur-eyrieux_resultat.webp\" alt=\"camping pool planschbecken ollieres sur eyrieux ergebnis\"><\/div>\n\t<div class=\"ls-cta__title\">\n\t\tSchwimmbad\t<\/div>\n\n\t\t\n<\/a><\/div><\/div><div class=\"wp-block-column\"><div id=\"destinations\" class=\"ls-cta\">\n\n<a href=\"https:\/\/masdechampel.geek-tonic.dev\/de\/camping-bord-riviere-les-ollieres-sur-eyrieux\/\" target=\"\" rel=\"noopener\" class=\"ls-cta__link\">\n\n\t<div class=\"ls-cta__image\"><img decoding=\"async\" src=\"https:\/\/masdechampel.geek-tonic.dev\/wp-content\/uploads\/sites\/9\/2023\/04\/locatif-bord-riviere-ardeche.webp\" alt=\"Mietobjekt am Rande des Flusses Ardeche\"><\/div>\n\t<div class=\"ls-cta__title\">\n\t\tFlussufer\t<\/div>\n\n\t\t\n<\/a><\/div><\/div><div class=\"wp-block-column\"><div id=\"destinations\" class=\"ls-cta\">\n\n<a href=\"https:\/\/masdechampel.geek-tonic.dev\/de\/wiederherstellung-les-ollieres-sur-eyrieux\/\" target=\"\" rel=\"noopener\" class=\"ls-cta__link\">\n\n\t<div class=\"ls-cta__image\"><img decoding=\"async\" src=\"https:\/\/masdechampel.geek-tonic.dev\/wp-content\/uploads\/sites\/9\/2023\/04\/snack-bar-ardeche.webp\" alt=\"Imbissstube Ardeche\"><\/div>\n\t<div class=\"ls-cta__title\">\n\t\tRestaurant\t<\/div>\n\n\t\t\n<\/a><\/div><\/div><\/div><\/div>\n\r\n    <\/div>\r\n<\/section>","protected":false},"excerpt":{"rendered":"","protected":false},"author":1,"featured_media":2606,"parent":0,"menu_order":0,"comment_status":"closed","ping_status":"closed","template":"","meta":{"_acf_changed":false,"footnotes":""},"sujet":[],"class_list":["post-2600","page","type-page","status-publish","has-post-thumbnail","hentry"],"acf":[],"yoast_head":"<!-- This site is optimized with the Yoast SEO plugin v23.9 - https:\/\/yoast.com\/wordpress\/plugins\/seo\/ -->\n<title>Camping Aktivit\u00e4ten Ard\u00e8che | Camping Animationen in Les Olli\u00e8res<\/title>\n<meta name=\"description\" content=\"Kommen Sie und genie\u00dfen Sie unsere Unterhaltung f\u00fcr Erwachsene und Kinder, Konzerte, Sportturniere und Shows. Familiencampingplatz in der Ard\u00e8che im Herzen der Natur.\" \/>\n<meta name=\"robots\" content=\"noindex, follow, max-snippet:-1, max-image-preview:large, max-video-preview:-1\" \/>\n<meta property=\"og:locale\" content=\"de_DE\" \/>\n<meta property=\"og:type\" content=\"article\" \/>\n<meta property=\"og:title\" content=\"Camping Aktivit\u00e4ten Ard\u00e8che | Camping Animationen in Les Olli\u00e8res\" \/>\n<meta property=\"og:description\" content=\"Kommen Sie und genie\u00dfen Sie unsere Unterhaltung f\u00fcr Erwachsene und Kinder, Konzerte, Sportturniere und Shows. Familiencampingplatz in der Ard\u00e8che im Herzen der Natur.\" \/>\n<meta property=\"og:url\" content=\"https:\/\/masdechampel.geek-tonic.dev\/de\/campingplatz-animationen-les-ollieres-sur-eyrieux\/\" \/>\n<meta property=\"og:site_name\" content=\"Le Mas de Champel\" \/>\n<meta property=\"article:modified_time\" content=\"2024-03-26T08:33:44+00:00\" \/>\n<meta property=\"og:image\" content=\"https:\/\/masdechampel.geek-tonic.dev\/wp-content\/uploads\/sites\/9\/2023\/04\/camping-ping-pong-les-ollieres-sur-eyrieux.webp\" \/>\n\t<meta property=\"og:image:width\" content=\"1903\" \/>\n\t<meta property=\"og:image:height\" content=\"550\" \/>\n\t<meta property=\"og:image:type\" content=\"image\/webp\" \/>\n<meta name=\"twitter:card\" content=\"summary_large_image\" \/>\n<meta name=\"twitter:label1\" content=\"Gesch\u00e4tzte Lesezeit\" \/>\n\t<meta name=\"twitter:data1\" content=\"1\u00a0Minute\" \/>\n<script type=\"application\/ld+json\" class=\"yoast-schema-graph\">{\"@context\":\"https:\/\/schema.org\",\"@graph\":[{\"@type\":\"WebPage\",\"@id\":\"https:\/\/masdechampel.geek-tonic.dev\/de\/campingplatz-animationen-les-ollieres-sur-eyrieux\/\",\"url\":\"https:\/\/masdechampel.geek-tonic.dev\/de\/campingplatz-animationen-les-ollieres-sur-eyrieux\/\",\"name\":\"Camping Aktivit\u00e4ten Ard\u00e8che | Camping Animationen in Les Olli\u00e8res\",\"isPartOf\":{\"@id\":\"https:\/\/masdechampel.geek-tonic.dev\/de\/#website\"},\"primaryImageOfPage\":{\"@id\":\"https:\/\/masdechampel.geek-tonic.dev\/de\/campingplatz-animationen-les-ollieres-sur-eyrieux\/#primaryimage\"},\"image\":{\"@id\":\"https:\/\/masdechampel.geek-tonic.dev\/de\/campingplatz-animationen-les-ollieres-sur-eyrieux\/#primaryimage\"},\"thumbnailUrl\":\"https:\/\/masdechampel.geek-tonic.dev\/wp-content\/uploads\/sites\/9\/2023\/04\/camping-ping-pong-les-ollieres-sur-eyrieux.webp\",\"datePublished\":\"2024-03-26T08:33:43+00:00\",\"dateModified\":\"2024-03-26T08:33:44+00:00\",\"description\":\"Kommen Sie und genie\u00dfen Sie unsere Unterhaltung f\u00fcr Erwachsene und Kinder, Konzerte, Sportturniere und Shows. Familiencampingplatz in der Ard\u00e8che im Herzen der Natur.\",\"breadcrumb\":{\"@id\":\"https:\/\/masdechampel.geek-tonic.dev\/de\/campingplatz-animationen-les-ollieres-sur-eyrieux\/#breadcrumb\"},\"inLanguage\":\"de\",\"potentialAction\":[{\"@type\":\"ReadAction\",\"target\":[\"https:\/\/masdechampel.geek-tonic.dev\/de\/campingplatz-animationen-les-ollieres-sur-eyrieux\/\"]}]},{\"@type\":\"ImageObject\",\"inLanguage\":\"de\",\"@id\":\"https:\/\/masdechampel.geek-tonic.dev\/de\/campingplatz-animationen-les-ollieres-sur-eyrieux\/#primaryimage\",\"url\":\"https:\/\/masdechampel.geek-tonic.dev\/wp-content\/uploads\/sites\/9\/2023\/04\/camping-ping-pong-les-ollieres-sur-eyrieux.webp\",\"contentUrl\":\"https:\/\/masdechampel.geek-tonic.dev\/wp-content\/uploads\/sites\/9\/2023\/04\/camping-ping-pong-les-ollieres-sur-eyrieux.webp\",\"width\":1903,\"height\":550,\"caption\":\"camping ping pong les ollieres sur eyrieux\"},{\"@type\":\"BreadcrumbList\",\"@id\":\"https:\/\/masdechampel.geek-tonic.dev\/de\/campingplatz-animationen-les-ollieres-sur-eyrieux\/#breadcrumb\",\"itemListElement\":[{\"@type\":\"ListItem\",\"position\":1,\"name\":\"Camping Ard\u00e8che\",\"item\":\"https:\/\/masdechampel.geek-tonic.dev\/de\/\"},{\"@type\":\"ListItem\",\"position\":2,\"name\":\"Campingplatz mit Aktivit\u00e4ten in Ard\u00e8che\"}]},{\"@type\":\"WebSite\",\"@id\":\"https:\/\/masdechampel.geek-tonic.dev\/de\/#website\",\"url\":\"https:\/\/masdechampel.geek-tonic.dev\/de\/\",\"name\":\"Le Mas de Champel\",\"description\":\"\",\"publisher\":{\"@id\":\"https:\/\/masdechampel.geek-tonic.dev\/de\/#organization\"},\"potentialAction\":[{\"@type\":\"SearchAction\",\"target\":{\"@type\":\"EntryPoint\",\"urlTemplate\":\"https:\/\/masdechampel.geek-tonic.dev\/de\/?s={search_term_string}\"},\"query-input\":{\"@type\":\"PropertyValueSpecification\",\"valueRequired\":true,\"valueName\":\"search_term_string\"}}],\"inLanguage\":\"de\"},{\"@type\":\"Organization\",\"@id\":\"https:\/\/masdechampel.geek-tonic.dev\/de\/#organization\",\"name\":\"Le Mas de Champel\",\"url\":\"https:\/\/masdechampel.geek-tonic.dev\/de\/\",\"logo\":{\"@type\":\"ImageObject\",\"inLanguage\":\"de\",\"@id\":\"https:\/\/masdechampel.geek-tonic.dev\/de\/#\/schema\/logo\/image\/\",\"url\":\"https:\/\/masdechampel.geek-tonic.dev\/wp-content\/uploads\/sites\/9\/2023\/03\/cropped-logo-Flower-camping-Le-Mas-de-Champel.png\",\"contentUrl\":\"https:\/\/masdechampel.geek-tonic.dev\/wp-content\/uploads\/sites\/9\/2023\/03\/cropped-logo-Flower-camping-Le-Mas-de-Champel.png\",\"width\":500,\"height\":660,\"caption\":\"Le Mas de Champel\"},\"image\":{\"@id\":\"https:\/\/masdechampel.geek-tonic.dev\/de\/#\/schema\/logo\/image\/\"}}]}<\/script>\n<!-- \/ Yoast SEO plugin. -->","yoast_head_json":{"title":"Camping Aktivit\u00e4ten Ard\u00e8che | Camping Animationen in Les Olli\u00e8res","description":"Kommen Sie und genie\u00dfen Sie unsere Unterhaltung f\u00fcr Erwachsene und Kinder, Konzerte, Sportturniere und Shows. Familiencampingplatz in der Ard\u00e8che im Herzen der Natur.","robots":{"index":"noindex","follow":"follow","max-snippet":"max-snippet:-1","max-image-preview":"max-image-preview:large","max-video-preview":"max-video-preview:-1"},"og_locale":"de_DE","og_type":"article","og_title":"Camping Aktivit\u00e4ten Ard\u00e8che | Camping Animationen in Les Olli\u00e8res","og_description":"Kommen Sie und genie\u00dfen Sie unsere Unterhaltung f\u00fcr Erwachsene und Kinder, Konzerte, Sportturniere und Shows. Familiencampingplatz in der Ard\u00e8che im Herzen der Natur.","og_url":"https:\/\/masdechampel.geek-tonic.dev\/de\/campingplatz-animationen-les-ollieres-sur-eyrieux\/","og_site_name":"Le Mas de Champel","article_modified_time":"2024-03-26T08:33:44+00:00","og_image":[{"width":1903,"height":550,"url":"https:\/\/masdechampel.geek-tonic.dev\/wp-content\/uploads\/sites\/9\/2023\/04\/camping-ping-pong-les-ollieres-sur-eyrieux.webp","type":"image\/webp"}],"twitter_card":"summary_large_image","twitter_misc":{"Gesch\u00e4tzte Lesezeit":"1\u00a0Minute"},"schema":{"@context":"https:\/\/schema.org","@graph":[{"@type":"WebPage","@id":"https:\/\/masdechampel.geek-tonic.dev\/de\/campingplatz-animationen-les-ollieres-sur-eyrieux\/","url":"https:\/\/masdechampel.geek-tonic.dev\/de\/campingplatz-animationen-les-ollieres-sur-eyrieux\/","name":"Camping Aktivit\u00e4ten Ard\u00e8che | Camping Animationen in Les Olli\u00e8res","isPartOf":{"@id":"https:\/\/masdechampel.geek-tonic.dev\/de\/#website"},"primaryImageOfPage":{"@id":"https:\/\/masdechampel.geek-tonic.dev\/de\/campingplatz-animationen-les-ollieres-sur-eyrieux\/#primaryimage"},"image":{"@id":"https:\/\/masdechampel.geek-tonic.dev\/de\/campingplatz-animationen-les-ollieres-sur-eyrieux\/#primaryimage"},"thumbnailUrl":"https:\/\/masdechampel.geek-tonic.dev\/wp-content\/uploads\/sites\/9\/2023\/04\/camping-ping-pong-les-ollieres-sur-eyrieux.webp","datePublished":"2024-03-26T08:33:43+00:00","dateModified":"2024-03-26T08:33:44+00:00","description":"Kommen Sie und genie\u00dfen Sie unsere Unterhaltung f\u00fcr Erwachsene und Kinder, Konzerte, Sportturniere und Shows. Familiencampingplatz in der Ard\u00e8che im Herzen der Natur.","breadcrumb":{"@id":"https:\/\/masdechampel.geek-tonic.dev\/de\/campingplatz-animationen-les-ollieres-sur-eyrieux\/#breadcrumb"},"inLanguage":"de","potentialAction":[{"@type":"ReadAction","target":["https:\/\/masdechampel.geek-tonic.dev\/de\/campingplatz-animationen-les-ollieres-sur-eyrieux\/"]}]},{"@type":"ImageObject","inLanguage":"de","@id":"https:\/\/masdechampel.geek-tonic.dev\/de\/campingplatz-animationen-les-ollieres-sur-eyrieux\/#primaryimage","url":"https:\/\/masdechampel.geek-tonic.dev\/wp-content\/uploads\/sites\/9\/2023\/04\/camping-ping-pong-les-ollieres-sur-eyrieux.webp","contentUrl":"https:\/\/masdechampel.geek-tonic.dev\/wp-content\/uploads\/sites\/9\/2023\/04\/camping-ping-pong-les-ollieres-sur-eyrieux.webp","width":1903,"height":550,"caption":"camping ping pong les ollieres sur eyrieux"},{"@type":"BreadcrumbList","@id":"https:\/\/masdechampel.geek-tonic.dev\/de\/campingplatz-animationen-les-ollieres-sur-eyrieux\/#breadcrumb","itemListElement":[{"@type":"ListItem","position":1,"name":"Camping Ard\u00e8che","item":"https:\/\/masdechampel.geek-tonic.dev\/de\/"},{"@type":"ListItem","position":2,"name":"Campingplatz mit Aktivit\u00e4ten in Ard\u00e8che"}]},{"@type":"WebSite","@id":"https:\/\/masdechampel.geek-tonic.dev\/de\/#website","url":"https:\/\/masdechampel.geek-tonic.dev\/de\/","name":"Le Mas de Champel","description":"","publisher":{"@id":"https:\/\/masdechampel.geek-tonic.dev\/de\/#organization"},"potentialAction":[{"@type":"SearchAction","target":{"@type":"EntryPoint","urlTemplate":"https:\/\/masdechampel.geek-tonic.dev\/de\/?s={search_term_string}"},"query-input":{"@type":"PropertyValueSpecification","valueRequired":true,"valueName":"search_term_string"}}],"inLanguage":"de"},{"@type":"Organization","@id":"https:\/\/masdechampel.geek-tonic.dev\/de\/#organization","name":"Le Mas de Champel","url":"https:\/\/masdechampel.geek-tonic.dev\/de\/","logo":{"@type":"ImageObject","inLanguage":"de","@id":"https:\/\/masdechampel.geek-tonic.dev\/de\/#\/schema\/logo\/image\/","url":"https:\/\/masdechampel.geek-tonic.dev\/wp-content\/uploads\/sites\/9\/2023\/03\/cropped-logo-Flower-camping-Le-Mas-de-Champel.png","contentUrl":"https:\/\/masdechampel.geek-tonic.dev\/wp-content\/uploads\/sites\/9\/2023\/03\/cropped-logo-Flower-camping-Le-Mas-de-Champel.png","width":500,"height":660,"caption":"Le Mas de Champel"},"image":{"@id":"https:\/\/masdechampel.geek-tonic.dev\/de\/#\/schema\/logo\/image\/"}}]}},"_links":{"self":[{"href":"https:\/\/masdechampel.geek-tonic.dev\/de\/wp-json\/wp\/v2\/pages\/2600","targetHints":{"allow":["GET"]}}],"collection":[{"href":"https:\/\/masdechampel.geek-tonic.dev\/de\/wp-json\/wp\/v2\/pages"}],"about":[{"href":"https:\/\/masdechampel.geek-tonic.dev\/de\/wp-json\/wp\/v2\/types\/page"}],"author":[{"embeddable":true,"href":"https:\/\/masdechampel.geek-tonic.dev\/de\/wp-json\/wp\/v2\/users\/1"}],"replies":[{"embeddable":true,"href":"https:\/\/masdechampel.geek-tonic.dev\/de\/wp-json\/wp\/v2\/comments?post=2600"}],"version-history":[{"count":1,"href":"https:\/\/masdechampel.geek-tonic.dev\/de\/wp-json\/wp\/v2\/pages\/2600\/revisions"}],"predecessor-version":[{"id":2608,"href":"https:\/\/masdechampel.geek-tonic.dev\/de\/wp-json\/wp\/v2\/pages\/2600\/revisions\/2608"}],"wp:featuredmedia":[{"embeddable":true,"href":"https:\/\/masdechampel.geek-tonic.dev\/de\/wp-json\/wp\/v2\/media\/2606"}],"wp:attachment":[{"href":"https:\/\/masdechampel.geek-tonic.dev\/de\/wp-json\/wp\/v2\/media?parent=2600"}],"wp:term":[{"taxonomy":"sujet","embeddable":true,"href":"https:\/\/masdechampel.geek-tonic.dev\/de\/wp-json\/wp\/v2\/sujet?post=2600"}],"curies":[{"name":"wp","href":"https:\/\/api.w.org\/{rel}","templated":true}]}}