{"id":2590,"date":"2024-03-26T09:32:23","date_gmt":"2024-03-26T08:32:23","guid":{"rendered":"https:\/\/www.masdechampel.geek-tonic.dev\/billig-camping-les-ollieres-sur-eyrieux\/"},"modified":"2024-03-26T09:32:24","modified_gmt":"2024-03-26T08:32:24","slug":"billig-camping-les-ollieres-sur-eyrieux","status":"publish","type":"page","link":"https:\/\/masdechampel.geek-tonic.dev\/de\/billig-camping-les-ollieres-sur-eyrieux\/","title":{"rendered":"Unsere Werbeaktionen"},"content":{"rendered":"<section id=\"ls-section-block_fe7bb66f2cd48e0f6d6d7ea6a82f0526\" class=\"ls-section  m-t-0 has-background has-color-4-background-color has-m-t m-t-0 has-m-b m-b-6 has-p-t p-t-14 has-p-b p-b-6\" >\r\n        <div class=\"container container--wide\">\r\n        \n\n<h1 class=\"ls__heading wp-block-heading has-text-align-center m-b-5\">Campingangebote f\u00fcr Ihren Aufenthalt in der Ard\u00e8che<\/h1>\n\n\r\n    <\/div>\r\n<\/section><section id=\"ls-section-block_18e0a2b04e9711e0ef173a9c1c4a6704\" class=\"ls-section  has-m-t m-t-0 has-m-b m-b-0 has-p-t p-t-0 has-p-b p-b-0\" >\r\n        <div class=\"container \">\r\n        \n\n<script>\n    window.ctoutvert = {\n\t\tid: 2370, \n\t\tlang: 'auto', \n\t\turl: 'https:\/\/bookingpremium.secureholiday.net\/widgets\/'\n    };\n\n    (function (w, d, s, ctv, r, js, fjs) {\n        r=new XMLHttpRequest();r.open('GET',w[ctv].url+'js\/src.json');\n        r.responseType='json';r.json=true;r.send();\n        r.onload=function(){w[ctv].src=r.responseType=='json'?r.response:JSON.parse(r.response);\n        js.src=w[ctv].src[0];fjs.parentNode.insertBefore(js, fjs);}\n        js=d.createElement(s),fjs=d.getElementsByTagName(s)[0];\n        js.id='ctvwidget';js.async=1;\n    }(window, document, 'script', 'ctoutvert'));\n<\/script>\n<ctv-offers data-display-mode=\"carousel\"><\/ctv-offers>\n\n\r\n    <\/div>\r\n<\/section><section id=\"ls-section-block_9dd19b52a226686bc58e6fd46ddb57ac\" class=\"ls-section  page-one aventure\" >\r\n        <div class=\"container container--wide\">\r\n        \n\n<div class=\"wp-block-columns is-layout-flex wp-container-core-columns-is-layout-1 wp-block-columns-is-layout-flex\">\n<div class=\"wp-block-column first animated fadeInLeft delay-100ms slow is-layout-flow wp-block-column-is-layout-flow\" style=\"flex-basis:50%\">\n<h2 class=\"ls__heading wp-block-heading has-text-align-left\">Profitieren Sie von unseren Blumenangeboten<\/h2>\n\n\n\n<p class=\"ls-paragraph\">Sind Sie auf der Suche nach einem Campingplatz mit <strong>attraktiven Sonderangeboten<\/strong>? Bleiben Sie hier und entdecken Sie einen Campingplatz mit Promotionen, das Mas de Champel im Herzen der Ard\u00e8che buissonni\u00e8re, im Herzen der Natur, in einer au\u00dfergew\u00f6hnlichen Umgebung! Profitieren Sie von unseren <strong>Sonderangeboten<\/strong> f\u00fcr g\u00fcnstiges saisonales Camping in einer privilegierten Umgebung.<\/p>\n\n\n\n<p class=\"ls-paragraph\">Nutzen Sie jetzt die <strong>Blumenangebote<\/strong> des <a href=\"https:\/\/www.masdechampel.geek-tonic.dev\/de\/\">Campingplatzes in Les Olli\u00e8res-sur-Eyrieux<\/a>! Warten Sie nicht l\u00e4nger, bleiben Sie in Verbindung! Und gehen Sie mit einem besonderen Paar- oder Familienangebot f\u00fcr Ihren n\u00e4chsten Sommerurlaub!<\/p>\n\n\n\n<h2 class=\"ls__heading wp-block-heading has-text-align-left\">Fr\u00fchzeitig buchen, um die besten Preise zu erhalten<\/h2>\n\n\n\n<p class=\"ls-paragraph\">Ihr Campingplatz mit Sonderangeboten das ganze Jahr \u00fcber? Le Mas de Champel in Les Olli\u00e8res-sur-Eyrieux, Ard\u00e8che! Ihr Campingplatz <strong>bietet<\/strong> Ihnen <strong>Fr\u00fchbucherangebote<\/strong>, damit Sie Ihren <strong>Natururlaub zum besten Preis<\/strong> antreten k\u00f6nnen.  <\/p>\n\n\n\n<p class=\"ls-paragraph\">Warten Sie nicht l\u00e4nger! Buchen Sie Ihr <a href=\"https:\/\/www.masdechampel.geek-tonic.dev\/de\/miet-mobil-home-les-ollieres-sur-eyrieux\/\">Mobilheim<\/a>, Ihre H\u00fctte, Ihr Zelt, Ihr Tipi oder Ihren Stellplatz jetzt und <strong>profitieren Sie von Rabatten f\u00fcr Ihren<\/strong> <strong>Campingurlaub<\/strong>! Fr\u00fchbucherangebote: Camping zum besten Preis f\u00fcr die ganze Familie! G\u00fcltig bis 31. Januar, bis zu <strong>30 % Rabatt unter Vorbehalt<\/strong>.<\/p>\n<\/div>\n\n\n\n<div class=\"wp-block-column is-vertically-aligned-top second animated fadeInRight slow is-layout-flow wp-block-column-is-layout-flow\" style=\"flex-basis:50%\">\n<h2 class=\"ls__heading wp-block-heading has-text-align-left\">Unsere Sonderangebote f\u00fcr Ihren langen Aufenthalt<\/h2>\n\n\n\n<p class=\"ls-paragraph\">Sie m\u00f6chten diesen Sommer einen l\u00e4ngeren Aufenthalt auf einem Campingplatz in Les Olli\u00e8res-sur-Eyrieux in der Ard\u00e8che verbringen?<\/p>\n\n\n\n<p class=\"ls-paragraph\">Le Mas de Champel bietet regelm\u00e4\u00dfig Sonderangebote f\u00fcr lange Aufenthalte:<strong> -10% f\u00fcr lange Aufenthalte in der Nebensaison ab 14 N\u00e4chten<\/strong>. Buchen Sie jetzt Ihre Unterkunft oder Ihren <a href=\"https:\/\/www.masdechampel.geek-tonic.dev\/location-emplacement-les-ollieres-sur-eyrieux\/\">Stellplatz<\/a> in einer nat\u00fcrlichen, authentischen und gr\u00fcnen Umgebung mit einem atemberaubenden Panoramablick \u00fcber das Tal!<\/p>\n\n\n\n<h2 class=\"ls__heading wp-block-heading has-text-align-left\">Unsere speziellen Angebote f\u00fcr Paare<\/h2>\n\n\n\n<p class=\"ls-paragraph\">Es gibt keinen besseren Ort f\u00fcr einen erholsamen Urlaub zu zweit als Les Olli\u00e8res-sur-Eyrieux, auf dem Campingplatz Mas de Champel. Nutzen Sie unsere Sonderangebote f\u00fcr einen romantischen Kurzurlaub in einer unserer atypischen Unterk\u00fcnfte oder Mobilheime. Profitieren Sie von unserem <strong>speziellen Angebot f\u00fcr Paare ab 199 \u20ac pro Woche in der Nebensaison<\/strong>. Dies ist die perfekte Gelegenheit, <strong>Glamping in v\u00f6lliger Verbindung mit der Natur<\/strong> zu entdecken!<\/p>\n\n\n\n<p class=\"ls-paragraph\">Um Ihre Unterkunft oder Ihren Stellplatz zu reservieren, klicken Sie hier!<\/p>\n<\/div>\n<\/div>\n\n\r\n    <\/div>\r\n<\/section><section id=\"ls-section-block_ccf7cccc862a8def1de38784cef58eac\" class=\"ls-section  page-maillage experience has-m-t m-t-0\" >\r\n        <div class=\"container container--wide\">\r\n        \n\n<div id=\"ls-heading ls-titre-div-block_61c203a97873abb42485387969eb5313\" class=\"ls-titre-div aligncenter h2-like\" >\n    Entdecken Sie unsere Unterk\u00fcnfte und unser Engagement<\/div>\n\n\n<div id=\"ls-maillage-block_2e6f2d65608b39e120961f883494e7e9\" class=\"ls-maillage cta-style-normal\" data-rows=\"3\">\n    <div class=\"wp-block-columns\"><div class=\"wp-block-column\"><div id=\"destinations\" class=\"ls-cta\">\n\n<a href=\"https:\/\/masdechampel.geek-tonic.dev\/de\/miet-mobil-home-les-ollieres-sur-eyrieux\/\" target=\"\" rel=\"noopener\" class=\"ls-cta__link\">\n\n\t<div class=\"ls-cta__image\"><img decoding=\"async\" src=\"https:\/\/masdechampel.geek-tonic.dev\/wp-content\/uploads\/sites\/9\/2023\/04\/location-insolite-les-ollieres-sur-eyrieux.webp\" alt=\"ungew\u00f6hnliche Vermietung les ollieres sur eyrieux\"><\/div>\n\t<div class=\"ls-cta__title\">\n\t\tMobilheime\t<\/div>\n\n\t\t\n<\/a><\/div><\/div><div class=\"wp-block-column\"><div id=\"destinations\" class=\"ls-cta\">\n\n<a href=\"https:\/\/masdechampel.geek-tonic.dev\/de\/stellplatz-mieten-les-ollieres-sur-eyrieux\/\" target=\"\" rel=\"noopener\" class=\"ls-cta__link\">\n\n\t<div class=\"ls-cta__image\"><img decoding=\"async\" src=\"https:\/\/masdechampel.geek-tonic.dev\/wp-content\/uploads\/sites\/9\/2023\/04\/location-emplacement-les-ollieres-sur-eyrieux.webp\" alt=\"Stellplatzvermietung les ollieres sur eyrieux\"><\/div>\n\t<div class=\"ls-cta__title\">\n\t\tStellpl\u00e4tze\t<\/div>\n\n\t\t\n<\/a><\/div><\/div><div class=\"wp-block-column\"><div id=\"destinations\" class=\"ls-cta\">\n\n<a href=\"https:\/\/masdechampel.geek-tonic.dev\/de\/campingplatz-flower-les-ollieres-sur-eyrieux\/\" target=\"\" rel=\"noopener\" class=\"ls-cta__link\">\n\n\t<div class=\"ls-cta__image\"><img decoding=\"async\" src=\"https:\/\/masdechampel.geek-tonic.dev\/wp-content\/uploads\/sites\/9\/2023\/04\/camping-engagements-environnementaux-les-ollieres-sur-eyrieux.webp\" alt=\"Camping-Engagements in der Umwelt les ollieres sur eyrieux\"><\/div>\n\t<div class=\"ls-cta__title\">\n\t\t\u00d6kologie\t<\/div>\n\n\t\t\n<\/a><\/div><\/div><\/div><\/div>\n\r\n    <\/div>\r\n<\/section>","protected":false},"excerpt":{"rendered":"","protected":false},"author":1,"featured_media":2592,"parent":0,"menu_order":0,"comment_status":"closed","ping_status":"closed","template":"","meta":{"_acf_changed":false,"footnotes":""},"sujet":[],"class_list":["post-2590","page","type-page","status-publish","has-post-thumbnail","hentry"],"acf":[],"yoast_head":"<!-- This site is optimized with the Yoast SEO plugin v23.9 - https:\/\/yoast.com\/wordpress\/plugins\/seo\/ -->\n<title>Camping promotion Ard\u00e8che | Camping Flower Angebote in Les Olli\u00e8res<\/title>\n<meta name=\"robots\" content=\"noindex, follow, max-snippet:-1, max-image-preview:large, max-video-preview:-1\" \/>\n<meta property=\"og:locale\" content=\"de_DE\" \/>\n<meta property=\"og:type\" content=\"article\" \/>\n<meta property=\"og:title\" content=\"Camping promotion Ard\u00e8che | Camping Flower Angebote in Les Olli\u00e8res\" \/>\n<meta property=\"og:url\" content=\"https:\/\/masdechampel.geek-tonic.dev\/de\/billig-camping-les-ollieres-sur-eyrieux\/\" \/>\n<meta property=\"og:site_name\" content=\"Le Mas de Champel\" \/>\n<meta property=\"article:modified_time\" content=\"2024-03-26T08:32:24+00:00\" \/>\n<meta property=\"og:image\" content=\"https:\/\/masdechampel.geek-tonic.dev\/wp-content\/uploads\/sites\/9\/2023\/04\/camping-promotion-les-ollieres-sur-eyrieux.webp\" \/>\n\t<meta property=\"og:image:width\" content=\"1950\" \/>\n\t<meta property=\"og:image:height\" content=\"550\" \/>\n\t<meta property=\"og:image:type\" content=\"image\/webp\" \/>\n<meta name=\"twitter:card\" content=\"summary_large_image\" \/>\n<meta name=\"twitter:label1\" content=\"Gesch\u00e4tzte Lesezeit\" \/>\n\t<meta name=\"twitter:data1\" content=\"2\u00a0Minuten\" \/>\n<script type=\"application\/ld+json\" class=\"yoast-schema-graph\">{\"@context\":\"https:\/\/schema.org\",\"@graph\":[{\"@type\":\"WebPage\",\"@id\":\"https:\/\/masdechampel.geek-tonic.dev\/de\/billig-camping-les-ollieres-sur-eyrieux\/\",\"url\":\"https:\/\/masdechampel.geek-tonic.dev\/de\/billig-camping-les-ollieres-sur-eyrieux\/\",\"name\":\"Camping promotion Ard\u00e8che | Camping Flower Angebote in Les Olli\u00e8res\",\"isPartOf\":{\"@id\":\"https:\/\/masdechampel.geek-tonic.dev\/de\/#website\"},\"primaryImageOfPage\":{\"@id\":\"https:\/\/masdechampel.geek-tonic.dev\/de\/billig-camping-les-ollieres-sur-eyrieux\/#primaryimage\"},\"image\":{\"@id\":\"https:\/\/masdechampel.geek-tonic.dev\/de\/billig-camping-les-ollieres-sur-eyrieux\/#primaryimage\"},\"thumbnailUrl\":\"https:\/\/masdechampel.geek-tonic.dev\/wp-content\/uploads\/sites\/9\/2023\/04\/camping-promotion-les-ollieres-sur-eyrieux.webp\",\"datePublished\":\"2024-03-26T08:32:23+00:00\",\"dateModified\":\"2024-03-26T08:32:24+00:00\",\"breadcrumb\":{\"@id\":\"https:\/\/masdechampel.geek-tonic.dev\/de\/billig-camping-les-ollieres-sur-eyrieux\/#breadcrumb\"},\"inLanguage\":\"de\",\"potentialAction\":[{\"@type\":\"ReadAction\",\"target\":[\"https:\/\/masdechampel.geek-tonic.dev\/de\/billig-camping-les-ollieres-sur-eyrieux\/\"]}]},{\"@type\":\"ImageObject\",\"inLanguage\":\"de\",\"@id\":\"https:\/\/masdechampel.geek-tonic.dev\/de\/billig-camping-les-ollieres-sur-eyrieux\/#primaryimage\",\"url\":\"https:\/\/masdechampel.geek-tonic.dev\/wp-content\/uploads\/sites\/9\/2023\/04\/camping-promotion-les-ollieres-sur-eyrieux.webp\",\"contentUrl\":\"https:\/\/masdechampel.geek-tonic.dev\/wp-content\/uploads\/sites\/9\/2023\/04\/camping-promotion-les-ollieres-sur-eyrieux.webp\",\"width\":1950,\"height\":550,\"caption\":\"camping promotion les ollieres sur eyrieux\"},{\"@type\":\"BreadcrumbList\",\"@id\":\"https:\/\/masdechampel.geek-tonic.dev\/de\/billig-camping-les-ollieres-sur-eyrieux\/#breadcrumb\",\"itemListElement\":[{\"@type\":\"ListItem\",\"position\":1,\"name\":\"Camping Ard\u00e8che\",\"item\":\"https:\/\/masdechampel.geek-tonic.dev\/de\/\"},{\"@type\":\"ListItem\",\"position\":2,\"name\":\"Camping Blumenangebote in Les Olli\u00e8res\"}]},{\"@type\":\"WebSite\",\"@id\":\"https:\/\/masdechampel.geek-tonic.dev\/de\/#website\",\"url\":\"https:\/\/masdechampel.geek-tonic.dev\/de\/\",\"name\":\"Le Mas de Champel\",\"description\":\"\",\"publisher\":{\"@id\":\"https:\/\/masdechampel.geek-tonic.dev\/de\/#organization\"},\"potentialAction\":[{\"@type\":\"SearchAction\",\"target\":{\"@type\":\"EntryPoint\",\"urlTemplate\":\"https:\/\/masdechampel.geek-tonic.dev\/de\/?s={search_term_string}\"},\"query-input\":{\"@type\":\"PropertyValueSpecification\",\"valueRequired\":true,\"valueName\":\"search_term_string\"}}],\"inLanguage\":\"de\"},{\"@type\":\"Organization\",\"@id\":\"https:\/\/masdechampel.geek-tonic.dev\/de\/#organization\",\"name\":\"Le Mas de Champel\",\"url\":\"https:\/\/masdechampel.geek-tonic.dev\/de\/\",\"logo\":{\"@type\":\"ImageObject\",\"inLanguage\":\"de\",\"@id\":\"https:\/\/masdechampel.geek-tonic.dev\/de\/#\/schema\/logo\/image\/\",\"url\":\"https:\/\/masdechampel.geek-tonic.dev\/wp-content\/uploads\/sites\/9\/2023\/03\/cropped-logo-Flower-camping-Le-Mas-de-Champel.png\",\"contentUrl\":\"https:\/\/masdechampel.geek-tonic.dev\/wp-content\/uploads\/sites\/9\/2023\/03\/cropped-logo-Flower-camping-Le-Mas-de-Champel.png\",\"width\":500,\"height\":660,\"caption\":\"Le Mas de Champel\"},\"image\":{\"@id\":\"https:\/\/masdechampel.geek-tonic.dev\/de\/#\/schema\/logo\/image\/\"}}]}<\/script>\n<!-- \/ Yoast SEO plugin. -->","yoast_head_json":{"title":"Camping promotion Ard\u00e8che | Camping Flower Angebote in Les Olli\u00e8res","robots":{"index":"noindex","follow":"follow","max-snippet":"max-snippet:-1","max-image-preview":"max-image-preview:large","max-video-preview":"max-video-preview:-1"},"og_locale":"de_DE","og_type":"article","og_title":"Camping promotion Ard\u00e8che | Camping Flower Angebote in Les Olli\u00e8res","og_url":"https:\/\/masdechampel.geek-tonic.dev\/de\/billig-camping-les-ollieres-sur-eyrieux\/","og_site_name":"Le Mas de Champel","article_modified_time":"2024-03-26T08:32:24+00:00","og_image":[{"width":1950,"height":550,"url":"https:\/\/masdechampel.geek-tonic.dev\/wp-content\/uploads\/sites\/9\/2023\/04\/camping-promotion-les-ollieres-sur-eyrieux.webp","type":"image\/webp"}],"twitter_card":"summary_large_image","twitter_misc":{"Gesch\u00e4tzte Lesezeit":"2\u00a0Minuten"},"schema":{"@context":"https:\/\/schema.org","@graph":[{"@type":"WebPage","@id":"https:\/\/masdechampel.geek-tonic.dev\/de\/billig-camping-les-ollieres-sur-eyrieux\/","url":"https:\/\/masdechampel.geek-tonic.dev\/de\/billig-camping-les-ollieres-sur-eyrieux\/","name":"Camping promotion Ard\u00e8che | Camping Flower Angebote in Les Olli\u00e8res","isPartOf":{"@id":"https:\/\/masdechampel.geek-tonic.dev\/de\/#website"},"primaryImageOfPage":{"@id":"https:\/\/masdechampel.geek-tonic.dev\/de\/billig-camping-les-ollieres-sur-eyrieux\/#primaryimage"},"image":{"@id":"https:\/\/masdechampel.geek-tonic.dev\/de\/billig-camping-les-ollieres-sur-eyrieux\/#primaryimage"},"thumbnailUrl":"https:\/\/masdechampel.geek-tonic.dev\/wp-content\/uploads\/sites\/9\/2023\/04\/camping-promotion-les-ollieres-sur-eyrieux.webp","datePublished":"2024-03-26T08:32:23+00:00","dateModified":"2024-03-26T08:32:24+00:00","breadcrumb":{"@id":"https:\/\/masdechampel.geek-tonic.dev\/de\/billig-camping-les-ollieres-sur-eyrieux\/#breadcrumb"},"inLanguage":"de","potentialAction":[{"@type":"ReadAction","target":["https:\/\/masdechampel.geek-tonic.dev\/de\/billig-camping-les-ollieres-sur-eyrieux\/"]}]},{"@type":"ImageObject","inLanguage":"de","@id":"https:\/\/masdechampel.geek-tonic.dev\/de\/billig-camping-les-ollieres-sur-eyrieux\/#primaryimage","url":"https:\/\/masdechampel.geek-tonic.dev\/wp-content\/uploads\/sites\/9\/2023\/04\/camping-promotion-les-ollieres-sur-eyrieux.webp","contentUrl":"https:\/\/masdechampel.geek-tonic.dev\/wp-content\/uploads\/sites\/9\/2023\/04\/camping-promotion-les-ollieres-sur-eyrieux.webp","width":1950,"height":550,"caption":"camping promotion les ollieres sur eyrieux"},{"@type":"BreadcrumbList","@id":"https:\/\/masdechampel.geek-tonic.dev\/de\/billig-camping-les-ollieres-sur-eyrieux\/#breadcrumb","itemListElement":[{"@type":"ListItem","position":1,"name":"Camping Ard\u00e8che","item":"https:\/\/masdechampel.geek-tonic.dev\/de\/"},{"@type":"ListItem","position":2,"name":"Camping Blumenangebote in Les Olli\u00e8res"}]},{"@type":"WebSite","@id":"https:\/\/masdechampel.geek-tonic.dev\/de\/#website","url":"https:\/\/masdechampel.geek-tonic.dev\/de\/","name":"Le Mas de Champel","description":"","publisher":{"@id":"https:\/\/masdechampel.geek-tonic.dev\/de\/#organization"},"potentialAction":[{"@type":"SearchAction","target":{"@type":"EntryPoint","urlTemplate":"https:\/\/masdechampel.geek-tonic.dev\/de\/?s={search_term_string}"},"query-input":{"@type":"PropertyValueSpecification","valueRequired":true,"valueName":"search_term_string"}}],"inLanguage":"de"},{"@type":"Organization","@id":"https:\/\/masdechampel.geek-tonic.dev\/de\/#organization","name":"Le Mas de Champel","url":"https:\/\/masdechampel.geek-tonic.dev\/de\/","logo":{"@type":"ImageObject","inLanguage":"de","@id":"https:\/\/masdechampel.geek-tonic.dev\/de\/#\/schema\/logo\/image\/","url":"https:\/\/masdechampel.geek-tonic.dev\/wp-content\/uploads\/sites\/9\/2023\/03\/cropped-logo-Flower-camping-Le-Mas-de-Champel.png","contentUrl":"https:\/\/masdechampel.geek-tonic.dev\/wp-content\/uploads\/sites\/9\/2023\/03\/cropped-logo-Flower-camping-Le-Mas-de-Champel.png","width":500,"height":660,"caption":"Le Mas de Champel"},"image":{"@id":"https:\/\/masdechampel.geek-tonic.dev\/de\/#\/schema\/logo\/image\/"}}]}},"_links":{"self":[{"href":"https:\/\/masdechampel.geek-tonic.dev\/de\/wp-json\/wp\/v2\/pages\/2590","targetHints":{"allow":["GET"]}}],"collection":[{"href":"https:\/\/masdechampel.geek-tonic.dev\/de\/wp-json\/wp\/v2\/pages"}],"about":[{"href":"https:\/\/masdechampel.geek-tonic.dev\/de\/wp-json\/wp\/v2\/types\/page"}],"author":[{"embeddable":true,"href":"https:\/\/masdechampel.geek-tonic.dev\/de\/wp-json\/wp\/v2\/users\/1"}],"replies":[{"embeddable":true,"href":"https:\/\/masdechampel.geek-tonic.dev\/de\/wp-json\/wp\/v2\/comments?post=2590"}],"version-history":[{"count":1,"href":"https:\/\/masdechampel.geek-tonic.dev\/de\/wp-json\/wp\/v2\/pages\/2590\/revisions"}],"predecessor-version":[{"id":2593,"href":"https:\/\/masdechampel.geek-tonic.dev\/de\/wp-json\/wp\/v2\/pages\/2590\/revisions\/2593"}],"wp:featuredmedia":[{"embeddable":true,"href":"https:\/\/masdechampel.geek-tonic.dev\/de\/wp-json\/wp\/v2\/media\/2592"}],"wp:attachment":[{"href":"https:\/\/masdechampel.geek-tonic.dev\/de\/wp-json\/wp\/v2\/media?parent=2590"}],"wp:term":[{"taxonomy":"sujet","embeddable":true,"href":"https:\/\/masdechampel.geek-tonic.dev\/de\/wp-json\/wp\/v2\/sujet?post=2590"}],"curies":[{"name":"wp","href":"https:\/\/api.w.org\/{rel}","templated":true}]}}