{"id":2581,"date":"2024-03-26T09:29:55","date_gmt":"2024-03-26T08:29:55","guid":{"rendered":"https:\/\/www.masdechampel.geek-tonic.dev\/datenschutzrichtlinie\/"},"modified":"2024-03-26T09:29:56","modified_gmt":"2024-03-26T08:29:56","slug":"datenschutzrichtlinie","status":"publish","type":"page","link":"https:\/\/masdechampel.geek-tonic.dev\/de\/datenschutzrichtlinie\/","title":{"rendered":"Datenschutzbestimmungen"},"content":{"rendered":"<section id=\"ls-section-block_64349ff0428de74d5b89e71a8a0f7bf9\" class=\"ls-section  has-background has-color-4-background-color has-m-t m-t-0 has-m-b m-b-0\" >\r\n        <div class=\"container \">\r\n        \n\n<h1 class=\"ls__heading wp-block-heading\">DATENSCHUTZPOLITIK<\/h1>\n\n\n\n<p class=\"ls-paragraph\">Diese Datenschutzrichtlinie beschreibt die personenbezogenen Daten, die bei der Nutzung der Website erhoben oder erzeugt (verarbeitet) werden. In dieser Datenschutzrichtlinie wird beschrieben, welche Arten von personenbezogenen Daten bei der Nutzung unserer Website erfasst werden und wie Ihre personenbezogenen Daten verwendet, weitergegeben und gesch\u00fctzt werden. Au\u00dferdem wird erl\u00e4utert, welche M\u00f6glichkeiten Sie in Bezug auf Ihre pers\u00f6nlichen Daten haben und wie Sie sich an uns wenden k\u00f6nnen.<\/p>\n\n\n\n<h2 class=\"ls__heading wp-block-heading\">INHALTSVERZEICHNIS<\/h2>\n\n\n\n<ul class=\"ls-list wp-block-list\">\n<li><a href=\"https:\/\/www.masdechampel.geek-tonic.dev\/de\/datenschutzrichtlinie\/#gdpr-1\">Wer wir sind<\/a><\/li>\n\n\n\n<li><a href=\"https:\/\/www.masdechampel.geek-tonic.dev\/de\/datenschutzrichtlinie\/#gdpr-2\">Verwendung der erhobenen personenbezogenen Daten<\/a><\/li>\n\n\n\n<li><a href=\"https:\/\/www.masdechampel.geek-tonic.dev\/de\/datenschutzrichtlinie\/#gdpr-3\">Kommentare<\/a><\/li>\n\n\n\n<li><a href=\"https:\/\/www.masdechampel.geek-tonic.dev\/de\/datenschutzrichtlinie\/#gdpr-4\">Medien<\/a><\/li>\n\n\n\n<li><a href=\"https:\/\/www.masdechampel.geek-tonic.dev\/de\/datenschutzrichtlinie\/#gdpr-5\">Kontaktformulare<\/a><\/li>\n\n\n\n<li><a href=\"https:\/\/www.masdechampel.geek-tonic.dev\/de\/datenschutzrichtlinie\/#gdpr-6\">Verwendung von Cookies<\/a><\/li>\n\n\n\n<li><a href=\"https:\/\/www.masdechampel.geek-tonic.dev\/de\/datenschutzrichtlinie\/#gdpr-7\">Statistik und Publikumsmessung<\/a><\/li>\n\n\n\n<li><a href=\"https:\/\/www.masdechampel.geek-tonic.dev\/de\/datenschutzrichtlinie\/#gdpr-8\">Dauer der Datenspeicherung<\/a><\/li>\n\n\n\n<li><a href=\"https:\/\/www.masdechampel.geek-tonic.dev\/de\/datenschutzrichtlinie\/#gdpr-9\">Die Rechte, die Sie in Bezug auf Ihre Daten haben<\/a><\/li>\n\n\n\n<li><a href=\"https:\/\/www.masdechampel.geek-tonic.dev\/de\/datenschutzrichtlinie\/#gdpr-10\">\u00dcbermittlung Ihrer personenbezogenen Daten<\/a><\/li>\n\n\n\n<li><a href=\"https:\/\/www.masdechampel.geek-tonic.dev\/de\/datenschutzrichtlinie\/#gdpr-11\">Wie wir Ihre Daten sch\u00fctzen<\/a><\/li>\n\n\n\n<li><a href=\"https:\/\/www.masdechampel.geek-tonic.dev\/de\/datenschutzrichtlinie\/#gdpr-12\">Kontaktinformationen<\/a><\/li>\n<\/ul>\n\n\n\n<h2 class=\"ls__heading wp-block-heading\" id=\"gdpr-1\">WER WIR SIND<\/h2>\n\n\n\n<p class=\"ls-paragraph\">Erfahren Sie alles \u00fcber uns auf der Seite mit den <a href=\"https:\/\/www.masdechampel.geek-tonic.dev\/de\/rechtshinweis\/\">rechtlichen Informationen<\/a>.<\/p>\n\n\n\n<h2 class=\"ls__heading wp-block-heading\" id=\"gdpr-2\">VERWENDUNG DER ERHOBENEN PERSONENBEZOGENEN DATEN<\/h2>\n\n\n\n<p class=\"ls-paragraph\">Wir sammeln automatisch und direkt keine Daten \u00fcber Sie.<\/p>\n\n\n\n<p class=\"ls-paragraph\">Dessen ungeachtet k\u00f6nnen wir Informationen, einschlie\u00dflich personenbezogener Daten, von Dritten sammeln (siehe <a href=\"https:\/\/www.masdechampel.geek-tonic.dev\/de\/datenschutzrichtlinie\/#gdpr-5\">Cookies<\/a>).<\/p>\n\n\n\n<h2 class=\"ls__heading wp-block-heading\" id=\"gdpr-3\">KOMMENTARE<\/h2>\n\n\n\n<p class=\"ls-paragraph\">Wenn Sie einen Kommentar auf unserer Website hinterlassen, werden die in das Kommentarformular eingegebenen Daten, Ihre IP-Adresse und der User-Agent Ihres Browsers erfasst, um uns zu helfen, unerw\u00fcnschte Kommentare zu erkennen.<\/p>\n\n\n\n<p class=\"ls-paragraph\">Eine anonymisierte Zeichenfolge, die aus Ihrer E-Mail-Adresse erstellt wird (auch als Hash bekannt), kann an den Gravatar-Dienst gesendet werden, um zu \u00fcberpr\u00fcfen, ob Sie ihn verwenden. Die Datenschutzbestimmungen von Gravatar finden Sie unter https:\/\/automattic.com\/privacy\/. Sobald Ihr Kommentar validiert wurde, wird Ihr Profilfoto neben Ihrem Kommentar \u00f6ffentlich sichtbar sein.<\/p>\n\n\n\n<h2 class=\"ls__heading wp-block-heading\" id=\"gdpr-4\">MEDIEN<\/h2>\n\n\n\n<p class=\"ls-paragraph\">Wenn Sie als registrierter Benutzer Bilder auf die Website hochladen, raten wir Ihnen, keine Bilder hochzuladen, die EXIF-Daten von GPS-Koordinaten enthalten. Die Besucher Ihrer Website k\u00f6nnen diese Bilder herunterladen und Standortdaten daraus extrahieren.<\/p>\n\n\n\n<h2 class=\"ls__heading wp-block-heading\" id=\"gdpr-5\">KONTAKTFORMULARE<\/h2>\n\n\n\n<p class=\"ls-paragraph\">Sie haben die M\u00f6glichkeit, uns Informationen zu geben, wenn Sie ein Formular ausf\u00fcllen. Diese Informationen werden uns per E-Mail zugesandt und nur in unserem E-Mail-Dienst gespeichert. Sie werden ausschlie\u00dflich zur Beantwortung Ihrer Anfrage verwendet. Falls die Informationen f\u00fcr kommerzielle Zwecke verwendet werden, wird dies am Ende des Formulars angegeben. Wir werden Sie immer um Ihre Zustimmung bitten, wenn wir Informationen \u00fcber ein Formular sammeln.<\/p>\n\n\n\n<h2 class=\"ls__heading wp-block-heading\" id=\"gdpr-6\">VERWENDUNG VON COOKIES<\/h2>\n\n\n\n<p class=\"ls-paragraph\"><strong>Was ist ein Keks?<\/strong><br\/>Ein Cookie ist eine kleine Datendatei, die auf Ihr Ger\u00e4t \u00fcbertragen und dort gespeichert wird. Praktisch gesehen erm\u00f6glicht uns ein Cookie beispielsweise, Ihren Browser oder Ihre Sprache zu erkennen oder Ihre Pr\u00e4ferenzen zu speichern.<br\/>Auf unserer Website werden zwei Arten von Cookies verwendet: &#8222;Sitzungscookies&#8220; und &#8222;dauerhafte Cookies&#8220;. Sitzungscookies verfallen, wenn Sie Ihren Browser schlie\u00dfen, w\u00e4hrend dauerhafte Cookies auf Ihrem Ger\u00e4t verbleiben, nachdem Sie Ihren Browser geschlossen haben, und bei Ihrem n\u00e4chsten Besuch unserer Website wieder verwendet werden k\u00f6nnen.<\/p>\n\n\n\n<p class=\"ls-paragraph\">Weitere Informationen auf <a href=\"https:\/\/allaboutcookies.org\/fr\" target=\"_blank\" rel=\"noreferrer noopener\">allaboutcookies.org<\/a>.<\/p>\n\n\n\n<p class=\"ls-paragraph\"><strong>Unsere Cookies<\/strong><\/p>\n\n\n\n<p class=\"ls-paragraph\">Wenn Sie einen Kommentar auf unserer Website hinterlassen, werden Sie aufgefordert, Ihren Namen, Ihre E-Mail-Adresse und Ihre Website in Cookies zu speichern. Dies ist nur zu Ihrer Bequemlichkeit, damit Sie diese Informationen nicht erneut eingeben m\u00fcssen, wenn Sie sp\u00e4ter einen weiteren Kommentar abgeben. Diese Cookies verfallen nach einem Jahr.<\/p>\n\n\n\n<p class=\"ls-paragraph\">Wenn Sie ein Konto haben und sich auf dieser Website anmelden, wird ein tempor\u00e4rer Cookie erstellt, um festzustellen, ob Ihr Browser Cookies akzeptiert. Sie enth\u00e4lt keine pers\u00f6nlichen Daten und wird automatisch gel\u00f6scht, wenn Sie Ihren Browser schlie\u00dfen.<\/p>\n\n\n\n<p class=\"ls-paragraph\">Wenn Sie sich anmelden, werden wir eine Reihe von Cookies setzen, um Ihre Anmeldeinformationen und Bildschirmeinstellungen zu speichern. Die Lebensdauer eines Verbindungs-Cookies betr\u00e4gt zwei Tage, die eines Bildschirmoptions-Cookies ein Jahr. Wenn Sie die Option &#8222;Angemeldet bleiben&#8220; aktivieren, wird Ihr Anmelde-Cookie zwei Wochen lang gespeichert. Wenn Sie sich von Ihrem Konto abmelden, wird das Anmelde-Cookie gel\u00f6scht.<\/p>\n\n\n\n<p class=\"ls-paragraph\">Wenn Sie einen Artikel \u00e4ndern oder ver\u00f6ffentlichen, wird ein zus\u00e4tzliches Cookie in Ihrem Browser gespeichert. Dieses Cookie enth\u00e4lt keine personenbezogenen Daten. Sie gibt einfach den Bezeichner des Elements an, das Sie gerade ge\u00e4ndert haben. Er verf\u00e4llt nach einem Tag.<\/p>\n\n\n\n<p class=\"ls-paragraph\"><strong>Cookies von Dritten<\/strong><\/p>\n\n\n\n<p class=\"ls-paragraph\">Die Artikel auf dieser Website k\u00f6nnen eingebettete Inhalte enthalten (z. B. Videos, Bilder, Artikel usw.). Der von anderen Websites integrierte Inhalt verh\u00e4lt sich so, als ob der Besucher diese andere Website besuchen w\u00fcrde.<\/p>\n\n\n\n<p class=\"ls-paragraph\">Diese Websites k\u00f6nnen Daten \u00fcber Sie sammeln, Cookies verwenden, Tracking-Tools von Drittanbietern einbetten und Ihre Interaktionen mit diesen eingebetteten Inhalten verfolgen, wenn Sie ein eingeloggtes Konto auf ihrer Website haben.<\/p>\n\n\n\n<p class=\"ls-paragraph\">Wir k\u00f6nnen bestimmte kommerzielle Partner erm\u00e4chtigen, Technologien auf unserer Website zu installieren. Diese Partner verwenden diese Technologien, um uns bei der Analyse Ihrer Nutzung der Website zu helfen, z. B. indem sie die Dienste von Drittanbietern erfassen, \u00fcber die Sie auf die Plattform gelangt sind, um unsere Dienste auf unserer Website und auf Websites von Drittanbietern zu vermarkten und zu bewerben, um uns bei der Aufdeckung und Verhinderung von Betrug oder bei der Durchf\u00fchrung von Risikobewertungen zu helfen oder um Informationen \u00fcber Ihre Aktivit\u00e4ten auf der Website zu sammeln.<\/p>\n\n\n\n<p class=\"ls-paragraph\">Unsere Website kann Social Plugins verwenden, die von Drittanbietern bereitgestellt und betrieben werden, wie z. B. die Facebook-Schaltfl\u00e4che &#8222;Gef\u00e4llt mir&#8220;. Folglich k\u00f6nnen Sie dem Dritten Informationen \u00fcbermitteln, die Sie in einem bestimmten Bereich unserer Website sehen. Wenn Sie nicht in Ihrem Konto bei dem Dritten angemeldet sind, kennt der Dritte Ihre Identit\u00e4t nicht. Wenn Sie mit Ihrem Konto bei der Drittpartei verbunden sind, kann die Drittpartei Informationen oder Aktionen, die sich auf Ihre Interaktionen mit unserer Website beziehen, mit Ihrem Konto bei der Drittpartei verkn\u00fcpfen. Bitte konsultieren Sie die Datenschutzrichtlinien der Drittparteien, um mehr \u00fcber deren Datenpraktiken zu erfahren.<\/p>\n\n\n\n<p class=\"ls-paragraph\">Die Liste der auf dieser Website verwendeten Cookies von Drittanbietern ist in der <a href=\"https:\/\/www.masdechampel.geek-tonic.dev\/de\/datenschutzrichtlinie\/#moove_gdpr_cookie_modal\">Cookie-Verwaltungsleiste<\/a> verf\u00fcgbar.<\/p>\n\n\n\n<h2 class=\"ls__heading wp-block-heading\" id=\"gdpr-7\">STATISTIK UND PUBLIKUMSMESSUNG<\/h2>\n\n\n\n<p class=\"ls-paragraph\">Zu Analysezwecken verwenden wir Google Analytics, um Informationen \u00fcber die Nutzung unserer Website zu erhalten und sie zu verbessern. Letztere k\u00f6nnen in der <a href=\"https:\/\/www.masdechampel.geek-tonic.dev\/de\/datenschutzrichtlinie\/#moove_gdpr_cookie_modal\">Cookie-Verwaltung<\/a> deaktiviert werden.<\/p>\n\n\n\n<p class=\"ls-paragraph\">Um zu verhindern, dass Google Analytics Ihre Daten zu Analysezwecken verwendet, k\u00f6nnen Sie auch das Google Analytics Opt-out Browser Add-on <a href=\"https:\/\/tools.google.com\/dlpage\/gaoptout\" rel=\"noreferrer noopener\" target=\"_blank\">hier<\/a> installieren. Bitte beachten Sie, dass wir keine Kontrolle \u00fcber diesen Deaktivierungslink haben und nicht f\u00fcr die Verf\u00fcgbarkeit oder Genauigkeit dieses Mechanismus verantwortlich sind. Weitere Informationen finden Sie in <a href=\"https:\/\/support.google.com\/analytics\/answer\/6004245\" rel=\"noreferrer noopener\" target=\"_blank\">dieser Dokumentation<\/a>.<\/p>\n\n\n\n<h2 class=\"ls__heading wp-block-heading\" id=\"gdpr-8\">DATENSPEICHERFRISTEN<\/h2>\n\n\n\n<p class=\"ls-paragraph\">Wenn Sie einen Kommentar hinterlassen, werden der Kommentar und seine Metadaten auf unbestimmte Zeit gespeichert. Auf diese Weise k\u00f6nnen nachfolgende Kommentare automatisch erkannt und genehmigt werden, anstatt in der Moderationswarteschlange zu verbleiben.<\/p>\n\n\n\n<p class=\"ls-paragraph\">Bei Nutzern, die sich auf unserer Website registrieren (soweit m\u00f6glich), speichern wir auch die in ihrem Profil angegebenen personenbezogenen Daten. Alle Nutzer k\u00f6nnen ihre pers\u00f6nlichen Daten jederzeit einsehen, \u00e4ndern oder l\u00f6schen (mit Ausnahme ihres Benutzernamens). Auch Standortleiter k\u00f6nnen diese Informationen einsehen und \u00e4ndern.<\/p>\n\n\n\n<h2 class=\"ls__heading wp-block-heading\" id=\"gdpr-9\">DIE RECHTE, DIE SIE IN BEZUG AUF IHRE DATEN HABEN<\/h2>\n\n\n\n<p class=\"ls-paragraph\">Wenn Sie ein Konto haben oder Kommentare auf der Website hinterlassen haben, k\u00f6nnen Sie eine Datei anfordern, die alle pers\u00f6nlichen Daten enth\u00e4lt, die wir \u00fcber Sie gespeichert haben, einschlie\u00dflich der Daten, die Sie uns zur Verf\u00fcgung gestellt haben. Sie k\u00f6nnen auch die L\u00f6schung Ihrer personenbezogenen Daten beantragen. Davon ausgenommen sind Daten, die zu administrativen, rechtlichen oder Sicherheitszwecken gespeichert werden.<\/p>\n\n\n\n<h2 class=\"ls__heading wp-block-heading\" id=\"gdpr-10\">\u00dcBERMITTLUNG IHRER PERSONENBEZOGENEN DATEN<\/h2>\n\n\n\n<p class=\"ls-paragraph\">Besucherkommentare k\u00f6nnen mit Hilfe eines automatischen Dienstes zur Erkennung unerw\u00fcnschter Kommentare \u00fcberpr\u00fcft werden.<br\/>Alle personenbezogenen Daten, die wir verarbeiten, werden im Herzen der Europ\u00e4ischen Union verarbeitet.<\/p>\n\n\n\n<h2 class=\"ls__heading wp-block-heading\" id=\"gdpr-11\">WIE WIR IHRE DATEN SCH\u00dcTZEN<\/h2>\n\n\n\n<p class=\"ls-paragraph\">Wir implementieren und aktualisieren st\u00e4ndig die <strong>Sicherheit<\/strong> der Website, um Ihre Daten vor unbefugtem Zugriff, Verlust, Zerst\u00f6rung oder Ver\u00e4nderung zu sch\u00fctzen. Deshalb arbeiten wir daran, Ihre Daten so unverwundbar wie m\u00f6glich zu machen. Da das Internet keine 100% sichere Umgebung ist, k\u00f6nnen wir die Sicherheit der \u00dcbertragung oder Speicherung Ihrer Daten nicht vollst\u00e4ndig garantieren.<\/p>\n\n\n\n<h2 class=\"ls__heading wp-block-heading\" id=\"gdpr-12\">KONTAKTINFORMATIONEN<\/h2>\n\n\n\n<p class=\"ls-paragraph\">Wenn Sie W\u00fcnsche oder Fragen zu Ihren pers\u00f6nlichen Daten haben, kontaktieren Sie uns bitte unter rgpd@geek-tonic.com. Weitere Kontaktinformationen finden Sie in unserem <a href=\"https:\/\/www.masdechampel.geek-tonic.dev\/de\/rechtshinweis\/\">rechtlichen Hinweis<\/a>. Bitte beachten Sie, dass wir Sie m\u00f6glicherweise auffordern, Ihre Identit\u00e4t zu \u00fcberpr\u00fcfen, bevor wir Ihre Anfrage weiter bearbeiten.<\/p>\n\n\r\n    <\/div>\r\n<\/section>","protected":false},"excerpt":{"rendered":"","protected":false},"author":1,"featured_media":0,"parent":0,"menu_order":0,"comment_status":"closed","ping_status":"open","template":"","meta":{"_acf_changed":false,"footnotes":""},"sujet":[],"class_list":["post-2581","page","type-page","status-publish","hentry"],"acf":[],"yoast_head":"<!-- This site is optimized with the Yoast SEO plugin v23.9 - https:\/\/yoast.com\/wordpress\/plugins\/seo\/ -->\n<title>Datenschutzbestimmungen - Le Mas de Champel<\/title>\n<meta name=\"description\" content=\"DATENSCHUTZPOLITIK Diese Datenschutzrichtlinie beschreibt die personenbezogenen Daten, die bei der Nutzung der Website erhoben oder erzeugt (verarbeitet)\" \/>\n<meta name=\"robots\" content=\"noindex, nofollow\" \/>\n<meta property=\"og:locale\" content=\"de_DE\" \/>\n<meta property=\"og:type\" content=\"article\" \/>\n<meta property=\"og:title\" content=\"Datenschutzbestimmungen - Le Mas de Champel\" \/>\n<meta property=\"og:description\" content=\"DATENSCHUTZPOLITIK Diese Datenschutzrichtlinie beschreibt die personenbezogenen Daten, die bei der Nutzung der Website erhoben oder erzeugt (verarbeitet)\" \/>\n<meta property=\"og:url\" content=\"https:\/\/masdechampel.geek-tonic.dev\/de\/datenschutzrichtlinie\/\" \/>\n<meta property=\"og:site_name\" content=\"Le Mas de Champel\" \/>\n<meta property=\"article:modified_time\" content=\"2024-03-26T08:29:56+00:00\" \/>\n<meta name=\"twitter:card\" content=\"summary_large_image\" \/>\n<meta name=\"twitter:label1\" content=\"Gesch\u00e4tzte Lesezeit\" \/>\n\t<meta name=\"twitter:data1\" content=\"7\u00a0Minuten\" \/>\n<script type=\"application\/ld+json\" class=\"yoast-schema-graph\">{\"@context\":\"https:\/\/schema.org\",\"@graph\":[{\"@type\":\"WebPage\",\"@id\":\"https:\/\/masdechampel.geek-tonic.dev\/de\/datenschutzrichtlinie\/\",\"url\":\"https:\/\/masdechampel.geek-tonic.dev\/de\/datenschutzrichtlinie\/\",\"name\":\"Datenschutzbestimmungen - Le Mas de Champel\",\"isPartOf\":{\"@id\":\"https:\/\/masdechampel.geek-tonic.dev\/de\/#website\"},\"datePublished\":\"2024-03-26T08:29:55+00:00\",\"dateModified\":\"2024-03-26T08:29:56+00:00\",\"description\":\"DATENSCHUTZPOLITIK Diese Datenschutzrichtlinie beschreibt die personenbezogenen Daten, die bei der Nutzung der Website erhoben oder erzeugt (verarbeitet)\",\"breadcrumb\":{\"@id\":\"https:\/\/masdechampel.geek-tonic.dev\/de\/datenschutzrichtlinie\/#breadcrumb\"},\"inLanguage\":\"de\",\"potentialAction\":[{\"@type\":\"ReadAction\",\"target\":[\"https:\/\/masdechampel.geek-tonic.dev\/de\/datenschutzrichtlinie\/\"]}]},{\"@type\":\"BreadcrumbList\",\"@id\":\"https:\/\/masdechampel.geek-tonic.dev\/de\/datenschutzrichtlinie\/#breadcrumb\",\"itemListElement\":[{\"@type\":\"ListItem\",\"position\":1,\"name\":\"Camping Ard\u00e8che\",\"item\":\"https:\/\/masdechampel.geek-tonic.dev\/de\/\"},{\"@type\":\"ListItem\",\"position\":2,\"name\":\"Datenschutzbestimmungen\"}]},{\"@type\":\"WebSite\",\"@id\":\"https:\/\/masdechampel.geek-tonic.dev\/de\/#website\",\"url\":\"https:\/\/masdechampel.geek-tonic.dev\/de\/\",\"name\":\"Le Mas de Champel\",\"description\":\"\",\"publisher\":{\"@id\":\"https:\/\/masdechampel.geek-tonic.dev\/de\/#organization\"},\"potentialAction\":[{\"@type\":\"SearchAction\",\"target\":{\"@type\":\"EntryPoint\",\"urlTemplate\":\"https:\/\/masdechampel.geek-tonic.dev\/de\/?s={search_term_string}\"},\"query-input\":{\"@type\":\"PropertyValueSpecification\",\"valueRequired\":true,\"valueName\":\"search_term_string\"}}],\"inLanguage\":\"de\"},{\"@type\":\"Organization\",\"@id\":\"https:\/\/masdechampel.geek-tonic.dev\/de\/#organization\",\"name\":\"Le Mas de Champel\",\"url\":\"https:\/\/masdechampel.geek-tonic.dev\/de\/\",\"logo\":{\"@type\":\"ImageObject\",\"inLanguage\":\"de\",\"@id\":\"https:\/\/masdechampel.geek-tonic.dev\/de\/#\/schema\/logo\/image\/\",\"url\":\"https:\/\/masdechampel.geek-tonic.dev\/wp-content\/uploads\/sites\/9\/2023\/03\/cropped-logo-Flower-camping-Le-Mas-de-Champel.png\",\"contentUrl\":\"https:\/\/masdechampel.geek-tonic.dev\/wp-content\/uploads\/sites\/9\/2023\/03\/cropped-logo-Flower-camping-Le-Mas-de-Champel.png\",\"width\":500,\"height\":660,\"caption\":\"Le Mas de Champel\"},\"image\":{\"@id\":\"https:\/\/masdechampel.geek-tonic.dev\/de\/#\/schema\/logo\/image\/\"}}]}<\/script>\n<!-- \/ Yoast SEO plugin. -->","yoast_head_json":{"title":"Datenschutzbestimmungen - Le Mas de Champel","description":"DATENSCHUTZPOLITIK Diese Datenschutzrichtlinie beschreibt die personenbezogenen Daten, die bei der Nutzung der Website erhoben oder erzeugt (verarbeitet)","robots":{"index":"noindex","follow":"nofollow"},"og_locale":"de_DE","og_type":"article","og_title":"Datenschutzbestimmungen - Le Mas de Champel","og_description":"DATENSCHUTZPOLITIK Diese Datenschutzrichtlinie beschreibt die personenbezogenen Daten, die bei der Nutzung der Website erhoben oder erzeugt (verarbeitet)","og_url":"https:\/\/masdechampel.geek-tonic.dev\/de\/datenschutzrichtlinie\/","og_site_name":"Le Mas de Champel","article_modified_time":"2024-03-26T08:29:56+00:00","twitter_card":"summary_large_image","twitter_misc":{"Gesch\u00e4tzte Lesezeit":"7\u00a0Minuten"},"schema":{"@context":"https:\/\/schema.org","@graph":[{"@type":"WebPage","@id":"https:\/\/masdechampel.geek-tonic.dev\/de\/datenschutzrichtlinie\/","url":"https:\/\/masdechampel.geek-tonic.dev\/de\/datenschutzrichtlinie\/","name":"Datenschutzbestimmungen - Le Mas de Champel","isPartOf":{"@id":"https:\/\/masdechampel.geek-tonic.dev\/de\/#website"},"datePublished":"2024-03-26T08:29:55+00:00","dateModified":"2024-03-26T08:29:56+00:00","description":"DATENSCHUTZPOLITIK Diese Datenschutzrichtlinie beschreibt die personenbezogenen Daten, die bei der Nutzung der Website erhoben oder erzeugt (verarbeitet)","breadcrumb":{"@id":"https:\/\/masdechampel.geek-tonic.dev\/de\/datenschutzrichtlinie\/#breadcrumb"},"inLanguage":"de","potentialAction":[{"@type":"ReadAction","target":["https:\/\/masdechampel.geek-tonic.dev\/de\/datenschutzrichtlinie\/"]}]},{"@type":"BreadcrumbList","@id":"https:\/\/masdechampel.geek-tonic.dev\/de\/datenschutzrichtlinie\/#breadcrumb","itemListElement":[{"@type":"ListItem","position":1,"name":"Camping Ard\u00e8che","item":"https:\/\/masdechampel.geek-tonic.dev\/de\/"},{"@type":"ListItem","position":2,"name":"Datenschutzbestimmungen"}]},{"@type":"WebSite","@id":"https:\/\/masdechampel.geek-tonic.dev\/de\/#website","url":"https:\/\/masdechampel.geek-tonic.dev\/de\/","name":"Le Mas de Champel","description":"","publisher":{"@id":"https:\/\/masdechampel.geek-tonic.dev\/de\/#organization"},"potentialAction":[{"@type":"SearchAction","target":{"@type":"EntryPoint","urlTemplate":"https:\/\/masdechampel.geek-tonic.dev\/de\/?s={search_term_string}"},"query-input":{"@type":"PropertyValueSpecification","valueRequired":true,"valueName":"search_term_string"}}],"inLanguage":"de"},{"@type":"Organization","@id":"https:\/\/masdechampel.geek-tonic.dev\/de\/#organization","name":"Le Mas de Champel","url":"https:\/\/masdechampel.geek-tonic.dev\/de\/","logo":{"@type":"ImageObject","inLanguage":"de","@id":"https:\/\/masdechampel.geek-tonic.dev\/de\/#\/schema\/logo\/image\/","url":"https:\/\/masdechampel.geek-tonic.dev\/wp-content\/uploads\/sites\/9\/2023\/03\/cropped-logo-Flower-camping-Le-Mas-de-Champel.png","contentUrl":"https:\/\/masdechampel.geek-tonic.dev\/wp-content\/uploads\/sites\/9\/2023\/03\/cropped-logo-Flower-camping-Le-Mas-de-Champel.png","width":500,"height":660,"caption":"Le Mas de Champel"},"image":{"@id":"https:\/\/masdechampel.geek-tonic.dev\/de\/#\/schema\/logo\/image\/"}}]}},"_links":{"self":[{"href":"https:\/\/masdechampel.geek-tonic.dev\/de\/wp-json\/wp\/v2\/pages\/2581","targetHints":{"allow":["GET"]}}],"collection":[{"href":"https:\/\/masdechampel.geek-tonic.dev\/de\/wp-json\/wp\/v2\/pages"}],"about":[{"href":"https:\/\/masdechampel.geek-tonic.dev\/de\/wp-json\/wp\/v2\/types\/page"}],"author":[{"embeddable":true,"href":"https:\/\/masdechampel.geek-tonic.dev\/de\/wp-json\/wp\/v2\/users\/1"}],"replies":[{"embeddable":true,"href":"https:\/\/masdechampel.geek-tonic.dev\/de\/wp-json\/wp\/v2\/comments?post=2581"}],"version-history":[{"count":1,"href":"https:\/\/masdechampel.geek-tonic.dev\/de\/wp-json\/wp\/v2\/pages\/2581\/revisions"}],"predecessor-version":[{"id":2582,"href":"https:\/\/masdechampel.geek-tonic.dev\/de\/wp-json\/wp\/v2\/pages\/2581\/revisions\/2582"}],"wp:attachment":[{"href":"https:\/\/masdechampel.geek-tonic.dev\/de\/wp-json\/wp\/v2\/media?parent=2581"}],"wp:term":[{"taxonomy":"sujet","embeddable":true,"href":"https:\/\/masdechampel.geek-tonic.dev\/de\/wp-json\/wp\/v2\/sujet?post=2581"}],"curies":[{"name":"wp","href":"https:\/\/api.w.org\/{rel}","templated":true}]}}