{"id":2569,"date":"2024-03-26T09:29:24","date_gmt":"2024-03-26T08:29:24","guid":{"rendered":"https:\/\/www.masdechampel.geek-tonic.dev\/wiederherstellung-les-ollieres-sur-eyrieux\/"},"modified":"2024-06-07T10:42:41","modified_gmt":"2024-06-07T08:42:41","slug":"wiederherstellung-les-ollieres-sur-eyrieux","status":"publish","type":"page","link":"https:\/\/masdechampel.geek-tonic.dev\/de\/wiederherstellung-les-ollieres-sur-eyrieux\/","title":{"rendered":"Restaurant"},"content":{"rendered":"<section id=\"ls-section-block_dc2ac711520079762d16f3c77fe6edf0\" class=\"ls-section  page-one has-background has-color-4-background-color has-m-t m-t-0 has-m-b m-b-0 has-p-t p-t-14 has-p-b p-b-14\" >\r\n        <div class=\"container container--wide\">\r\n        \n\n<div class=\"wp-block-columns are-vertically-aligned-center is-layout-flex wp-container-core-columns-is-layout-1 wp-block-columns-is-layout-flex\">\n<div class=\"wp-block-column is-vertically-aligned-center animated fadeInLeft delay-100ms slow is-layout-flow wp-block-column-is-layout-flow\" style=\"flex-basis:45%\">\n<figure class=\"wp-block-image size-full\"><a href=\"https:\/\/www.masdechampel.geek-tonic.dev\/wp-content\/uploads\/sites\/9\/sites\/9\/2023\/04\/restaurant-terrasse-les-ollieres-sur-eyrieux.webp\"><img decoding=\"async\" width=\"900\" height=\"600\" src=\"https:\/\/www.masdechampel.geek-tonic.dev\/wp-content\/uploads\/sites\/9\/sites\/9\/2023\/04\/restaurant-terrasse-les-ollieres-sur-eyrieux.webp\" alt=\"restaurant terrasse les ollieres sur eyrieux\" class=\"wp-image-953\" srcset=\"https:\/\/masdechampel.geek-tonic.dev\/wp-content\/uploads\/sites\/9\/2023\/04\/restaurant-terrasse-les-ollieres-sur-eyrieux.webp 900w, https:\/\/masdechampel.geek-tonic.dev\/wp-content\/uploads\/sites\/9\/2023\/04\/restaurant-terrasse-les-ollieres-sur-eyrieux-300x200.webp 300w, https:\/\/masdechampel.geek-tonic.dev\/wp-content\/uploads\/sites\/9\/2023\/04\/restaurant-terrasse-les-ollieres-sur-eyrieux-768x512.webp 768w\" sizes=\"(max-width: 900px) 100vw, 900px\" \/><\/a><\/figure>\n<\/div>\n\n\n\n<div class=\"wp-block-column is-vertically-aligned-center animated fadeInRight slow is-layout-flow wp-block-column-is-layout-flow\" style=\"flex-basis:55%\">\n<h1 class=\"ls__heading wp-block-heading has-text-align-left\">Restaurierung in Les Olli\u00e8res-sur-Eyrieux<\/h1>\n\n\n\n<h2 class=\"ls__heading wp-block-heading\">Restaurant mit Terrasse in der Ard\u00e8che<\/h2>\n\n\n\n<p class=\"ls-paragraph\">Wir organisieren <strong>thematische Mahlzeiten<\/strong> w\u00e4hrend der musikalischen Abende. Das Restaurant Le Champel bietet ein <strong>Kindermen\u00fc<\/strong>, ein <strong>traditionelles Men\u00fc<\/strong> (Pizzen, Salate, Ravioli usw.). Zur Mittagszeit bieten wir ein <strong>Snack-Men\u00fc<\/strong> an.<\/p>\n\n\n\n<p class=\"ls-paragraph\">Das charmante <strong>Restaurant<\/strong> Champel mit seiner<strong> lokalen K\u00fcche<\/strong> empf\u00e4ngt Sie im Sommer zum Mittag- und Abendessen. Sie k\u00f6nnen auch einen hochwertigen Catering-Service in Anspruch nehmen, mit verschiedenen vom K\u00fcchenchef vorgeschlagenen <strong>Themenmen\u00fcs<\/strong>.<\/p>\n\n\n\n<p class=\"ls-paragraph\">Wenn Sie auf dem Campingplatz Mas de Champel \u00fcbernachten, k\u00f6nnen Sie im <strong>Restaurant Champel auf der Panoramaterrasse<\/strong> mit <strong>der Familie zu Mittag<\/strong> essen: ideal, um die kulinarischen K\u00f6stlichkeiten der Ard\u00e8che in der Sonne und mit einem atemberaubenden Blick auf das Tal zu genie\u00dfen. <\/p>\n<\/div>\n<\/div>\n\n\r\n    <\/div>\r\n<\/section>\n\n<section id=\"ls-section-block_87bdd1b1f24cce638eddb762048a0ae9\" class=\"ls-section  home-gallery has-background has-color-4-background-color has-m-t m-t-0 has-p-t p-t-0\" >\r\n        <div class=\"container container--full\">\r\n        \n\n<figure class=\"wp-block-gallery has-nested-images columns-1 is-cropped galerie-slider-container wp-block-gallery-1 is-layout-flex wp-block-gallery-is-layout-flex\">\n<figure class=\"wp-block-image size-large\"><a href=\"https:\/\/www.masdechampel.geek-tonic.dev\/wp-content\/uploads\/sites\/9\/sites\/9\/2023\/04\/restaurant-terrasse-ardeche.webp\"><img decoding=\"async\" width=\"960\" height=\"720\" src=\"https:\/\/www.masdechampel.geek-tonic.dev\/wp-content\/uploads\/sites\/9\/sites\/9\/2023\/04\/restaurant-terrasse-ardeche.webp\" alt=\"restaurant terrasse ardeche\" class=\"wp-image-963\" srcset=\"https:\/\/masdechampel.geek-tonic.dev\/wp-content\/uploads\/sites\/9\/2023\/04\/restaurant-terrasse-ardeche.webp 960w, https:\/\/masdechampel.geek-tonic.dev\/wp-content\/uploads\/sites\/9\/2023\/04\/restaurant-terrasse-ardeche-300x225.webp 300w, https:\/\/masdechampel.geek-tonic.dev\/wp-content\/uploads\/sites\/9\/2023\/04\/restaurant-terrasse-ardeche-768x576.webp 768w\" sizes=\"(max-width: 960px) 100vw, 960px\" \/><\/a><\/figure>\n\n\n\n<figure class=\"wp-block-image size-large\"><a href=\"https:\/\/www.masdechampel.geek-tonic.dev\/wp-content\/uploads\/sites\/9\/sites\/9\/2023\/04\/restaurant-pizza-les-ollieres-sur-eyrieux.webp\"><img decoding=\"async\" width=\"960\" height=\"720\" src=\"https:\/\/www.masdechampel.geek-tonic.dev\/wp-content\/uploads\/sites\/9\/sites\/9\/2023\/04\/restaurant-pizza-les-ollieres-sur-eyrieux.webp\" alt=\"restaurant pizza les ollieres sur eyrieux\" class=\"wp-image-960\" srcset=\"https:\/\/masdechampel.geek-tonic.dev\/wp-content\/uploads\/sites\/9\/2023\/04\/restaurant-pizza-les-ollieres-sur-eyrieux.webp 960w, https:\/\/masdechampel.geek-tonic.dev\/wp-content\/uploads\/sites\/9\/2023\/04\/restaurant-pizza-les-ollieres-sur-eyrieux-300x225.webp 300w, https:\/\/masdechampel.geek-tonic.dev\/wp-content\/uploads\/sites\/9\/2023\/04\/restaurant-pizza-les-ollieres-sur-eyrieux-768x576.webp 768w\" sizes=\"(max-width: 960px) 100vw, 960px\" \/><\/a><\/figure>\n\n\n\n<figure class=\"wp-block-image size-large\"><a href=\"https:\/\/www.masdechampel.geek-tonic.dev\/wp-content\/uploads\/sites\/9\/sites\/9\/2023\/04\/bar-les-ollieres-sur-eyrieux.webp\"><img decoding=\"async\" width=\"960\" height=\"720\" src=\"https:\/\/www.masdechampel.geek-tonic.dev\/wp-content\/uploads\/sites\/9\/sites\/9\/2023\/04\/bar-les-ollieres-sur-eyrieux.webp\" alt=\"bar les ollieres sur eyrieux\" class=\"wp-image-957\" srcset=\"https:\/\/masdechampel.geek-tonic.dev\/wp-content\/uploads\/sites\/9\/2023\/04\/bar-les-ollieres-sur-eyrieux.webp 960w, https:\/\/masdechampel.geek-tonic.dev\/wp-content\/uploads\/sites\/9\/2023\/04\/bar-les-ollieres-sur-eyrieux-300x225.webp 300w, https:\/\/masdechampel.geek-tonic.dev\/wp-content\/uploads\/sites\/9\/2023\/04\/bar-les-ollieres-sur-eyrieux-768x576.webp 768w\" sizes=\"(max-width: 960px) 100vw, 960px\" \/><\/a><\/figure>\n<\/figure>\n\n\r\n    <\/div>\r\n<\/section>\n\n<section id=\"ls-section-block_df4deb22c700016825f4d1eabc1f6eea\" class=\"ls-section  page-one animated fadeInUp slow  has-m-t m-t-0 has-m-b m-b-0 has-p-t p-t-0 has-p-b p-b-0\" >\r\n        <div class=\"container container--wide\">\r\n        \n\n<h2 class=\"ls__heading wp-block-heading has-text-align-center\">Die Bar<\/h2>\n\n\n\n<p class=\"ls-paragraph has-text-align-center\">Der <a href=\"https:\/\/www.masdechampel.geek-tonic.dev\/en\/\">Campingplatz Mas de Champel<\/a> bietet alles, was Sie f\u00fcr einen Traumurlaub in der Sonne der Ard\u00e8che brauchen. <strong>Jeden Abend<\/strong> gibt es eine gro\u00dfe Auswahl an <strong>Speisen zum Mitnehmen<\/strong>: Pizza, Pommes frites, Wurst und Pommes frites, Steak und Pommes frites, 1\/4 H\u00e4hnchen, Salate&#8230;<\/p>\n\n\n\n<p class=\"ls-paragraph has-text-align-center\"><strong>K\u00f6stliche Eisbecher<\/strong>, die Sie vor Ort oder zum Mitnehmen genie\u00dfen k\u00f6nnen, werden Sie sicher begeistern! Au\u00dferdem gibt es ein Spielzimmer und einen Fernseher f\u00fcr die Kinder. F\u00fcr Liebhaber von <strong>herzhaftem Gourmet-Fr\u00fchst\u00fcck<\/strong> gibt es an der Bar des Campingplatzes leckere hausgemachte Wiener und frisch gebackene Brote (bitte am Vortag reservieren!).<\/p>\n\n\r\n    <\/div>\r\n<\/section>\n\n<section id=\"ls-section-block_abc25e8cb09b0c0a85f314222fcad840\" class=\"ls-section  page-one aventure\" >\r\n        <div class=\"container container--wide\">\r\n        \n\n<div class=\"wp-block-columns is-layout-flex wp-container-core-columns-is-layout-2 wp-block-columns-is-layout-flex\">\n<div class=\"wp-block-column first animated fadeInLeft delay-100ms slow is-layout-flow wp-block-column-is-layout-flow\" style=\"flex-basis:45%\">\n<figure class=\"wp-block-image size-full\"><a href=\"https:\/\/www.masdechampel.geek-tonic.dev\/wp-content\/uploads\/sites\/9\/sites\/9\/2023\/04\/restaurant-les-ollieres-sur-eyrieux.webp\"><img decoding=\"async\" width=\"900\" height=\"600\" src=\"https:\/\/www.masdechampel.geek-tonic.dev\/wp-content\/uploads\/sites\/9\/sites\/9\/2023\/04\/restaurant-les-ollieres-sur-eyrieux.webp\" alt=\"restaurant les ollieres sur eyrieux\" class=\"wp-image-938\" srcset=\"https:\/\/masdechampel.geek-tonic.dev\/wp-content\/uploads\/sites\/9\/2023\/04\/restaurant-les-ollieres-sur-eyrieux.webp 900w, https:\/\/masdechampel.geek-tonic.dev\/wp-content\/uploads\/sites\/9\/2023\/04\/restaurant-les-ollieres-sur-eyrieux-300x200.webp 300w, https:\/\/masdechampel.geek-tonic.dev\/wp-content\/uploads\/sites\/9\/2023\/04\/restaurant-les-ollieres-sur-eyrieux-768x512.webp 768w\" sizes=\"(max-width: 900px) 100vw, 900px\" \/><\/a><\/figure>\n<\/div>\n\n\n\n<div class=\"wp-block-column is-vertically-aligned-center second animated fadeInRight slow is-layout-flow wp-block-column-is-layout-flow\" style=\"flex-basis:55%\">\n<h2 class=\"ls__heading wp-block-heading has-text-align-left\">Die Karte<\/h2>\n\n\n\n<p class=\"ls-paragraph\">Das Restaurant Champel bietet <strong>thematische Mahlzeiten<\/strong> und musikalische Abende.<\/p>\n\n\n\n<p class=\"ls-paragraph\">Kinder werden sich \u00fcber ein speziell f\u00fcr sie zubereitetes Men\u00fc freuen. \u00c4ltere G\u00e4ste k\u00f6nnen die traditionellen Gerichte auf der Speisekarte genie\u00dfen.<\/p>\n\n\n\n<p class=\"ls-paragraph\">Genie\u00dfen Sie jeden Mittag einen kleinen <strong>Snack<\/strong>. Das Schwimmbad und die Str\u00e4nde laden zu einem entspannten Nachmittag im Wasser oder in der Sonne auf einem der Liegest\u00fchle ein.<\/p>\n\n\n\n<p class=\"ls-paragraph\"><\/p>\n<\/div>\n<\/div>\n\n\r\n    <\/div>\r\n<\/section>\n\n<section id=\"ls-section-block_d1287770269a71b16a70a3f9d4ca640f\" class=\"ls-section  page-maillage experience\" >\r\n        <div class=\"container container--wide\">\r\n        \n\n<div id=\"ls-heading ls-titre-div-block_d8c4f006487e2bbb3e2b6b1da113fc71\" class=\"ls-titre-div aligncenter h2-like\" >\n    Entdecken Sie unsere Freizeitaktivit\u00e4ten, Gruppenaktivit\u00e4ten und Aktivit\u00e4ten am Flussufer<\/div>\n\n\n<div id=\"ls-maillage-block_d5ad94f097699b45e17d3d243941e3d6\" class=\"ls-maillage cta-style-normal\" data-rows=\"3\">\n    <div class=\"wp-block-columns\"><div class=\"wp-block-column\"><div id=\"destinations\" class=\"ls-cta\">\n\n<a href=\"https:\/\/masdechampel.geek-tonic.dev\/de\/camping-bord-riviere-les-ollieres-sur-eyrieux\/\" target=\"\" rel=\"noopener\" class=\"ls-cta__link\">\n\n\t<div class=\"ls-cta__image\"><img decoding=\"async\" src=\"https:\/\/masdechampel.geek-tonic.dev\/wp-content\/uploads\/sites\/9\/2023\/04\/locatif-bord-riviere-ardeche.webp\" alt=\"Mietobjekt am Rande des Flusses Ardeche\"><\/div>\n\t<div class=\"ls-cta__title\">\n\t\tFlussufer\t<\/div>\n\n\t\t\n<\/a><\/div><\/div><div class=\"wp-block-column\"><div id=\"destinations\" class=\"ls-cta\">\n\n<a href=\"https:\/\/masdechampel.geek-tonic.dev\/de\/campingplatz-animationen-les-ollieres-sur-eyrieux\/\" target=\"\" rel=\"noopener\" class=\"ls-cta__link\">\n\n\t<div class=\"ls-cta__image\"><img decoding=\"async\" src=\"https:\/\/masdechampel.geek-tonic.dev\/wp-content\/uploads\/sites\/9\/2023\/04\/camping-ping-pong-ardeche.webp\" alt=\"camping ping pong ardeche\"><\/div>\n\t<div class=\"ls-cta__title\">\n\t\tFreizeit\t<\/div>\n\n\t\t\n<\/a><\/div><\/div><div class=\"wp-block-column\"><div id=\"destinations\" class=\"ls-cta\">\n\n<a href=\"https:\/\/masdechampel.geek-tonic.dev\/de\/campingplatz-gruppe-les-ollieres-sur-eyrieux\/\" target=\"\" rel=\"noopener\" class=\"ls-cta__link\">\n\n\t<div class=\"ls-cta__image\"><img decoding=\"async\" src=\"https:\/\/masdechampel.geek-tonic.dev\/wp-content\/uploads\/sites\/9\/2023\/04\/sejour-groupe-ardeche.webp\" alt=\"Ardeche-Gruppenaufenthalt\"><\/div>\n\t<div class=\"ls-cta__title\">\n\t\tGruppe\t<\/div>\n\n\t\t\n<\/a><\/div><\/div><\/div><\/div>\n\r\n    <\/div>\r\n<\/section>","protected":false},"excerpt":{"rendered":"","protected":false},"author":1,"featured_media":2576,"parent":0,"menu_order":0,"comment_status":"closed","ping_status":"closed","template":"","meta":{"_acf_changed":false,"footnotes":""},"sujet":[],"class_list":["post-2569","page","type-page","status-publish","has-post-thumbnail","hentry"],"acf":[],"yoast_head":"<!-- This site is optimized with the Yoast SEO plugin v23.9 - https:\/\/yoast.com\/wordpress\/plugins\/seo\/ -->\n<title>Restaurant, Bar in Les Olli\u00e8res-sur-Eyrieux | Restaurants in Ard\u00e8che<\/title>\n<meta name=\"robots\" content=\"noindex, follow, max-snippet:-1, max-image-preview:large, max-video-preview:-1\" \/>\n<meta property=\"og:locale\" content=\"de_DE\" \/>\n<meta property=\"og:type\" content=\"article\" \/>\n<meta property=\"og:title\" content=\"Restaurant, Bar in Les Olli\u00e8res-sur-Eyrieux | Restaurants in Ard\u00e8che\" \/>\n<meta property=\"og:url\" content=\"https:\/\/masdechampel.geek-tonic.dev\/de\/wiederherstellung-les-ollieres-sur-eyrieux\/\" \/>\n<meta property=\"og:site_name\" content=\"Le Mas de Champel\" \/>\n<meta property=\"article:modified_time\" content=\"2024-06-07T08:42:41+00:00\" \/>\n<meta property=\"og:image\" content=\"https:\/\/masdechampel.geek-tonic.dev\/wp-content\/uploads\/sites\/9\/2023\/04\/snack-les-ollieres-sur-eyrieux.webp\" \/>\n\t<meta property=\"og:image:width\" content=\"1903\" \/>\n\t<meta property=\"og:image:height\" content=\"550\" \/>\n\t<meta property=\"og:image:type\" content=\"image\/webp\" \/>\n<meta name=\"twitter:card\" content=\"summary_large_image\" \/>\n<meta name=\"twitter:label1\" content=\"Gesch\u00e4tzte Lesezeit\" \/>\n\t<meta name=\"twitter:data1\" content=\"3\u00a0Minuten\" \/>\n<script type=\"application\/ld+json\" class=\"yoast-schema-graph\">{\"@context\":\"https:\/\/schema.org\",\"@graph\":[{\"@type\":\"WebPage\",\"@id\":\"https:\/\/masdechampel.geek-tonic.dev\/de\/wiederherstellung-les-ollieres-sur-eyrieux\/\",\"url\":\"https:\/\/masdechampel.geek-tonic.dev\/de\/wiederherstellung-les-ollieres-sur-eyrieux\/\",\"name\":\"Restaurant, Bar in Les Olli\u00e8res-sur-Eyrieux | Restaurants in Ard\u00e8che\",\"isPartOf\":{\"@id\":\"https:\/\/masdechampel.geek-tonic.dev\/de\/#website\"},\"primaryImageOfPage\":{\"@id\":\"https:\/\/masdechampel.geek-tonic.dev\/de\/wiederherstellung-les-ollieres-sur-eyrieux\/#primaryimage\"},\"image\":{\"@id\":\"https:\/\/masdechampel.geek-tonic.dev\/de\/wiederherstellung-les-ollieres-sur-eyrieux\/#primaryimage\"},\"thumbnailUrl\":\"https:\/\/masdechampel.geek-tonic.dev\/wp-content\/uploads\/sites\/9\/2023\/04\/snack-les-ollieres-sur-eyrieux.webp\",\"datePublished\":\"2024-03-26T08:29:24+00:00\",\"dateModified\":\"2024-06-07T08:42:41+00:00\",\"breadcrumb\":{\"@id\":\"https:\/\/masdechampel.geek-tonic.dev\/de\/wiederherstellung-les-ollieres-sur-eyrieux\/#breadcrumb\"},\"inLanguage\":\"de\",\"potentialAction\":[{\"@type\":\"ReadAction\",\"target\":[\"https:\/\/masdechampel.geek-tonic.dev\/de\/wiederherstellung-les-ollieres-sur-eyrieux\/\"]}]},{\"@type\":\"ImageObject\",\"inLanguage\":\"de\",\"@id\":\"https:\/\/masdechampel.geek-tonic.dev\/de\/wiederherstellung-les-ollieres-sur-eyrieux\/#primaryimage\",\"url\":\"https:\/\/masdechampel.geek-tonic.dev\/wp-content\/uploads\/sites\/9\/2023\/04\/snack-les-ollieres-sur-eyrieux.webp\",\"contentUrl\":\"https:\/\/masdechampel.geek-tonic.dev\/wp-content\/uploads\/sites\/9\/2023\/04\/snack-les-ollieres-sur-eyrieux.webp\",\"width\":1903,\"height\":550,\"caption\":\"Imbissstube les ollieres sur eyrieux\"},{\"@type\":\"BreadcrumbList\",\"@id\":\"https:\/\/masdechampel.geek-tonic.dev\/de\/wiederherstellung-les-ollieres-sur-eyrieux\/#breadcrumb\",\"itemListElement\":[{\"@type\":\"ListItem\",\"position\":1,\"name\":\"Camping Ard\u00e8che\",\"item\":\"https:\/\/masdechampel.geek-tonic.dev\/de\/\"},{\"@type\":\"ListItem\",\"position\":2,\"name\":\"Verpflegung in Ard\u00e8che\"}]},{\"@type\":\"WebSite\",\"@id\":\"https:\/\/masdechampel.geek-tonic.dev\/de\/#website\",\"url\":\"https:\/\/masdechampel.geek-tonic.dev\/de\/\",\"name\":\"Le Mas de Champel\",\"description\":\"\",\"publisher\":{\"@id\":\"https:\/\/masdechampel.geek-tonic.dev\/de\/#organization\"},\"potentialAction\":[{\"@type\":\"SearchAction\",\"target\":{\"@type\":\"EntryPoint\",\"urlTemplate\":\"https:\/\/masdechampel.geek-tonic.dev\/de\/?s={search_term_string}\"},\"query-input\":{\"@type\":\"PropertyValueSpecification\",\"valueRequired\":true,\"valueName\":\"search_term_string\"}}],\"inLanguage\":\"de\"},{\"@type\":\"Organization\",\"@id\":\"https:\/\/masdechampel.geek-tonic.dev\/de\/#organization\",\"name\":\"Le Mas de Champel\",\"url\":\"https:\/\/masdechampel.geek-tonic.dev\/de\/\",\"logo\":{\"@type\":\"ImageObject\",\"inLanguage\":\"de\",\"@id\":\"https:\/\/masdechampel.geek-tonic.dev\/de\/#\/schema\/logo\/image\/\",\"url\":\"https:\/\/masdechampel.geek-tonic.dev\/wp-content\/uploads\/sites\/9\/2023\/03\/cropped-logo-Flower-camping-Le-Mas-de-Champel.png\",\"contentUrl\":\"https:\/\/masdechampel.geek-tonic.dev\/wp-content\/uploads\/sites\/9\/2023\/03\/cropped-logo-Flower-camping-Le-Mas-de-Champel.png\",\"width\":500,\"height\":660,\"caption\":\"Le Mas de Champel\"},\"image\":{\"@id\":\"https:\/\/masdechampel.geek-tonic.dev\/de\/#\/schema\/logo\/image\/\"}}]}<\/script>\n<!-- \/ Yoast SEO plugin. -->","yoast_head_json":{"title":"Restaurant, Bar in Les Olli\u00e8res-sur-Eyrieux | Restaurants in Ard\u00e8che","robots":{"index":"noindex","follow":"follow","max-snippet":"max-snippet:-1","max-image-preview":"max-image-preview:large","max-video-preview":"max-video-preview:-1"},"og_locale":"de_DE","og_type":"article","og_title":"Restaurant, Bar in Les Olli\u00e8res-sur-Eyrieux | Restaurants in Ard\u00e8che","og_url":"https:\/\/masdechampel.geek-tonic.dev\/de\/wiederherstellung-les-ollieres-sur-eyrieux\/","og_site_name":"Le Mas de Champel","article_modified_time":"2024-06-07T08:42:41+00:00","og_image":[{"width":1903,"height":550,"url":"https:\/\/masdechampel.geek-tonic.dev\/wp-content\/uploads\/sites\/9\/2023\/04\/snack-les-ollieres-sur-eyrieux.webp","type":"image\/webp"}],"twitter_card":"summary_large_image","twitter_misc":{"Gesch\u00e4tzte Lesezeit":"3\u00a0Minuten"},"schema":{"@context":"https:\/\/schema.org","@graph":[{"@type":"WebPage","@id":"https:\/\/masdechampel.geek-tonic.dev\/de\/wiederherstellung-les-ollieres-sur-eyrieux\/","url":"https:\/\/masdechampel.geek-tonic.dev\/de\/wiederherstellung-les-ollieres-sur-eyrieux\/","name":"Restaurant, Bar in Les Olli\u00e8res-sur-Eyrieux | Restaurants in Ard\u00e8che","isPartOf":{"@id":"https:\/\/masdechampel.geek-tonic.dev\/de\/#website"},"primaryImageOfPage":{"@id":"https:\/\/masdechampel.geek-tonic.dev\/de\/wiederherstellung-les-ollieres-sur-eyrieux\/#primaryimage"},"image":{"@id":"https:\/\/masdechampel.geek-tonic.dev\/de\/wiederherstellung-les-ollieres-sur-eyrieux\/#primaryimage"},"thumbnailUrl":"https:\/\/masdechampel.geek-tonic.dev\/wp-content\/uploads\/sites\/9\/2023\/04\/snack-les-ollieres-sur-eyrieux.webp","datePublished":"2024-03-26T08:29:24+00:00","dateModified":"2024-06-07T08:42:41+00:00","breadcrumb":{"@id":"https:\/\/masdechampel.geek-tonic.dev\/de\/wiederherstellung-les-ollieres-sur-eyrieux\/#breadcrumb"},"inLanguage":"de","potentialAction":[{"@type":"ReadAction","target":["https:\/\/masdechampel.geek-tonic.dev\/de\/wiederherstellung-les-ollieres-sur-eyrieux\/"]}]},{"@type":"ImageObject","inLanguage":"de","@id":"https:\/\/masdechampel.geek-tonic.dev\/de\/wiederherstellung-les-ollieres-sur-eyrieux\/#primaryimage","url":"https:\/\/masdechampel.geek-tonic.dev\/wp-content\/uploads\/sites\/9\/2023\/04\/snack-les-ollieres-sur-eyrieux.webp","contentUrl":"https:\/\/masdechampel.geek-tonic.dev\/wp-content\/uploads\/sites\/9\/2023\/04\/snack-les-ollieres-sur-eyrieux.webp","width":1903,"height":550,"caption":"Imbissstube les ollieres sur eyrieux"},{"@type":"BreadcrumbList","@id":"https:\/\/masdechampel.geek-tonic.dev\/de\/wiederherstellung-les-ollieres-sur-eyrieux\/#breadcrumb","itemListElement":[{"@type":"ListItem","position":1,"name":"Camping Ard\u00e8che","item":"https:\/\/masdechampel.geek-tonic.dev\/de\/"},{"@type":"ListItem","position":2,"name":"Verpflegung in Ard\u00e8che"}]},{"@type":"WebSite","@id":"https:\/\/masdechampel.geek-tonic.dev\/de\/#website","url":"https:\/\/masdechampel.geek-tonic.dev\/de\/","name":"Le Mas de Champel","description":"","publisher":{"@id":"https:\/\/masdechampel.geek-tonic.dev\/de\/#organization"},"potentialAction":[{"@type":"SearchAction","target":{"@type":"EntryPoint","urlTemplate":"https:\/\/masdechampel.geek-tonic.dev\/de\/?s={search_term_string}"},"query-input":{"@type":"PropertyValueSpecification","valueRequired":true,"valueName":"search_term_string"}}],"inLanguage":"de"},{"@type":"Organization","@id":"https:\/\/masdechampel.geek-tonic.dev\/de\/#organization","name":"Le Mas de Champel","url":"https:\/\/masdechampel.geek-tonic.dev\/de\/","logo":{"@type":"ImageObject","inLanguage":"de","@id":"https:\/\/masdechampel.geek-tonic.dev\/de\/#\/schema\/logo\/image\/","url":"https:\/\/masdechampel.geek-tonic.dev\/wp-content\/uploads\/sites\/9\/2023\/03\/cropped-logo-Flower-camping-Le-Mas-de-Champel.png","contentUrl":"https:\/\/masdechampel.geek-tonic.dev\/wp-content\/uploads\/sites\/9\/2023\/03\/cropped-logo-Flower-camping-Le-Mas-de-Champel.png","width":500,"height":660,"caption":"Le Mas de Champel"},"image":{"@id":"https:\/\/masdechampel.geek-tonic.dev\/de\/#\/schema\/logo\/image\/"}}]}},"_links":{"self":[{"href":"https:\/\/masdechampel.geek-tonic.dev\/de\/wp-json\/wp\/v2\/pages\/2569","targetHints":{"allow":["GET"]}}],"collection":[{"href":"https:\/\/masdechampel.geek-tonic.dev\/de\/wp-json\/wp\/v2\/pages"}],"about":[{"href":"https:\/\/masdechampel.geek-tonic.dev\/de\/wp-json\/wp\/v2\/types\/page"}],"author":[{"embeddable":true,"href":"https:\/\/masdechampel.geek-tonic.dev\/de\/wp-json\/wp\/v2\/users\/1"}],"replies":[{"embeddable":true,"href":"https:\/\/masdechampel.geek-tonic.dev\/de\/wp-json\/wp\/v2\/comments?post=2569"}],"version-history":[{"count":7,"href":"https:\/\/masdechampel.geek-tonic.dev\/de\/wp-json\/wp\/v2\/pages\/2569\/revisions"}],"predecessor-version":[{"id":2946,"href":"https:\/\/masdechampel.geek-tonic.dev\/de\/wp-json\/wp\/v2\/pages\/2569\/revisions\/2946"}],"wp:featuredmedia":[{"embeddable":true,"href":"https:\/\/masdechampel.geek-tonic.dev\/de\/wp-json\/wp\/v2\/media\/2576"}],"wp:attachment":[{"href":"https:\/\/masdechampel.geek-tonic.dev\/de\/wp-json\/wp\/v2\/media?parent=2569"}],"wp:term":[{"taxonomy":"sujet","embeddable":true,"href":"https:\/\/masdechampel.geek-tonic.dev\/de\/wp-json\/wp\/v2\/sujet?post=2569"}],"curies":[{"name":"wp","href":"https:\/\/api.w.org\/{rel}","templated":true}]}}