{"id":2557,"date":"2024-03-26T09:28:45","date_gmt":"2024-03-26T08:28:45","guid":{"rendered":"https:\/\/www.masdechampel.geek-tonic.dev\/campingplatz-riverside-les-ollieres-sur-eyrieux\/"},"modified":"2024-03-26T09:55:26","modified_gmt":"2024-03-26T08:55:26","slug":"camping-bord-riviere-les-ollieres-sur-eyrieux","status":"publish","type":"page","link":"https:\/\/masdechampel.geek-tonic.dev\/de\/camping-bord-riviere-les-ollieres-sur-eyrieux\/","title":{"rendered":"Flussufer"},"content":{"rendered":"<section id=\"ls-section-block_5f62d0e8e49397a5351a3fa4bad28f30\" class=\"ls-section  page-one has-background has-color-4-background-color has-m-t m-t-0 has-m-b m-b-0 has-p-t p-t-14 has-p-b p-b-14\" >\r\n        <div class=\"container container--wide\">\r\n        \n\n<div class=\"wp-block-columns are-vertically-aligned-center is-layout-flex wp-container-core-columns-is-layout-1 wp-block-columns-is-layout-flex\">\n<div class=\"wp-block-column is-vertically-aligned-center animated fadeInLeft delay-100ms slow is-layout-flow wp-block-column-is-layout-flow\" style=\"flex-basis:45%\">\n<figure class=\"wp-block-image size-full\"><a href=\"https:\/\/www.masdechampel.geek-tonic.dev\/wp-content\/uploads\/sites\/9\/sites\/9\/2023\/04\/locatif-bord-riviere-les-ollieres-sur-eyrieux.webp\"><img decoding=\"async\" width=\"920\" height=\"720\" src=\"https:\/\/www.masdechampel.geek-tonic.dev\/wp-content\/uploads\/sites\/9\/sites\/9\/2023\/04\/locatif-bord-riviere-les-ollieres-sur-eyrieux.webp\" alt=\"Vermietung am Flussufer les ollieres sur eyrieux\" class=\"wp-image-1249\" srcset=\"https:\/\/masdechampel.geek-tonic.dev\/wp-content\/uploads\/sites\/9\/2023\/04\/locatif-bord-riviere-les-ollieres-sur-eyrieux.webp 920w, https:\/\/masdechampel.geek-tonic.dev\/wp-content\/uploads\/sites\/9\/2023\/04\/locatif-bord-riviere-les-ollieres-sur-eyrieux-300x235.webp 300w, https:\/\/masdechampel.geek-tonic.dev\/wp-content\/uploads\/sites\/9\/2023\/04\/locatif-bord-riviere-les-ollieres-sur-eyrieux-768x601.webp 768w\" sizes=\"(max-width: 920px) 100vw, 920px\" \/><\/a><\/figure>\n<\/div>\n\n\n\n<div class=\"wp-block-column is-vertically-aligned-center animated fadeInRight slow is-layout-flow wp-block-column-is-layout-flow\" style=\"flex-basis:55%\">\n<h1 class=\"ls__heading wp-block-heading has-text-align-left\">Camping am Flussufer in Les Olli\u00e8res-sur-Eyrieux<\/h1>\n\n\n\n<h2 class=\"ls__heading wp-block-heading\">Schwimmen im Fluss neben dem Campingplatz<\/h2>\n\n\n\n<p class=\"ls-paragraph\">Schw\u00e4rmen Sie oder Ihre Kinder von den Momenten, in denen Sie in Fl\u00fcssen baden? Dann ist der <a href=\"https:\/\/www.masdechampel.geek-tonic.dev\/de\/\">Campingplatz Le Mas de Champel<\/a> der ideale Ort f\u00fcr einen gelungenen Ferienaufenthalt!<\/p>\n\n\n\n<p class=\"ls-paragraph\">Nur wenige Schritte vom Campingplatz entfernt befindet sich ein <strong>sehr sch\u00f6ner Strand am Ufer des Flusses L&#8217;Eyrieux<\/strong>. Dies ist der perfekte Ort, um sich hinzulegen, zu entspannen, sich zu sonnen und mit der ganzen Familie die Freuden des k\u00fchlen Flusswassers zu genie\u00dfen.<\/p>\n\n\n\n<p class=\"ls-paragraph\"><strong>Auf dem Fluss<\/strong> k\u00f6nnen Sie verschiedene <strong>Wassersportarten<\/strong> aus\u00fcben, z. B. Kanu fahren. Verschiedene Strecken mit Picknickm\u00f6glichkeiten stehen Ihnen zur Verf\u00fcgung.<\/p>\n\n\n\n<p class=\"ls-paragraph\">Inmitten der Natur in einer <strong>gesch\u00fctzten und authentischen Umgebung<\/strong> im Fluss zu baden, ist bei Ihrem Aufenthalt auf dem Campingplatz in Les Olli\u00e8res-sur-Eyrieux m\u00f6glich.<\/p>\n<\/div>\n<\/div>\n\n\r\n    <\/div>\r\n<\/section><section id=\"ls-section-block_46551959410cfa1de8b29d9089ef65c5\" class=\"ls-section  home-gallery has-background has-color-4-background-color has-m-t m-t-0 has-p-t p-t-0\" >\r\n        <div class=\"container container--full\">\r\n        \n\n<figure class=\"wp-block-gallery has-nested-images columns-1 is-cropped galerie-slider-container wp-block-gallery-1 is-layout-flex wp-block-gallery-is-layout-flex\">\n<figure class=\"wp-block-image size-large\"><a href=\"https:\/\/www.masdechampel.geek-tonic.dev\/wp-content\/uploads\/sites\/9\/sites\/9\/2023\/04\/peche-riviere-ardeche.webp\"><img decoding=\"async\" width=\"920\" height=\"720\" src=\"https:\/\/www.masdechampel.geek-tonic.dev\/wp-content\/uploads\/sites\/9\/sites\/9\/2023\/04\/peche-riviere-ardeche.webp\" alt=\"Angeln in der Ardeche\" class=\"wp-image-1256\" srcset=\"https:\/\/masdechampel.geek-tonic.dev\/wp-content\/uploads\/sites\/9\/2023\/04\/peche-riviere-ardeche.webp 920w, https:\/\/masdechampel.geek-tonic.dev\/wp-content\/uploads\/sites\/9\/2023\/04\/peche-riviere-ardeche-300x235.webp 300w, https:\/\/masdechampel.geek-tonic.dev\/wp-content\/uploads\/sites\/9\/2023\/04\/peche-riviere-ardeche-768x601.webp 768w\" sizes=\"(max-width: 920px) 100vw, 920px\" \/><\/a><\/figure>\n\n\n\n<figure class=\"wp-block-image size-large\"><a href=\"https:\/\/www.masdechampel.geek-tonic.dev\/wp-content\/uploads\/sites\/9\/sites\/9\/2023\/04\/riviere-canoe-ardeche.webp\"><img decoding=\"async\" width=\"920\" height=\"720\" src=\"https:\/\/www.masdechampel.geek-tonic.dev\/wp-content\/uploads\/sites\/9\/sites\/9\/2023\/04\/riviere-canoe-ardeche.webp\" alt=\"riviere kanu ardeche\" class=\"wp-image-1252\" srcset=\"https:\/\/masdechampel.geek-tonic.dev\/wp-content\/uploads\/sites\/9\/2023\/04\/riviere-canoe-ardeche.webp 920w, https:\/\/masdechampel.geek-tonic.dev\/wp-content\/uploads\/sites\/9\/2023\/04\/riviere-canoe-ardeche-300x235.webp 300w, https:\/\/masdechampel.geek-tonic.dev\/wp-content\/uploads\/sites\/9\/2023\/04\/riviere-canoe-ardeche-768x601.webp 768w\" sizes=\"(max-width: 920px) 100vw, 920px\" \/><\/a><\/figure>\n\n\n\n<figure class=\"wp-block-image size-large\"><a href=\"https:\/\/www.masdechampel.geek-tonic.dev\/wp-content\/uploads\/sites\/9\/sites\/9\/2023\/04\/camping-bord-riviere-les-ollieres-sur-eyrieux.webp\"><img decoding=\"async\" width=\"920\" height=\"720\" src=\"https:\/\/www.masdechampel.geek-tonic.dev\/wp-content\/uploads\/sites\/9\/sites\/9\/2023\/04\/camping-bord-riviere-les-ollieres-sur-eyrieux.webp\" alt=\"camping bord riviere les ollieres sur eyrieux\" class=\"wp-image-1243\" srcset=\"https:\/\/masdechampel.geek-tonic.dev\/wp-content\/uploads\/sites\/9\/2023\/04\/camping-bord-riviere-les-ollieres-sur-eyrieux.webp 920w, https:\/\/masdechampel.geek-tonic.dev\/wp-content\/uploads\/sites\/9\/2023\/04\/camping-bord-riviere-les-ollieres-sur-eyrieux-300x235.webp 300w, https:\/\/masdechampel.geek-tonic.dev\/wp-content\/uploads\/sites\/9\/2023\/04\/camping-bord-riviere-les-ollieres-sur-eyrieux-768x601.webp 768w\" sizes=\"(max-width: 920px) 100vw, 920px\" \/><\/a><\/figure>\n<\/figure>\n\n\r\n    <\/div>\r\n<\/section><section id=\"ls-section-block_39f1f10b0a0f2517d97bec44d4cd3aff\" class=\"ls-section  page-one animated fadeInUp slow  has-m-t m-t-0 has-m-b m-b-0 has-p-t p-t-0 has-p-b p-b-0\" >\r\n        <div class=\"container container--wide\">\r\n        \n\n<h2 class=\"ls__heading wp-block-heading has-text-align-center\">Angeln im Fluss in Les Olli\u00e8res-sur-Eyrieux<\/h2>\n\n\n\n<p class=\"ls-paragraph has-text-align-center\">Auch die <strong>Anh\u00e4nger und Liebhaber des Angelsports<\/strong> werden nicht zu kurz kommen! Angeln in einem Fluss der <strong>zweiten Kategorie<\/strong>. Auf <strong>verschiedenen Strecken<\/strong>, von denen <strong>einige als erste Kategorie eingestuft<\/strong> sind, k\u00f6nnen Sie Ihrer Lieblingsbesch\u00e4ftigung nachgehen. Es gibt auch eine <strong>&#8222;No-kill&#8220;-Strecke <\/strong>(der Fisch wird sofort nach dem Fang wieder ins Wasser geworfen).<\/p>\n\n\n\n<p class=\"ls-paragraph has-text-align-center\">So \u00fcben Sie eine <strong>Freizeitfischerei<\/strong> in einer gesch\u00fctzten und ruhigen Natur aus. Karpfen, Pl\u00f6tzen und Forellen besetzen den Fluss L&#8217;Eyrieux zur Freude von kleinen und gro\u00dfen Anglern!<\/p>\n\n\r\n    <\/div>\r\n<\/section><section id=\"ls-section-block_57ccdec8f69740f1789e98c914f2bf59\" class=\"ls-section  page-one aventure\" >\r\n        <div class=\"container container--wide\">\r\n        \n\n<div class=\"wp-block-columns is-layout-flex wp-container-core-columns-is-layout-2 wp-block-columns-is-layout-flex\">\n<div class=\"wp-block-column first animated fadeInLeft delay-100ms slow is-layout-flow wp-block-column-is-layout-flow\" style=\"flex-basis:45%\">\n<figure class=\"wp-block-image size-full\"><a href=\"https:\/\/www.masdechampel.geek-tonic.dev\/wp-content\/uploads\/sites\/9\/sites\/9\/2023\/04\/camping-canoe-riviere-ardeche.webp\"><img decoding=\"async\" width=\"920\" height=\"720\" src=\"https:\/\/www.masdechampel.geek-tonic.dev\/wp-content\/uploads\/sites\/9\/sites\/9\/2023\/04\/camping-canoe-riviere-ardeche.webp\" alt=\"camping kanu riviere ardeche\" class=\"wp-image-1261\" srcset=\"https:\/\/masdechampel.geek-tonic.dev\/wp-content\/uploads\/sites\/9\/2023\/04\/camping-canoe-riviere-ardeche.webp 920w, https:\/\/masdechampel.geek-tonic.dev\/wp-content\/uploads\/sites\/9\/2023\/04\/camping-canoe-riviere-ardeche-300x235.webp 300w, https:\/\/masdechampel.geek-tonic.dev\/wp-content\/uploads\/sites\/9\/2023\/04\/camping-canoe-riviere-ardeche-768x601.webp 768w\" sizes=\"(max-width: 920px) 100vw, 920px\" \/><\/a><\/figure>\n<\/div>\n\n\n\n<div class=\"wp-block-column is-vertically-aligned-center second animated fadeInRight slow is-layout-flow wp-block-column-is-layout-flow\" style=\"flex-basis:55%\">\n<h2 class=\"ls__heading wp-block-heading has-text-align-left\">Direkter Zugang zum Fluss vom Campingplatz in der Ard\u00e8che<\/h2>\n\n\n\n<p class=\"ls-paragraph\">Wie w\u00e4re es, wenn Sie sich f\u00fcr Ihren Urlaub in diesem Sommer f\u00fcr einen Campingplatz mit einer <strong>Unterkunft am Flussufer<\/strong> entscheiden? Der Campingplatz befindet sich in einer privilegierten Umgebung. Der Campingplatz in der Ard\u00e8che liegt am Flussufer und hat einen direkten Zugang zum Fluss L&#8217;Eyrieux.<\/p>\n\n\n\n<p class=\"ls-paragraph\">Als Urlauber auf dem Campingplatz sind Sie privilegiert: Der <strong>private Sandstrand ist<\/strong> vom Campingbereich aus \u00fcber einen kleinen Weg unterhalb des Campingplatzes <strong>direkt zug\u00e4nglich<\/strong> und f\u00fcr Camper reserviert.<\/p>\n\n\n\n<p class=\"ls-paragraph\">Jetzt m\u00fcssen Sie nur noch Ihren Badeanzug bereitlegen und ein belebendes Bad im Fluss genie\u00dfen! Lust auf ein Bad auf dem Campingplatz? Nutzen Sie den <a href=\"https:\/\/www.masdechampel.geek-tonic.dev\/de\/campingplatz-pool-les-ollieres-sur-eyrieux\/\">Pool des Campingplatzes in der Ard\u00e8che<\/a>.<\/p>\n<\/div>\n<\/div>\n\n\r\n    <\/div>\r\n<\/section><section id=\"ls-section-block_5c701e2485b79aaf161a6db0b7582500\" class=\"ls-section  page-maillage experience\" >\r\n        <div class=\"container container--wide\">\r\n        \n\n<div id=\"ls-heading ls-titre-div-block_9c0c200e1051978db1455d99130b09cc\" class=\"ls-titre-div aligncenter h2-like\" >\n    Entdecken Sie unser Schwimmbad, unsere Aktivit\u00e4ten und unsere Mobilheime<\/div>\n\n\n<div id=\"ls-maillage-block_9927449f3371fb629eace17abae7cd9f\" class=\"ls-maillage cta-style-normal\" data-rows=\"3\">\n    <div class=\"wp-block-columns\"><div class=\"wp-block-column\"><div id=\"destinations\" class=\"ls-cta\">\n\n<a href=\"https:\/\/masdechampel.geek-tonic.dev\/de\/campingplatz-pool-les-ollieres-sur-eyrieux\/\" target=\"\" rel=\"noopener\" class=\"ls-cta__link\">\n\n\t<div class=\"ls-cta__image\"><img decoding=\"async\" src=\"https:\/\/masdechampel.geek-tonic.dev\/wp-content\/uploads\/sites\/9\/2023\/04\/camping-piscine-pataugeoire-ollieres-sur-eyrieux_resultat.webp\" alt=\"camping pool planschbecken ollieres sur eyrieux ergebnis\"><\/div>\n\t<div class=\"ls-cta__title\">\n\t\tSchwimmbad\t<\/div>\n\n\t\t\n<\/a><\/div><\/div><div class=\"wp-block-column\"><div id=\"destinations\" class=\"ls-cta\">\n\n<a href=\"https:\/\/masdechampel.geek-tonic.dev\/de\/miet-mobil-home-les-ollieres-sur-eyrieux\/\" target=\"\" rel=\"noopener\" class=\"ls-cta__link\">\n\n\t<div class=\"ls-cta__image\"><img decoding=\"async\" src=\"https:\/\/masdechampel.geek-tonic.dev\/wp-content\/uploads\/sites\/9\/2023\/04\/location-insolite-les-ollieres-sur-eyrieux.webp\" alt=\"ungew\u00f6hnliche Vermietung les ollieres sur eyrieux\"><\/div>\n\t<div class=\"ls-cta__title\">\n\t\tMobilheime\t<\/div>\n\n\t\t\n<\/a><\/div><\/div><div class=\"wp-block-column\"><div id=\"destinations\" class=\"ls-cta\">\n\n<a href=\"https:\/\/masdechampel.geek-tonic.dev\/de\/campingplatz-animationen-les-ollieres-sur-eyrieux\/\" target=\"\" rel=\"noopener\" class=\"ls-cta__link\">\n\n\t<div class=\"ls-cta__image\"><img decoding=\"async\" src=\"https:\/\/masdechampel.geek-tonic.dev\/wp-content\/uploads\/sites\/9\/2023\/04\/camping-ping-pong-ardeche.webp\" alt=\"camping ping pong ardeche\"><\/div>\n\t<div class=\"ls-cta__title\">\n\t\tFreizeit\t<\/div>\n\n\t\t\n<\/a><\/div><\/div><\/div><\/div>\n\r\n    <\/div>\r\n<\/section>","protected":false},"excerpt":{"rendered":"","protected":false},"author":1,"featured_media":2558,"parent":0,"menu_order":0,"comment_status":"closed","ping_status":"closed","template":"","meta":{"_acf_changed":false,"footnotes":""},"sujet":[],"class_list":["post-2557","page","type-page","status-publish","has-post-thumbnail","hentry"],"acf":[],"yoast_head":"<!-- This site is optimized with the Yoast SEO plugin v23.9 - https:\/\/yoast.com\/wordpress\/plugins\/seo\/ -->\n<title>Campingplatz am Flussufer Les Olli\u00e8res | Camping Angeln Ard\u00e8che<\/title>\n<meta name=\"robots\" content=\"noindex, follow, max-snippet:-1, max-image-preview:large, max-video-preview:-1\" \/>\n<meta property=\"og:locale\" content=\"de_DE\" \/>\n<meta property=\"og:type\" content=\"article\" \/>\n<meta property=\"og:title\" content=\"Campingplatz am Flussufer Les Olli\u00e8res | Camping Angeln Ard\u00e8che\" \/>\n<meta property=\"og:url\" content=\"https:\/\/masdechampel.geek-tonic.dev\/de\/camping-bord-riviere-les-ollieres-sur-eyrieux\/\" \/>\n<meta property=\"og:site_name\" content=\"Le Mas de Champel\" \/>\n<meta property=\"article:modified_time\" content=\"2024-03-26T08:55:26+00:00\" \/>\n<meta property=\"og:image\" content=\"https:\/\/masdechampel.geek-tonic.dev\/wp-content\/uploads\/sites\/9\/2023\/04\/camping-bord-riviere-ardeche.webp\" \/>\n\t<meta property=\"og:image:width\" content=\"1903\" \/>\n\t<meta property=\"og:image:height\" content=\"550\" \/>\n\t<meta property=\"og:image:type\" content=\"image\/webp\" \/>\n<meta name=\"twitter:card\" content=\"summary_large_image\" \/>\n<meta name=\"twitter:label1\" content=\"Gesch\u00e4tzte Lesezeit\" \/>\n\t<meta name=\"twitter:data1\" content=\"2\u00a0Minuten\" \/>\n<script type=\"application\/ld+json\" class=\"yoast-schema-graph\">{\"@context\":\"https:\/\/schema.org\",\"@graph\":[{\"@type\":\"WebPage\",\"@id\":\"https:\/\/masdechampel.geek-tonic.dev\/de\/camping-bord-riviere-les-ollieres-sur-eyrieux\/\",\"url\":\"https:\/\/masdechampel.geek-tonic.dev\/de\/camping-bord-riviere-les-ollieres-sur-eyrieux\/\",\"name\":\"Campingplatz am Flussufer Les Olli\u00e8res | Camping Angeln Ard\u00e8che\",\"isPartOf\":{\"@id\":\"https:\/\/masdechampel.geek-tonic.dev\/de\/#website\"},\"primaryImageOfPage\":{\"@id\":\"https:\/\/masdechampel.geek-tonic.dev\/de\/camping-bord-riviere-les-ollieres-sur-eyrieux\/#primaryimage\"},\"image\":{\"@id\":\"https:\/\/masdechampel.geek-tonic.dev\/de\/camping-bord-riviere-les-ollieres-sur-eyrieux\/#primaryimage\"},\"thumbnailUrl\":\"https:\/\/masdechampel.geek-tonic.dev\/wp-content\/uploads\/sites\/9\/2023\/04\/camping-bord-riviere-ardeche.webp\",\"datePublished\":\"2024-03-26T08:28:45+00:00\",\"dateModified\":\"2024-03-26T08:55:26+00:00\",\"breadcrumb\":{\"@id\":\"https:\/\/masdechampel.geek-tonic.dev\/de\/camping-bord-riviere-les-ollieres-sur-eyrieux\/#breadcrumb\"},\"inLanguage\":\"de\",\"potentialAction\":[{\"@type\":\"ReadAction\",\"target\":[\"https:\/\/masdechampel.geek-tonic.dev\/de\/camping-bord-riviere-les-ollieres-sur-eyrieux\/\"]}]},{\"@type\":\"ImageObject\",\"inLanguage\":\"de\",\"@id\":\"https:\/\/masdechampel.geek-tonic.dev\/de\/camping-bord-riviere-les-ollieres-sur-eyrieux\/#primaryimage\",\"url\":\"https:\/\/masdechampel.geek-tonic.dev\/wp-content\/uploads\/sites\/9\/2023\/04\/camping-bord-riviere-ardeche.webp\",\"contentUrl\":\"https:\/\/masdechampel.geek-tonic.dev\/wp-content\/uploads\/sites\/9\/2023\/04\/camping-bord-riviere-ardeche.webp\",\"width\":1903,\"height\":550,\"caption\":\"camping bord riviere ardeche\"},{\"@type\":\"BreadcrumbList\",\"@id\":\"https:\/\/masdechampel.geek-tonic.dev\/de\/camping-bord-riviere-les-ollieres-sur-eyrieux\/#breadcrumb\",\"itemListElement\":[{\"@type\":\"ListItem\",\"position\":1,\"name\":\"Camping Ard\u00e8che\",\"item\":\"https:\/\/masdechampel.geek-tonic.dev\/de\/\"},{\"@type\":\"ListItem\",\"position\":2,\"name\":\"Campingplatz am Flussufer in der Ard\u00e8che\"}]},{\"@type\":\"WebSite\",\"@id\":\"https:\/\/masdechampel.geek-tonic.dev\/de\/#website\",\"url\":\"https:\/\/masdechampel.geek-tonic.dev\/de\/\",\"name\":\"Le Mas de Champel\",\"description\":\"\",\"publisher\":{\"@id\":\"https:\/\/masdechampel.geek-tonic.dev\/de\/#organization\"},\"potentialAction\":[{\"@type\":\"SearchAction\",\"target\":{\"@type\":\"EntryPoint\",\"urlTemplate\":\"https:\/\/masdechampel.geek-tonic.dev\/de\/?s={search_term_string}\"},\"query-input\":{\"@type\":\"PropertyValueSpecification\",\"valueRequired\":true,\"valueName\":\"search_term_string\"}}],\"inLanguage\":\"de\"},{\"@type\":\"Organization\",\"@id\":\"https:\/\/masdechampel.geek-tonic.dev\/de\/#organization\",\"name\":\"Le Mas de Champel\",\"url\":\"https:\/\/masdechampel.geek-tonic.dev\/de\/\",\"logo\":{\"@type\":\"ImageObject\",\"inLanguage\":\"de\",\"@id\":\"https:\/\/masdechampel.geek-tonic.dev\/de\/#\/schema\/logo\/image\/\",\"url\":\"https:\/\/masdechampel.geek-tonic.dev\/wp-content\/uploads\/sites\/9\/2023\/03\/cropped-logo-Flower-camping-Le-Mas-de-Champel.png\",\"contentUrl\":\"https:\/\/masdechampel.geek-tonic.dev\/wp-content\/uploads\/sites\/9\/2023\/03\/cropped-logo-Flower-camping-Le-Mas-de-Champel.png\",\"width\":500,\"height\":660,\"caption\":\"Le Mas de Champel\"},\"image\":{\"@id\":\"https:\/\/masdechampel.geek-tonic.dev\/de\/#\/schema\/logo\/image\/\"}}]}<\/script>\n<!-- \/ Yoast SEO plugin. -->","yoast_head_json":{"title":"Campingplatz am Flussufer Les Olli\u00e8res | Camping Angeln Ard\u00e8che","robots":{"index":"noindex","follow":"follow","max-snippet":"max-snippet:-1","max-image-preview":"max-image-preview:large","max-video-preview":"max-video-preview:-1"},"og_locale":"de_DE","og_type":"article","og_title":"Campingplatz am Flussufer Les Olli\u00e8res | Camping Angeln Ard\u00e8che","og_url":"https:\/\/masdechampel.geek-tonic.dev\/de\/camping-bord-riviere-les-ollieres-sur-eyrieux\/","og_site_name":"Le Mas de Champel","article_modified_time":"2024-03-26T08:55:26+00:00","og_image":[{"width":1903,"height":550,"url":"https:\/\/masdechampel.geek-tonic.dev\/wp-content\/uploads\/sites\/9\/2023\/04\/camping-bord-riviere-ardeche.webp","type":"image\/webp"}],"twitter_card":"summary_large_image","twitter_misc":{"Gesch\u00e4tzte Lesezeit":"2\u00a0Minuten"},"schema":{"@context":"https:\/\/schema.org","@graph":[{"@type":"WebPage","@id":"https:\/\/masdechampel.geek-tonic.dev\/de\/camping-bord-riviere-les-ollieres-sur-eyrieux\/","url":"https:\/\/masdechampel.geek-tonic.dev\/de\/camping-bord-riviere-les-ollieres-sur-eyrieux\/","name":"Campingplatz am Flussufer Les Olli\u00e8res | Camping Angeln Ard\u00e8che","isPartOf":{"@id":"https:\/\/masdechampel.geek-tonic.dev\/de\/#website"},"primaryImageOfPage":{"@id":"https:\/\/masdechampel.geek-tonic.dev\/de\/camping-bord-riviere-les-ollieres-sur-eyrieux\/#primaryimage"},"image":{"@id":"https:\/\/masdechampel.geek-tonic.dev\/de\/camping-bord-riviere-les-ollieres-sur-eyrieux\/#primaryimage"},"thumbnailUrl":"https:\/\/masdechampel.geek-tonic.dev\/wp-content\/uploads\/sites\/9\/2023\/04\/camping-bord-riviere-ardeche.webp","datePublished":"2024-03-26T08:28:45+00:00","dateModified":"2024-03-26T08:55:26+00:00","breadcrumb":{"@id":"https:\/\/masdechampel.geek-tonic.dev\/de\/camping-bord-riviere-les-ollieres-sur-eyrieux\/#breadcrumb"},"inLanguage":"de","potentialAction":[{"@type":"ReadAction","target":["https:\/\/masdechampel.geek-tonic.dev\/de\/camping-bord-riviere-les-ollieres-sur-eyrieux\/"]}]},{"@type":"ImageObject","inLanguage":"de","@id":"https:\/\/masdechampel.geek-tonic.dev\/de\/camping-bord-riviere-les-ollieres-sur-eyrieux\/#primaryimage","url":"https:\/\/masdechampel.geek-tonic.dev\/wp-content\/uploads\/sites\/9\/2023\/04\/camping-bord-riviere-ardeche.webp","contentUrl":"https:\/\/masdechampel.geek-tonic.dev\/wp-content\/uploads\/sites\/9\/2023\/04\/camping-bord-riviere-ardeche.webp","width":1903,"height":550,"caption":"camping bord riviere ardeche"},{"@type":"BreadcrumbList","@id":"https:\/\/masdechampel.geek-tonic.dev\/de\/camping-bord-riviere-les-ollieres-sur-eyrieux\/#breadcrumb","itemListElement":[{"@type":"ListItem","position":1,"name":"Camping Ard\u00e8che","item":"https:\/\/masdechampel.geek-tonic.dev\/de\/"},{"@type":"ListItem","position":2,"name":"Campingplatz am Flussufer in der Ard\u00e8che"}]},{"@type":"WebSite","@id":"https:\/\/masdechampel.geek-tonic.dev\/de\/#website","url":"https:\/\/masdechampel.geek-tonic.dev\/de\/","name":"Le Mas de Champel","description":"","publisher":{"@id":"https:\/\/masdechampel.geek-tonic.dev\/de\/#organization"},"potentialAction":[{"@type":"SearchAction","target":{"@type":"EntryPoint","urlTemplate":"https:\/\/masdechampel.geek-tonic.dev\/de\/?s={search_term_string}"},"query-input":{"@type":"PropertyValueSpecification","valueRequired":true,"valueName":"search_term_string"}}],"inLanguage":"de"},{"@type":"Organization","@id":"https:\/\/masdechampel.geek-tonic.dev\/de\/#organization","name":"Le Mas de Champel","url":"https:\/\/masdechampel.geek-tonic.dev\/de\/","logo":{"@type":"ImageObject","inLanguage":"de","@id":"https:\/\/masdechampel.geek-tonic.dev\/de\/#\/schema\/logo\/image\/","url":"https:\/\/masdechampel.geek-tonic.dev\/wp-content\/uploads\/sites\/9\/2023\/03\/cropped-logo-Flower-camping-Le-Mas-de-Champel.png","contentUrl":"https:\/\/masdechampel.geek-tonic.dev\/wp-content\/uploads\/sites\/9\/2023\/03\/cropped-logo-Flower-camping-Le-Mas-de-Champel.png","width":500,"height":660,"caption":"Le Mas de Champel"},"image":{"@id":"https:\/\/masdechampel.geek-tonic.dev\/de\/#\/schema\/logo\/image\/"}}]}},"_links":{"self":[{"href":"https:\/\/masdechampel.geek-tonic.dev\/de\/wp-json\/wp\/v2\/pages\/2557","targetHints":{"allow":["GET"]}}],"collection":[{"href":"https:\/\/masdechampel.geek-tonic.dev\/de\/wp-json\/wp\/v2\/pages"}],"about":[{"href":"https:\/\/masdechampel.geek-tonic.dev\/de\/wp-json\/wp\/v2\/types\/page"}],"author":[{"embeddable":true,"href":"https:\/\/masdechampel.geek-tonic.dev\/de\/wp-json\/wp\/v2\/users\/1"}],"replies":[{"embeddable":true,"href":"https:\/\/masdechampel.geek-tonic.dev\/de\/wp-json\/wp\/v2\/comments?post=2557"}],"version-history":[{"count":3,"href":"https:\/\/masdechampel.geek-tonic.dev\/de\/wp-json\/wp\/v2\/pages\/2557\/revisions"}],"predecessor-version":[{"id":2719,"href":"https:\/\/masdechampel.geek-tonic.dev\/de\/wp-json\/wp\/v2\/pages\/2557\/revisions\/2719"}],"wp:featuredmedia":[{"embeddable":true,"href":"https:\/\/masdechampel.geek-tonic.dev\/de\/wp-json\/wp\/v2\/media\/2558"}],"wp:attachment":[{"href":"https:\/\/masdechampel.geek-tonic.dev\/de\/wp-json\/wp\/v2\/media?parent=2557"}],"wp:term":[{"taxonomy":"sujet","embeddable":true,"href":"https:\/\/masdechampel.geek-tonic.dev\/de\/wp-json\/wp\/v2\/sujet?post=2557"}],"curies":[{"name":"wp","href":"https:\/\/api.w.org\/{rel}","templated":true}]}}