{"id":2532,"date":"2024-03-26T09:19:05","date_gmt":"2024-03-26T08:19:05","guid":{"rendered":"https:\/\/www.masdechampel.geek-tonic.dev\/campingplatz-pool-les-ollieres-sur-eyrieux\/"},"modified":"2024-06-03T11:44:05","modified_gmt":"2024-06-03T09:44:05","slug":"campingplatz-pool-les-ollieres-sur-eyrieux","status":"publish","type":"page","link":"https:\/\/masdechampel.geek-tonic.dev\/de\/campingplatz-pool-les-ollieres-sur-eyrieux\/","title":{"rendered":"Schwimmbad"},"content":{"rendered":"<section id=\"ls-section-block_7172b84625310d1f25d5edca2883071d\" class=\"ls-section  page-one has-background has-color-4-background-color has-m-t m-t-0 has-m-b m-b-0 has-p-t p-t-14 has-p-b p-b-14\" >\r\n        <div class=\"container container--wide\">\r\n        \n\n<h1 class=\"ls__heading wp-block-heading has-text-align-center\">Beheiztes Schwimmbad auf dem Campingplatz Les Olli\u00e8res-sur-Eyrieux<\/h1>\n\n\n\n<p class=\"ls-paragraph has-text-align-center\">Ihr Familienurlaub auf dem Campingplatz mit seinem <strong>beheizten Freibad<\/strong> wird ein unvergessliches Erlebnis sein. Stellen Sie sich vor, Sie nehmen ein Bad im tiefen Ende des Pools und genie\u00dfen die Aussicht von oben!<\/p>\n\n\n\n<p class=\"ls-paragraph has-text-align-center\">Eine herrliche gr\u00fcne und nat\u00fcrliche Umgebung wird Ihre Momente der Entspannung und Erholung auf einer der <strong>Sonnenliegen<\/strong> rund um das beheizte Freibad begleiten. Ein idyllischer Rahmen f\u00fcr einen guten Roman. Eine <strong>schattige Sonnenterrasse grenzt an das<\/strong> <strong>Schwimmbad<\/strong> des Campingplatzes. Das beheizte Freibad mit seinem Planschbecken ist der Ort, an dem alle die Freude am gemeinsamen Schwimmen wiederentdecken k\u00f6nnen!<\/p>\n\n\n\n<p class=\"ls-paragraph has-text-align-center\">Das Schwimmbad ist vom 1. Mai bis zum 29 September 2024 t\u00e4glich von 10 bis 20 Uhr ge\u00f6ffnet. Die Wassertemperatur h\u00e4ngt von der Au\u00dfentemperatur ab. Das Schwimmbad ist unbeaufsichtigt und Badeshorts sind verboten. Kinder m\u00fcssen unter elterlicher Aufsicht bleiben.<\/p>\n\n\r\n    <\/div>\r\n<\/section>\n\n<section id=\"ls-section-block_b6563de44f771ff078c4632b9543e697\" class=\"ls-section  home-gallery has-background has-color-4-background-color has-m-t m-t-0 has-p-t p-t-0\" >\r\n        <div class=\"container container--full\">\r\n        \n\n<figure class=\"wp-block-gallery has-nested-images columns-1 is-cropped galerie-slider-container wp-block-gallery-1 is-layout-flex wp-block-gallery-is-layout-flex\">\n<figure class=\"wp-block-image size-large\"><a href=\"https:\/\/www.masdechampel.geek-tonic.dev\/wp-content\/uploads\/sites\/9\/sites\/9\/2023\/04\/camping-piscine-ardeche.webp\"><img decoding=\"async\" width=\"920\" height=\"720\" src=\"https:\/\/www.masdechampel.geek-tonic.dev\/wp-content\/uploads\/sites\/9\/sites\/9\/2023\/04\/camping-piscine-ardeche.webp\" alt=\"camping piscine ardeche\" class=\"wp-image-1025\" srcset=\"https:\/\/masdechampel.geek-tonic.dev\/wp-content\/uploads\/sites\/9\/2023\/04\/camping-piscine-ardeche.webp 920w, https:\/\/masdechampel.geek-tonic.dev\/wp-content\/uploads\/sites\/9\/2023\/04\/camping-piscine-ardeche-300x235.webp 300w, https:\/\/masdechampel.geek-tonic.dev\/wp-content\/uploads\/sites\/9\/2023\/04\/camping-piscine-ardeche-768x601.webp 768w\" sizes=\"(max-width: 920px) 100vw, 920px\" \/><\/a><\/figure>\n\n\n\n<figure class=\"wp-block-image size-large\"><a href=\"https:\/\/www.masdechampel.geek-tonic.dev\/wp-content\/uploads\/sites\/9\/sites\/9\/2023\/04\/piscine-chauffee-ollieres-sur-eyrieux.webp\"><img decoding=\"async\" width=\"920\" height=\"720\" src=\"https:\/\/www.masdechampel.geek-tonic.dev\/wp-content\/uploads\/sites\/9\/sites\/9\/2023\/04\/piscine-chauffee-ollieres-sur-eyrieux.webp\" alt=\"beheiztes schwimmbad ollieres sur eyrieux\" class=\"wp-image-1032\" srcset=\"https:\/\/masdechampel.geek-tonic.dev\/wp-content\/uploads\/sites\/9\/2023\/04\/piscine-chauffee-ollieres-sur-eyrieux.webp 920w, https:\/\/masdechampel.geek-tonic.dev\/wp-content\/uploads\/sites\/9\/2023\/04\/piscine-chauffee-ollieres-sur-eyrieux-300x235.webp 300w, https:\/\/masdechampel.geek-tonic.dev\/wp-content\/uploads\/sites\/9\/2023\/04\/piscine-chauffee-ollieres-sur-eyrieux-768x601.webp 768w\" sizes=\"(max-width: 920px) 100vw, 920px\" \/><\/a><\/figure>\n\n\n\n<figure class=\"wp-block-image size-large\"><a href=\"https:\/\/www.masdechampel.geek-tonic.dev\/wp-content\/uploads\/sites\/9\/sites\/9\/2023\/04\/camping-piscine-ollieres-sur-eyrieux.webp\"><img decoding=\"async\" width=\"920\" height=\"720\" src=\"https:\/\/www.masdechampel.geek-tonic.dev\/wp-content\/uploads\/sites\/9\/sites\/9\/2023\/04\/camping-piscine-ollieres-sur-eyrieux.webp\" alt=\"camping pool ollieres sur eyrieux\" class=\"wp-image-1029\" srcset=\"https:\/\/masdechampel.geek-tonic.dev\/wp-content\/uploads\/sites\/9\/2023\/04\/camping-piscine-ollieres-sur-eyrieux.webp 920w, https:\/\/masdechampel.geek-tonic.dev\/wp-content\/uploads\/sites\/9\/2023\/04\/camping-piscine-ollieres-sur-eyrieux-300x235.webp 300w, https:\/\/masdechampel.geek-tonic.dev\/wp-content\/uploads\/sites\/9\/2023\/04\/camping-piscine-ollieres-sur-eyrieux-768x601.webp 768w\" sizes=\"(max-width: 920px) 100vw, 920px\" \/><\/a><\/figure>\n<\/figure>\n\n\r\n    <\/div>\r\n<\/section>\n\n<section id=\"ls-section-block_1677ef2cb8790fcc6ba6c171ab4b594b\" class=\"ls-section  page-one aventure\" >\r\n        <div class=\"container container--wide\">\r\n        \n\n<div class=\"wp-block-columns is-layout-flex wp-container-core-columns-is-layout-1 wp-block-columns-is-layout-flex\">\n<div class=\"wp-block-column first animated fadeInLeft delay-100ms slow is-layout-flow wp-block-column-is-layout-flow\" style=\"flex-basis:45%\">\n<figure class=\"wp-block-image size-full\"><a href=\"https:\/\/www.masdechampel.geek-tonic.dev\/wp-content\/uploads\/sites\/9\/sites\/9\/2024\/03\/camping-maschampel-piscine-chauffee-ardeche.webp\"><img decoding=\"async\" width=\"920\" height=\"720\" src=\"https:\/\/www.masdechampel.geek-tonic.dev\/wp-content\/uploads\/sites\/9\/sites\/9\/2024\/03\/camping-maschampel-piscine-chauffee-ardeche.webp\" alt=\"camping maschampel beheizter pool ardeche\" class=\"wp-image-2360\" srcset=\"https:\/\/masdechampel.geek-tonic.dev\/wp-content\/uploads\/sites\/9\/2024\/03\/camping-maschampel-piscine-chauffee-ardeche.webp 920w, https:\/\/masdechampel.geek-tonic.dev\/wp-content\/uploads\/sites\/9\/2024\/03\/camping-maschampel-piscine-chauffee-ardeche-300x235.webp 300w, https:\/\/masdechampel.geek-tonic.dev\/wp-content\/uploads\/sites\/9\/2024\/03\/camping-maschampel-piscine-chauffee-ardeche-768x601.webp 768w\" sizes=\"(max-width: 920px) 100vw, 920px\" \/><\/a><\/figure>\n<\/div>\n\n\n\n<div class=\"wp-block-column is-vertically-aligned-center second animated fadeInRight slow is-layout-flow wp-block-column-is-layout-flow\" style=\"flex-basis:55%\">\n<div id=\"ls-heading ls-titre-div-block_cca6ef688c42f88fed7f76d228f2b4a4\" class=\"ls-titre-div h2-like\" >\n    Unser Planschbecken mit Wasserspielen in der Ard\u00e8che<\/div>\n\n\n\n<p class=\"ls-paragraph\">Ihr erster Urlaub auf dem Campingplatz Les Olli\u00e8res-sur-Eyrieux in der Ard\u00e8che mit seinem beheizten Schwimmbad und Planschbecken wird einen bleibenden Eindruck bei Ihren Kleinen hinterlassen.<\/p>\n\n\n\n<p class=\"ls-paragraph\">Im <strong>beheizten Planschbecken<\/strong> und den <strong>lustigen Wasserspielen<\/strong> f\u00fcr Kinder entdecken sie das Vergn\u00fcgen des Wassers. Stundenlanger Spa\u00df und eine Einf\u00fchrung in die Freuden des Schwimmens, und das in aller Sicherheit!<\/p>\n\n\n\n<p class=\"ls-paragraph\">Der Campingplatz mit Wasserpark in Les Olli\u00e8res-sur-Eyrieux steht der ganzen Familie offen und ist der ideale Ort, um gemeinsam Momente des Gl\u00fccks und der Freude zu erleben.<\/p>\n\n\n\n<p class=\"ls-paragraph\">Das <strong>Schwimmbad des Campingplatzes<\/strong> befindet sich neben dem charmanten Restaurant Le Champel. Nutzen Sie den direkten<a href=\"https:\/\/www.masdechampel.geek-tonic.dev\/camping-bord-riviere-les-ollieres-sur-eyrieux\/\">Zugang zum Fluss vom Campingplatz aus<\/a> f\u00fcr einen Moment der Entspannung in der Natur.<\/p>\n<\/div>\n<\/div>\n\n\r\n    <\/div>\r\n<\/section>\n\n<section id=\"ls-section-block_91d4ec2186cc61456c48498c83b3f60e\" class=\"ls-section  page-maillage experience\" >\r\n        <div class=\"container container--wide\">\r\n        \n\n<div id=\"ls-heading ls-titre-div-block_93d286bc61bf08e176427036344230cf\" class=\"ls-titre-div aligncenter h2-like\" >\n    Entdecken Sie unser Engagement, unsere Freizeitaktivit\u00e4ten und das Flussufer<\/div>\n\n\n<div id=\"ls-maillage-block_b21f5463f74e592adfdd8d189c5386ba\" class=\"ls-maillage cta-style-normal\" data-rows=\"3\">\n    <div class=\"wp-block-columns\"><div class=\"wp-block-column\"><div id=\"destinations\" class=\"ls-cta\">\n\n<a href=\"https:\/\/masdechampel.geek-tonic.dev\/de\/camping-bord-riviere-les-ollieres-sur-eyrieux\/\" target=\"\" rel=\"noopener\" class=\"ls-cta__link\">\n\n\t<div class=\"ls-cta__image\"><img decoding=\"async\" src=\"https:\/\/masdechampel.geek-tonic.dev\/wp-content\/uploads\/sites\/9\/2023\/04\/locatif-bord-riviere-ardeche.webp\" alt=\"Mietobjekt am Rande des Flusses Ardeche\"><\/div>\n\t<div class=\"ls-cta__title\">\n\t\tFlussufer\t<\/div>\n\n\t\t\n<\/a><\/div><\/div><div class=\"wp-block-column\"><div id=\"destinations\" class=\"ls-cta\">\n\n<a href=\"https:\/\/masdechampel.geek-tonic.dev\/de\/campingplatz-animationen-les-ollieres-sur-eyrieux\/\" target=\"\" rel=\"noopener\" class=\"ls-cta__link\">\n\n\t<div class=\"ls-cta__image\"><img decoding=\"async\" src=\"https:\/\/masdechampel.geek-tonic.dev\/wp-content\/uploads\/sites\/9\/2023\/04\/camping-ping-pong-ardeche.webp\" alt=\"camping ping pong ardeche\"><\/div>\n\t<div class=\"ls-cta__title\">\n\t\tFreizeit\t<\/div>\n\n\t\t\n<\/a><\/div><\/div><div class=\"wp-block-column\"><div id=\"destinations\" class=\"ls-cta\">\n\n<a href=\"https:\/\/masdechampel.geek-tonic.dev\/de\/campingplatz-flower-les-ollieres-sur-eyrieux\/\" target=\"\" rel=\"noopener\" class=\"ls-cta__link\">\n\n\t<div class=\"ls-cta__image\"><img decoding=\"async\" src=\"https:\/\/masdechampel.geek-tonic.dev\/wp-content\/uploads\/sites\/9\/2023\/04\/camping-engagements-environnementaux-les-ollieres-sur-eyrieux.webp\" alt=\"Camping-Engagements in der Umwelt les ollieres sur eyrieux\"><\/div>\n\t<div class=\"ls-cta__title\">\n\t\t\u00d6kologie\t<\/div>\n\n\t\t\n<\/a><\/div><\/div><\/div><\/div>\n\r\n    <\/div>\r\n<\/section>","protected":false},"excerpt":{"rendered":"","protected":false},"author":1,"featured_media":2536,"parent":0,"menu_order":0,"comment_status":"closed","ping_status":"closed","template":"","meta":{"_acf_changed":false,"footnotes":""},"sujet":[],"class_list":["post-2532","page","type-page","status-publish","has-post-thumbnail","hentry"],"acf":[],"yoast_head":"<!-- This site is optimized with the Yoast SEO plugin v23.9 - https:\/\/yoast.com\/wordpress\/plugins\/seo\/ -->\n<title>Camping beheiztes Schwimmbad Les Olli\u00e8res | Camping Schwimmbad Ard\u00e8che<\/title>\n<meta name=\"robots\" content=\"noindex, follow, max-snippet:-1, max-image-preview:large, max-video-preview:-1\" \/>\n<meta property=\"og:locale\" content=\"de_DE\" \/>\n<meta property=\"og:type\" content=\"article\" \/>\n<meta property=\"og:title\" content=\"Camping beheiztes Schwimmbad Les Olli\u00e8res | Camping Schwimmbad Ard\u00e8che\" \/>\n<meta property=\"og:url\" content=\"https:\/\/masdechampel.geek-tonic.dev\/de\/campingplatz-pool-les-ollieres-sur-eyrieux\/\" \/>\n<meta property=\"og:site_name\" content=\"Le Mas de Champel\" \/>\n<meta property=\"article:modified_time\" content=\"2024-06-03T09:44:05+00:00\" \/>\n<meta property=\"og:image\" content=\"https:\/\/masdechampel.geek-tonic.dev\/wp-content\/uploads\/sites\/9\/2023\/04\/camping-piscine-pataugeoire-ardeche.webp\" \/>\n\t<meta property=\"og:image:width\" content=\"1903\" \/>\n\t<meta property=\"og:image:height\" content=\"550\" \/>\n\t<meta property=\"og:image:type\" content=\"image\/webp\" \/>\n<meta name=\"twitter:card\" content=\"summary_large_image\" \/>\n<meta name=\"twitter:label1\" content=\"Gesch\u00e4tzte Lesezeit\" \/>\n\t<meta name=\"twitter:data1\" content=\"3\u00a0Minuten\" \/>\n<script type=\"application\/ld+json\" class=\"yoast-schema-graph\">{\"@context\":\"https:\/\/schema.org\",\"@graph\":[{\"@type\":\"WebPage\",\"@id\":\"https:\/\/masdechampel.geek-tonic.dev\/de\/campingplatz-pool-les-ollieres-sur-eyrieux\/\",\"url\":\"https:\/\/masdechampel.geek-tonic.dev\/de\/campingplatz-pool-les-ollieres-sur-eyrieux\/\",\"name\":\"Camping beheiztes Schwimmbad Les Olli\u00e8res | Camping Schwimmbad Ard\u00e8che\",\"isPartOf\":{\"@id\":\"https:\/\/masdechampel.geek-tonic.dev\/de\/#website\"},\"primaryImageOfPage\":{\"@id\":\"https:\/\/masdechampel.geek-tonic.dev\/de\/campingplatz-pool-les-ollieres-sur-eyrieux\/#primaryimage\"},\"image\":{\"@id\":\"https:\/\/masdechampel.geek-tonic.dev\/de\/campingplatz-pool-les-ollieres-sur-eyrieux\/#primaryimage\"},\"thumbnailUrl\":\"https:\/\/masdechampel.geek-tonic.dev\/wp-content\/uploads\/sites\/9\/2023\/04\/camping-piscine-pataugeoire-ardeche.webp\",\"datePublished\":\"2024-03-26T08:19:05+00:00\",\"dateModified\":\"2024-06-03T09:44:05+00:00\",\"breadcrumb\":{\"@id\":\"https:\/\/masdechampel.geek-tonic.dev\/de\/campingplatz-pool-les-ollieres-sur-eyrieux\/#breadcrumb\"},\"inLanguage\":\"de\",\"potentialAction\":[{\"@type\":\"ReadAction\",\"target\":[\"https:\/\/masdechampel.geek-tonic.dev\/de\/campingplatz-pool-les-ollieres-sur-eyrieux\/\"]}]},{\"@type\":\"ImageObject\",\"inLanguage\":\"de\",\"@id\":\"https:\/\/masdechampel.geek-tonic.dev\/de\/campingplatz-pool-les-ollieres-sur-eyrieux\/#primaryimage\",\"url\":\"https:\/\/masdechampel.geek-tonic.dev\/wp-content\/uploads\/sites\/9\/2023\/04\/camping-piscine-pataugeoire-ardeche.webp\",\"contentUrl\":\"https:\/\/masdechampel.geek-tonic.dev\/wp-content\/uploads\/sites\/9\/2023\/04\/camping-piscine-pataugeoire-ardeche.webp\",\"width\":1903,\"height\":550,\"caption\":\"camping pool planschbecken ardeche\"},{\"@type\":\"BreadcrumbList\",\"@id\":\"https:\/\/masdechampel.geek-tonic.dev\/de\/campingplatz-pool-les-ollieres-sur-eyrieux\/#breadcrumb\",\"itemListElement\":[{\"@type\":\"ListItem\",\"position\":1,\"name\":\"Camping Ard\u00e8che\",\"item\":\"https:\/\/masdechampel.geek-tonic.dev\/de\/\"},{\"@type\":\"ListItem\",\"position\":2,\"name\":\"Campingplatz mit beheiztem Pool in der Ard\u00e8che\"}]},{\"@type\":\"WebSite\",\"@id\":\"https:\/\/masdechampel.geek-tonic.dev\/de\/#website\",\"url\":\"https:\/\/masdechampel.geek-tonic.dev\/de\/\",\"name\":\"Le Mas de Champel\",\"description\":\"\",\"publisher\":{\"@id\":\"https:\/\/masdechampel.geek-tonic.dev\/de\/#organization\"},\"potentialAction\":[{\"@type\":\"SearchAction\",\"target\":{\"@type\":\"EntryPoint\",\"urlTemplate\":\"https:\/\/masdechampel.geek-tonic.dev\/de\/?s={search_term_string}\"},\"query-input\":{\"@type\":\"PropertyValueSpecification\",\"valueRequired\":true,\"valueName\":\"search_term_string\"}}],\"inLanguage\":\"de\"},{\"@type\":\"Organization\",\"@id\":\"https:\/\/masdechampel.geek-tonic.dev\/de\/#organization\",\"name\":\"Le Mas de Champel\",\"url\":\"https:\/\/masdechampel.geek-tonic.dev\/de\/\",\"logo\":{\"@type\":\"ImageObject\",\"inLanguage\":\"de\",\"@id\":\"https:\/\/masdechampel.geek-tonic.dev\/de\/#\/schema\/logo\/image\/\",\"url\":\"https:\/\/masdechampel.geek-tonic.dev\/wp-content\/uploads\/sites\/9\/2023\/03\/cropped-logo-Flower-camping-Le-Mas-de-Champel.png\",\"contentUrl\":\"https:\/\/masdechampel.geek-tonic.dev\/wp-content\/uploads\/sites\/9\/2023\/03\/cropped-logo-Flower-camping-Le-Mas-de-Champel.png\",\"width\":500,\"height\":660,\"caption\":\"Le Mas de Champel\"},\"image\":{\"@id\":\"https:\/\/masdechampel.geek-tonic.dev\/de\/#\/schema\/logo\/image\/\"}}]}<\/script>\n<!-- \/ Yoast SEO plugin. -->","yoast_head_json":{"title":"Camping beheiztes Schwimmbad Les Olli\u00e8res | Camping Schwimmbad Ard\u00e8che","robots":{"index":"noindex","follow":"follow","max-snippet":"max-snippet:-1","max-image-preview":"max-image-preview:large","max-video-preview":"max-video-preview:-1"},"og_locale":"de_DE","og_type":"article","og_title":"Camping beheiztes Schwimmbad Les Olli\u00e8res | Camping Schwimmbad Ard\u00e8che","og_url":"https:\/\/masdechampel.geek-tonic.dev\/de\/campingplatz-pool-les-ollieres-sur-eyrieux\/","og_site_name":"Le Mas de Champel","article_modified_time":"2024-06-03T09:44:05+00:00","og_image":[{"width":1903,"height":550,"url":"https:\/\/masdechampel.geek-tonic.dev\/wp-content\/uploads\/sites\/9\/2023\/04\/camping-piscine-pataugeoire-ardeche.webp","type":"image\/webp"}],"twitter_card":"summary_large_image","twitter_misc":{"Gesch\u00e4tzte Lesezeit":"3\u00a0Minuten"},"schema":{"@context":"https:\/\/schema.org","@graph":[{"@type":"WebPage","@id":"https:\/\/masdechampel.geek-tonic.dev\/de\/campingplatz-pool-les-ollieres-sur-eyrieux\/","url":"https:\/\/masdechampel.geek-tonic.dev\/de\/campingplatz-pool-les-ollieres-sur-eyrieux\/","name":"Camping beheiztes Schwimmbad Les Olli\u00e8res | Camping Schwimmbad Ard\u00e8che","isPartOf":{"@id":"https:\/\/masdechampel.geek-tonic.dev\/de\/#website"},"primaryImageOfPage":{"@id":"https:\/\/masdechampel.geek-tonic.dev\/de\/campingplatz-pool-les-ollieres-sur-eyrieux\/#primaryimage"},"image":{"@id":"https:\/\/masdechampel.geek-tonic.dev\/de\/campingplatz-pool-les-ollieres-sur-eyrieux\/#primaryimage"},"thumbnailUrl":"https:\/\/masdechampel.geek-tonic.dev\/wp-content\/uploads\/sites\/9\/2023\/04\/camping-piscine-pataugeoire-ardeche.webp","datePublished":"2024-03-26T08:19:05+00:00","dateModified":"2024-06-03T09:44:05+00:00","breadcrumb":{"@id":"https:\/\/masdechampel.geek-tonic.dev\/de\/campingplatz-pool-les-ollieres-sur-eyrieux\/#breadcrumb"},"inLanguage":"de","potentialAction":[{"@type":"ReadAction","target":["https:\/\/masdechampel.geek-tonic.dev\/de\/campingplatz-pool-les-ollieres-sur-eyrieux\/"]}]},{"@type":"ImageObject","inLanguage":"de","@id":"https:\/\/masdechampel.geek-tonic.dev\/de\/campingplatz-pool-les-ollieres-sur-eyrieux\/#primaryimage","url":"https:\/\/masdechampel.geek-tonic.dev\/wp-content\/uploads\/sites\/9\/2023\/04\/camping-piscine-pataugeoire-ardeche.webp","contentUrl":"https:\/\/masdechampel.geek-tonic.dev\/wp-content\/uploads\/sites\/9\/2023\/04\/camping-piscine-pataugeoire-ardeche.webp","width":1903,"height":550,"caption":"camping pool planschbecken ardeche"},{"@type":"BreadcrumbList","@id":"https:\/\/masdechampel.geek-tonic.dev\/de\/campingplatz-pool-les-ollieres-sur-eyrieux\/#breadcrumb","itemListElement":[{"@type":"ListItem","position":1,"name":"Camping Ard\u00e8che","item":"https:\/\/masdechampel.geek-tonic.dev\/de\/"},{"@type":"ListItem","position":2,"name":"Campingplatz mit beheiztem Pool in der Ard\u00e8che"}]},{"@type":"WebSite","@id":"https:\/\/masdechampel.geek-tonic.dev\/de\/#website","url":"https:\/\/masdechampel.geek-tonic.dev\/de\/","name":"Le Mas de Champel","description":"","publisher":{"@id":"https:\/\/masdechampel.geek-tonic.dev\/de\/#organization"},"potentialAction":[{"@type":"SearchAction","target":{"@type":"EntryPoint","urlTemplate":"https:\/\/masdechampel.geek-tonic.dev\/de\/?s={search_term_string}"},"query-input":{"@type":"PropertyValueSpecification","valueRequired":true,"valueName":"search_term_string"}}],"inLanguage":"de"},{"@type":"Organization","@id":"https:\/\/masdechampel.geek-tonic.dev\/de\/#organization","name":"Le Mas de Champel","url":"https:\/\/masdechampel.geek-tonic.dev\/de\/","logo":{"@type":"ImageObject","inLanguage":"de","@id":"https:\/\/masdechampel.geek-tonic.dev\/de\/#\/schema\/logo\/image\/","url":"https:\/\/masdechampel.geek-tonic.dev\/wp-content\/uploads\/sites\/9\/2023\/03\/cropped-logo-Flower-camping-Le-Mas-de-Champel.png","contentUrl":"https:\/\/masdechampel.geek-tonic.dev\/wp-content\/uploads\/sites\/9\/2023\/03\/cropped-logo-Flower-camping-Le-Mas-de-Champel.png","width":500,"height":660,"caption":"Le Mas de Champel"},"image":{"@id":"https:\/\/masdechampel.geek-tonic.dev\/de\/#\/schema\/logo\/image\/"}}]}},"_links":{"self":[{"href":"https:\/\/masdechampel.geek-tonic.dev\/de\/wp-json\/wp\/v2\/pages\/2532","targetHints":{"allow":["GET"]}}],"collection":[{"href":"https:\/\/masdechampel.geek-tonic.dev\/de\/wp-json\/wp\/v2\/pages"}],"about":[{"href":"https:\/\/masdechampel.geek-tonic.dev\/de\/wp-json\/wp\/v2\/types\/page"}],"author":[{"embeddable":true,"href":"https:\/\/masdechampel.geek-tonic.dev\/de\/wp-json\/wp\/v2\/users\/1"}],"replies":[{"embeddable":true,"href":"https:\/\/masdechampel.geek-tonic.dev\/de\/wp-json\/wp\/v2\/comments?post=2532"}],"version-history":[{"count":2,"href":"https:\/\/masdechampel.geek-tonic.dev\/de\/wp-json\/wp\/v2\/pages\/2532\/revisions"}],"predecessor-version":[{"id":2928,"href":"https:\/\/masdechampel.geek-tonic.dev\/de\/wp-json\/wp\/v2\/pages\/2532\/revisions\/2928"}],"wp:featuredmedia":[{"embeddable":true,"href":"https:\/\/masdechampel.geek-tonic.dev\/de\/wp-json\/wp\/v2\/media\/2536"}],"wp:attachment":[{"href":"https:\/\/masdechampel.geek-tonic.dev\/de\/wp-json\/wp\/v2\/media?parent=2532"}],"wp:term":[{"taxonomy":"sujet","embeddable":true,"href":"https:\/\/masdechampel.geek-tonic.dev\/de\/wp-json\/wp\/v2\/sujet?post=2532"}],"curies":[{"name":"wp","href":"https:\/\/api.w.org\/{rel}","templated":true}]}}