{"id":2530,"date":"2024-03-26T09:18:39","date_gmt":"2024-03-26T08:18:39","guid":{"rendered":"https:\/\/www.masdechampel.geek-tonic.dev\/rechtshinweis\/"},"modified":"2024-03-26T09:18:40","modified_gmt":"2024-03-26T08:18:40","slug":"rechtshinweis","status":"publish","type":"page","link":"https:\/\/masdechampel.geek-tonic.dev\/de\/rechtshinweis\/","title":{"rendered":"Bedingungen f\u00fcr die Nutzung"},"content":{"rendered":"<section id=\"ls-section-block_2b9a8cf5067cedb29300a900add8815b\" class=\"ls-section  has-background has-color-4-background-color has-m-t m-t-0 has-m-b m-b-0\" >\r\n        <div class=\"container \">\r\n        \n\n<h1 class=\"ls__heading wp-block-heading has-text-align-center\">RECHTLICHE INFORMATIONEN<\/h1>\n\n\n\n<h2 class=\"ls__heading wp-block-heading\">VERANTWORTLICH F\u00dcR DIE WEBSITE<\/h2>\n\n\n\n<p class=\"ls-paragraph\"><strong>SAS Mas de Champel<\/strong><br\/>135 la Dolce Via<strong><br\/><\/strong>07360 Les Ollieres-sur-Eyrieux<br\/>Gesch\u00e4ft(e): Freiluft-Hotelgewerbe.<br\/>Leiter der Ver\u00f6ffentlichung: Nad\u00e8ge Papa\u00efx, Verkaufsleiterin<br\/>E-Mail: camping-lemasdechampel@flowercampings.com<br\/>Telefon: 04 75 66 23 23<br\/>Siret 512445883<br\/>Innergemeinschaftliche Mehrwertsteuer: FR84512445883<\/p>\n\n\n\n<h2 class=\"ls__heading wp-block-heading\">PRODUKTION<\/h2>\n\n\n\n<p class=\"ls-paragraph\"><strong>GEEK TONIC<\/strong><br\/>Vertreten durch Herrn Yohan Darmayan in seiner Eigenschaft als gesch\u00e4ftsf\u00fchrender Direktor<br\/>Hauptsitz: 50 avenue du lac marion, 64200 BIARRITZ<br\/>Telefon: 05 32 74 11 52<br\/>E-Mail: support@geek-tonic.com<br\/>Website: <a href=\"https:\/\/www.geek-tonic.com\/\" target=\"_blank\" rel=\"noreferrer noopener\">www.geek-tonic.com<\/a><br\/>SIRET : 89746755100015<br\/>APE : 6201Z<\/p>\n\n\n\n<h2 class=\"ls__heading wp-block-heading\">TANTIEMEN UND URHEBERRECHTE<\/h2>\n\n\n\n<p class=\"ls-paragraph\">Der gesamte Inhalt dieser Website unterliegt dem Urheberrecht und den Rechten des geistigen Eigentums nach franz\u00f6sischem Recht. Jegliche Reproduktion (einschlie\u00dflich Fotos, Icons und herunterladbare Dokumente) ist ohne vorherige Zustimmung von GEEK TONIC untersagt. Die Vervielf\u00e4ltigung der gesamten oder eines Teils der Website in Papier- oder elektronischer Form auf elektronischen Medien ist verboten. GEEK TONIC ist nicht verantwortlich f\u00fcr den Inhalt der Website. GEEK TONIC lehnt auch jede Verantwortung f\u00fcr externe Links ab, die auf diese Website verweisen.<\/p>\n\n\n\n<h2 class=\"ls__heading wp-block-heading\">PERSONENBEZOGENE DATEN UND NOMINATIVE INFORMATIONEN<\/h2>\n\n\n\n<p class=\"ls-paragraph\">Sie haben gem\u00e4\u00df Artikel 34 des franz\u00f6sischen Datenschutzgesetzes (Loi &#8220; Informatique et Libert\u00e9s &#8220; n\u00b0 78-17 du 6 janvier 1978, ge\u00e4ndert am 6. August 2018) das Recht auf Zugang, \u00c4nderung, Berichtigung und L\u00f6schung der Sie betreffenden Daten. Um Ihr Auskunftsrecht auszu\u00fcben, gen\u00fcgt es, einen schriftlichen Antrag an den Herausgeber der Website zu senden.<\/p>\n\n\n\n<h2 class=\"ls__heading wp-block-heading\">LEGISLATION<\/h2>\n\n\n\n<p class=\"ls-paragraph\">Gem\u00e4\u00df dem Gesetz vom 11. M\u00e4rz 1957 (Art. 41) und dem Gesetz \u00fcber das geistige Eigentum vom 1. Juli 1992 ist es verboten, Teile der Website ganz oder teilweise ohne vorherige Genehmigung des Herausgebers der Website zu reproduzieren. Logos, Bildmaterial, Fotos, Videos, Grafiken und Texte sind Eigentum der jeweiligen Inhaber. Diese Website kann mit anderen Websites durch Hyperlinks verbunden sein. Der Herausgeber der Website lehnt jede Verantwortung f\u00fcr die auf diesen anderen Websites dargestellten Informationen ab. Der Internetnutzer erkennt an, dass die Nutzung dieser Website dem franz\u00f6sischen Recht unterliegt.<\/p>\n\n\r\n    <\/div>\r\n<\/section>","protected":false},"excerpt":{"rendered":"","protected":false},"author":1,"featured_media":0,"parent":0,"menu_order":0,"comment_status":"closed","ping_status":"closed","template":"","meta":{"_acf_changed":false,"footnotes":""},"sujet":[],"class_list":["post-2530","page","type-page","status-publish","hentry"],"acf":[],"yoast_head":"<!-- This site is optimized with the Yoast SEO plugin v23.9 - https:\/\/yoast.com\/wordpress\/plugins\/seo\/ -->\n<title>Bedingungen f\u00fcr die Nutzung - Le Mas de Champel<\/title>\n<meta name=\"description\" content=\"RECHTLICHE INFORMATIONEN VERANTWORTLICH F\u00dcR DIE WEBSITE SAS Mas de Champel135 la Dolce Via07360 Les Ollieres-sur-EyrieuxGesch\u00e4ft(e):\" \/>\n<meta name=\"robots\" content=\"noindex, nofollow\" \/>\n<meta property=\"og:locale\" content=\"de_DE\" \/>\n<meta property=\"og:type\" content=\"article\" \/>\n<meta property=\"og:title\" content=\"Bedingungen f\u00fcr die Nutzung - Le Mas de Champel\" \/>\n<meta property=\"og:description\" content=\"RECHTLICHE INFORMATIONEN VERANTWORTLICH F\u00dcR DIE WEBSITE SAS Mas de Champel135 la Dolce Via07360 Les Ollieres-sur-EyrieuxGesch\u00e4ft(e):\" \/>\n<meta property=\"og:url\" content=\"https:\/\/masdechampel.geek-tonic.dev\/de\/rechtshinweis\/\" \/>\n<meta property=\"og:site_name\" content=\"Le Mas de Champel\" \/>\n<meta property=\"article:modified_time\" content=\"2024-03-26T08:18:40+00:00\" \/>\n<meta name=\"twitter:card\" content=\"summary_large_image\" \/>\n<meta name=\"twitter:label1\" content=\"Gesch\u00e4tzte Lesezeit\" \/>\n\t<meta name=\"twitter:data1\" content=\"1\u00a0Minute\" \/>\n<script type=\"application\/ld+json\" class=\"yoast-schema-graph\">{\"@context\":\"https:\/\/schema.org\",\"@graph\":[{\"@type\":\"WebPage\",\"@id\":\"https:\/\/masdechampel.geek-tonic.dev\/de\/rechtshinweis\/\",\"url\":\"https:\/\/masdechampel.geek-tonic.dev\/de\/rechtshinweis\/\",\"name\":\"Bedingungen f\u00fcr die Nutzung - Le Mas de Champel\",\"isPartOf\":{\"@id\":\"https:\/\/masdechampel.geek-tonic.dev\/de\/#website\"},\"datePublished\":\"2024-03-26T08:18:39+00:00\",\"dateModified\":\"2024-03-26T08:18:40+00:00\",\"description\":\"RECHTLICHE INFORMATIONEN VERANTWORTLICH F\u00dcR DIE WEBSITE SAS Mas de Champel135 la Dolce Via07360 Les Ollieres-sur-EyrieuxGesch\u00e4ft(e):\",\"breadcrumb\":{\"@id\":\"https:\/\/masdechampel.geek-tonic.dev\/de\/rechtshinweis\/#breadcrumb\"},\"inLanguage\":\"de\",\"potentialAction\":[{\"@type\":\"ReadAction\",\"target\":[\"https:\/\/masdechampel.geek-tonic.dev\/de\/rechtshinweis\/\"]}]},{\"@type\":\"BreadcrumbList\",\"@id\":\"https:\/\/masdechampel.geek-tonic.dev\/de\/rechtshinweis\/#breadcrumb\",\"itemListElement\":[{\"@type\":\"ListItem\",\"position\":1,\"name\":\"Camping Ard\u00e8che\",\"item\":\"https:\/\/masdechampel.geek-tonic.dev\/de\/\"},{\"@type\":\"ListItem\",\"position\":2,\"name\":\"Bedingungen f\u00fcr die Nutzung\"}]},{\"@type\":\"WebSite\",\"@id\":\"https:\/\/masdechampel.geek-tonic.dev\/de\/#website\",\"url\":\"https:\/\/masdechampel.geek-tonic.dev\/de\/\",\"name\":\"Le Mas de Champel\",\"description\":\"\",\"publisher\":{\"@id\":\"https:\/\/masdechampel.geek-tonic.dev\/de\/#organization\"},\"potentialAction\":[{\"@type\":\"SearchAction\",\"target\":{\"@type\":\"EntryPoint\",\"urlTemplate\":\"https:\/\/masdechampel.geek-tonic.dev\/de\/?s={search_term_string}\"},\"query-input\":{\"@type\":\"PropertyValueSpecification\",\"valueRequired\":true,\"valueName\":\"search_term_string\"}}],\"inLanguage\":\"de\"},{\"@type\":\"Organization\",\"@id\":\"https:\/\/masdechampel.geek-tonic.dev\/de\/#organization\",\"name\":\"Le Mas de Champel\",\"url\":\"https:\/\/masdechampel.geek-tonic.dev\/de\/\",\"logo\":{\"@type\":\"ImageObject\",\"inLanguage\":\"de\",\"@id\":\"https:\/\/masdechampel.geek-tonic.dev\/de\/#\/schema\/logo\/image\/\",\"url\":\"https:\/\/masdechampel.geek-tonic.dev\/wp-content\/uploads\/sites\/9\/2023\/03\/cropped-logo-Flower-camping-Le-Mas-de-Champel.png\",\"contentUrl\":\"https:\/\/masdechampel.geek-tonic.dev\/wp-content\/uploads\/sites\/9\/2023\/03\/cropped-logo-Flower-camping-Le-Mas-de-Champel.png\",\"width\":500,\"height\":660,\"caption\":\"Le Mas de Champel\"},\"image\":{\"@id\":\"https:\/\/masdechampel.geek-tonic.dev\/de\/#\/schema\/logo\/image\/\"}}]}<\/script>\n<!-- \/ Yoast SEO plugin. -->","yoast_head_json":{"title":"Bedingungen f\u00fcr die Nutzung - Le Mas de Champel","description":"RECHTLICHE INFORMATIONEN VERANTWORTLICH F\u00dcR DIE WEBSITE SAS Mas de Champel135 la Dolce Via07360 Les Ollieres-sur-EyrieuxGesch\u00e4ft(e):","robots":{"index":"noindex","follow":"nofollow"},"og_locale":"de_DE","og_type":"article","og_title":"Bedingungen f\u00fcr die Nutzung - Le Mas de Champel","og_description":"RECHTLICHE INFORMATIONEN VERANTWORTLICH F\u00dcR DIE WEBSITE SAS Mas de Champel135 la Dolce Via07360 Les Ollieres-sur-EyrieuxGesch\u00e4ft(e):","og_url":"https:\/\/masdechampel.geek-tonic.dev\/de\/rechtshinweis\/","og_site_name":"Le Mas de Champel","article_modified_time":"2024-03-26T08:18:40+00:00","twitter_card":"summary_large_image","twitter_misc":{"Gesch\u00e4tzte Lesezeit":"1\u00a0Minute"},"schema":{"@context":"https:\/\/schema.org","@graph":[{"@type":"WebPage","@id":"https:\/\/masdechampel.geek-tonic.dev\/de\/rechtshinweis\/","url":"https:\/\/masdechampel.geek-tonic.dev\/de\/rechtshinweis\/","name":"Bedingungen f\u00fcr die Nutzung - Le Mas de Champel","isPartOf":{"@id":"https:\/\/masdechampel.geek-tonic.dev\/de\/#website"},"datePublished":"2024-03-26T08:18:39+00:00","dateModified":"2024-03-26T08:18:40+00:00","description":"RECHTLICHE INFORMATIONEN VERANTWORTLICH F\u00dcR DIE WEBSITE SAS Mas de Champel135 la Dolce Via07360 Les Ollieres-sur-EyrieuxGesch\u00e4ft(e):","breadcrumb":{"@id":"https:\/\/masdechampel.geek-tonic.dev\/de\/rechtshinweis\/#breadcrumb"},"inLanguage":"de","potentialAction":[{"@type":"ReadAction","target":["https:\/\/masdechampel.geek-tonic.dev\/de\/rechtshinweis\/"]}]},{"@type":"BreadcrumbList","@id":"https:\/\/masdechampel.geek-tonic.dev\/de\/rechtshinweis\/#breadcrumb","itemListElement":[{"@type":"ListItem","position":1,"name":"Camping Ard\u00e8che","item":"https:\/\/masdechampel.geek-tonic.dev\/de\/"},{"@type":"ListItem","position":2,"name":"Bedingungen f\u00fcr die Nutzung"}]},{"@type":"WebSite","@id":"https:\/\/masdechampel.geek-tonic.dev\/de\/#website","url":"https:\/\/masdechampel.geek-tonic.dev\/de\/","name":"Le Mas de Champel","description":"","publisher":{"@id":"https:\/\/masdechampel.geek-tonic.dev\/de\/#organization"},"potentialAction":[{"@type":"SearchAction","target":{"@type":"EntryPoint","urlTemplate":"https:\/\/masdechampel.geek-tonic.dev\/de\/?s={search_term_string}"},"query-input":{"@type":"PropertyValueSpecification","valueRequired":true,"valueName":"search_term_string"}}],"inLanguage":"de"},{"@type":"Organization","@id":"https:\/\/masdechampel.geek-tonic.dev\/de\/#organization","name":"Le Mas de Champel","url":"https:\/\/masdechampel.geek-tonic.dev\/de\/","logo":{"@type":"ImageObject","inLanguage":"de","@id":"https:\/\/masdechampel.geek-tonic.dev\/de\/#\/schema\/logo\/image\/","url":"https:\/\/masdechampel.geek-tonic.dev\/wp-content\/uploads\/sites\/9\/2023\/03\/cropped-logo-Flower-camping-Le-Mas-de-Champel.png","contentUrl":"https:\/\/masdechampel.geek-tonic.dev\/wp-content\/uploads\/sites\/9\/2023\/03\/cropped-logo-Flower-camping-Le-Mas-de-Champel.png","width":500,"height":660,"caption":"Le Mas de Champel"},"image":{"@id":"https:\/\/masdechampel.geek-tonic.dev\/de\/#\/schema\/logo\/image\/"}}]}},"_links":{"self":[{"href":"https:\/\/masdechampel.geek-tonic.dev\/de\/wp-json\/wp\/v2\/pages\/2530","targetHints":{"allow":["GET"]}}],"collection":[{"href":"https:\/\/masdechampel.geek-tonic.dev\/de\/wp-json\/wp\/v2\/pages"}],"about":[{"href":"https:\/\/masdechampel.geek-tonic.dev\/de\/wp-json\/wp\/v2\/types\/page"}],"author":[{"embeddable":true,"href":"https:\/\/masdechampel.geek-tonic.dev\/de\/wp-json\/wp\/v2\/users\/1"}],"replies":[{"embeddable":true,"href":"https:\/\/masdechampel.geek-tonic.dev\/de\/wp-json\/wp\/v2\/comments?post=2530"}],"version-history":[{"count":1,"href":"https:\/\/masdechampel.geek-tonic.dev\/de\/wp-json\/wp\/v2\/pages\/2530\/revisions"}],"predecessor-version":[{"id":2531,"href":"https:\/\/masdechampel.geek-tonic.dev\/de\/wp-json\/wp\/v2\/pages\/2530\/revisions\/2531"}],"wp:attachment":[{"href":"https:\/\/masdechampel.geek-tonic.dev\/de\/wp-json\/wp\/v2\/media?parent=2530"}],"wp:term":[{"taxonomy":"sujet","embeddable":true,"href":"https:\/\/masdechampel.geek-tonic.dev\/de\/wp-json\/wp\/v2\/sujet?post=2530"}],"curies":[{"name":"wp","href":"https:\/\/api.w.org\/{rel}","templated":true}]}}